{"id":2405,"date":"2023-10-10T18:01:23","date_gmt":"2023-10-10T18:01:23","guid":{"rendered":"https:\/\/avrupaubkdental.com\/komposit-referenzen-in-der-aesthetik-des-frontzahnbereichs\/"},"modified":"2023-10-10T18:02:54","modified_gmt":"2023-10-10T18:02:54","slug":"komposit-referenzen-in-der-aesthetik-des-frontzahnbereichs","status":"publish","type":"page","link":"https:\/\/avrupaubkdental.com\/de\/komposit-referenzen-in-der-aesthetik-des-frontzahnbereichs\/","title":{"rendered":"Komposit-Referenzen in der \u00c4sthetik des Frontzahnbereichs"},"content":{"rendered":"\t\t<div data-elementor-type=\"wp-page\" data-elementor-id=\"2405\" class=\"elementor elementor-2405 elementor-477\">\n\t\t\t\t\t\t<div class=\"elementor-inner\">\n\t\t\t\t<div class=\"elementor-section-wrap\">\n\t\t\t\t\t\t\t\t\t<section class=\"elementor-section elementor-top-section elementor-element elementor-element-654f9d36 elementor-section-height-min-height elementor-section-boxed elementor-section-height-default elementor-section-items-middle\" data-id=\"654f9d36\" data-element_type=\"section\" data-settings=\"{&quot;background_background&quot;:&quot;classic&quot;}\">\n\t\t\t\t\t\t\t<div class=\"elementor-background-overlay\"><\/div>\n\t\t\t\t\t\t\t<div class=\"elementor-container elementor-column-gap-default\">\n\t\t\t\t\t\t\t<div class=\"elementor-row\">\n\t\t\t\t\t<div class=\"aux-parallax-section elementor-column elementor-col-100 elementor-top-column elementor-element elementor-element-ef724f9\" data-id=\"ef724f9\" data-element_type=\"column\" data-settings=\"{&quot;background_background&quot;:&quot;classic&quot;}\">\n\t\t\t<div class=\"elementor-column-wrap elementor-element-populated\">\n\t\t\t\t\t\t\t<div class=\"elementor-widget-wrap\">\n\t\t\t\t\t\t<div class=\"elementor-element elementor-element-656e2868 elementor-widget elementor-widget-heading\" data-id=\"656e2868\" data-element_type=\"widget\" data-widget_type=\"heading.default\">\n\t\t\t\t<div class=\"elementor-widget-container\">\n\t\t\t<h2 class=\"elementor-heading-title elementor-size-default\">Komposit-Referenzen in der \u00c4sthetik des Frontzahnbereichs<\/h2>\t\t<\/div>\n\t\t\t\t<\/div>\n\t\t\t\t\t\t<\/div>\n\t\t\t\t\t<\/div>\n\t\t<\/div>\n\t\t\t\t\t\t\t\t<\/div>\n\t\t\t\t\t<\/div>\n\t\t<\/section>\n\t\t\t\t<section class=\"elementor-section elementor-top-section elementor-element elementor-element-2c0d9331 header2 elementor-section-boxed elementor-section-height-default elementor-section-height-default\" data-id=\"2c0d9331\" data-element_type=\"section\">\n\t\t\t\t\t\t<div class=\"elementor-container elementor-column-gap-default\">\n\t\t\t\t\t\t\t<div class=\"elementor-row\">\n\t\t\t\t\t<div class=\"aux-parallax-section elementor-column elementor-col-100 elementor-top-column elementor-element elementor-element-201039b4\" data-id=\"201039b4\" data-element_type=\"column\">\n\t\t\t<div class=\"elementor-column-wrap elementor-element-populated\">\n\t\t\t\t\t\t\t<div class=\"elementor-widget-wrap\">\n\t\t\t\t\t\t<div class=\"elementor-element elementor-element-1f23ec1d elementor-widget elementor-widget-image\" data-id=\"1f23ec1d\" data-element_type=\"widget\" data-widget_type=\"image.default\">\n\t\t\t\t<div class=\"elementor-widget-container\">\n\t\t\t\t\t\t\t\t<div class=\"elementor-image\">\n\t\t\t\t\t\t\t\t\t\t\t\t<img decoding=\"async\" width=\"1200\" height=\"800\" src=\"https:\/\/avrupaubkdental.com\/wp-content\/uploads\/2023\/09\/disciler.png\" class=\"attachment-full size-full wp-image-1834\" alt=\"\" srcset=\"https:\/\/avrupaubkdental.com\/wp-content\/uploads\/2023\/09\/disciler.png 1200w, https:\/\/avrupaubkdental.com\/wp-content\/uploads\/2023\/09\/disciler-200x133.png 200w\" sizes=\"(max-width: 1200px) 100vw, 1200px\" \/>\t\t\t\t\t\t\t\t\t\t\t\t\t\t<\/div>\n\t\t\t\t\t\t<\/div>\n\t\t\t\t<\/div>\n\t\t\t\t\t\t<\/div>\n\t\t\t\t\t<\/div>\n\t\t<\/div>\n\t\t\t\t\t\t\t\t<\/div>\n\t\t\t\t\t<\/div>\n\t\t<\/section>\n\t\t\t\t<section class=\"elementor-section elementor-top-section elementor-element elementor-element-46aa4c9a elementor-section-boxed elementor-section-height-default elementor-section-height-default\" data-id=\"46aa4c9a\" data-element_type=\"section\" id=\"abutment\" data-settings=\"{&quot;background_background&quot;:&quot;classic&quot;}\">\n\t\t\t\t\t\t<div class=\"elementor-container elementor-column-gap-default\">\n\t\t\t\t\t\t\t<div class=\"elementor-row\">\n\t\t\t\t\t<div class=\"aux-parallax-section elementor-column elementor-col-50 elementor-top-column elementor-element elementor-element-446cc76\" data-id=\"446cc76\" data-element_type=\"column\">\n\t\t\t<div class=\"elementor-column-wrap elementor-element-populated\">\n\t\t\t\t\t\t\t<div class=\"elementor-widget-wrap\">\n\t\t\t\t\t\t<div class=\"elementor-element elementor-element-3af17210 elementor-widget elementor-widget-text-editor\" data-id=\"3af17210\" data-element_type=\"widget\" data-widget_type=\"text-editor.default\">\n\t\t\t\t<div class=\"elementor-widget-container\">\n\t\t\t\t\t\t\t\t<div class=\"elementor-text-editor elementor-clearfix\">\n\t\t\t\t<p>Die \u00c4sthetik im Frontzahnbereich ist ein sehr wichtiges Thema in der Zahnmedizin, und es gibt viele Techniken, die zur Verbesserung des Aussehens der Frontz\u00e4hne der Patienten eingesetzt werden. In diesem Artikel werden wir ausf\u00fchrliche Informationen \u00fcber Kompositreferenzen geben, die bei \u00e4sthetischen Anwendungen im Frontzahnbereich verwendet werden.<\/p><p>Die \u00c4sthetik im Frontzahnbereich umfasst eine Reihe von Behandlungen, mit denen \u00e4sthetische Probleme an den Frontz\u00e4hnen der Patienten gel\u00f6st werden sollen. Zu diesen Behandlungen geh\u00f6ren verschiedene Optionen wie Zahnaufhellung, Porzellanlaminate, Zirkoniumbr\u00fccken und Kompositf\u00fcllungen. In diesem Artikel werden wir uns speziell auf Kompositf\u00fcllungen konzentrieren.<\/p>\t\t\t\t\t<\/div>\n\t\t\t\t\t\t<\/div>\n\t\t\t\t<\/div>\n\t\t\t\t\t\t<\/div>\n\t\t\t\t\t<\/div>\n\t\t<\/div>\n\t\t\t\t<div class=\"aux-parallax-section elementor-column elementor-col-50 elementor-top-column elementor-element elementor-element-8697517 header1\" data-id=\"8697517\" data-element_type=\"column\">\n\t\t\t<div class=\"elementor-column-wrap elementor-element-populated\">\n\t\t\t\t\t\t\t<div class=\"elementor-widget-wrap\">\n\t\t\t\t\t\t<div class=\"elementor-element elementor-element-44d09037 elementor-widget elementor-widget-image\" data-id=\"44d09037\" data-element_type=\"widget\" data-widget_type=\"image.default\">\n\t\t\t\t<div class=\"elementor-widget-container\">\n\t\t\t\t\t\t\t\t<div class=\"elementor-image\">\n\t\t\t\t\t\t\t\t\t\t\t\t<img decoding=\"async\" width=\"800\" height=\"533\" src=\"https:\/\/avrupaubkdental.com\/wp-content\/uploads\/2023\/09\/325.png\" class=\"attachment-full size-full wp-image-1986\" alt=\"\" srcset=\"https:\/\/avrupaubkdental.com\/wp-content\/uploads\/2023\/09\/325.png 800w, https:\/\/avrupaubkdental.com\/wp-content\/uploads\/2023\/09\/325-200x133.png 200w\" sizes=\"(max-width: 800px) 100vw, 800px\" \/>\t\t\t\t\t\t\t\t\t\t\t\t\t\t<\/div>\n\t\t\t\t\t\t<\/div>\n\t\t\t\t<\/div>\n\t\t\t\t\t\t<\/div>\n\t\t\t\t\t<\/div>\n\t\t<\/div>\n\t\t\t\t\t\t\t\t<\/div>\n\t\t\t\t\t<\/div>\n\t\t<\/section>\n\t\t\t\t<section class=\"elementor-section elementor-top-section elementor-element elementor-element-ede67a elementor-section-boxed elementor-section-height-default elementor-section-height-default\" data-id=\"ede67a\" data-element_type=\"section\" id=\"tur\" data-settings=\"{&quot;background_background&quot;:&quot;classic&quot;}\">\n\t\t\t\t\t\t<div class=\"elementor-container elementor-column-gap-default\">\n\t\t\t\t\t\t\t<div class=\"elementor-row\">\n\t\t\t\t\t<div class=\"aux-parallax-section elementor-column elementor-col-50 elementor-top-column elementor-element elementor-element-3ac362fd\" data-id=\"3ac362fd\" data-element_type=\"column\">\n\t\t\t<div class=\"elementor-column-wrap elementor-element-populated\">\n\t\t\t\t\t\t\t<div class=\"elementor-widget-wrap\">\n\t\t\t\t\t\t<div class=\"elementor-element elementor-element-371f7ff5 elementor-widget elementor-widget-text-editor\" data-id=\"371f7ff5\" data-element_type=\"widget\" data-widget_type=\"text-editor.default\">\n\t\t\t\t<div class=\"elementor-widget-container\">\n\t\t\t\t\t\t\t\t<div class=\"elementor-text-editor elementor-clearfix\">\n\t\t\t\t<ol><li>Farbauswahl: Kompositreferenzen helfen Zahn\u00e4rzten, die nat\u00fcrliche Zahnfarbe des Patienten genau zu treffen. Dadurch wird sichergestellt, dass die neue Zahnfarbe des Patienten nat\u00fcrlich aussieht und das \u00e4sthetische Ergebnis verbessert wird.<br \/>Form und Gr\u00f6\u00dfe: Kompositreferenzen helfen Zahn\u00e4rzten, die Form und Gr\u00f6\u00dfe der Z\u00e4hne des Patienten zu beurteilen. So k\u00f6nnen Zahn\u00e4rzte gemeinsam mit dem Patienten das gew\u00fcnschte Ergebnis besser einsch\u00e4tzen.<br \/>Fototranskription: Kompositreferenzen k\u00f6nnen bei der Aufnahme von intraoralen Fotos des Patienten verwendet werden. Diese Fotos spielen eine wichtige Rolle bei der Behandlungsplanung und der Bewertung der Ergebnisse.<br \/>Provisorische Versorgungen: Kompositreferenzen k\u00f6nnen verwendet werden, um provisorische Versorgungen f\u00fcr den Patienten anzufertigen. Diese provisorischen Versorgungen helfen dem Patienten, das \u00e4sthetische Ergebnis zu sehen und zu best\u00e4tigen.<br \/>Kommunikationsmittel: Kompositreferenzen erleichtern die Kommunikation zwischen Zahn\u00e4rzten und Patienten. Sie werden verwendet, um die Behandlungsplanung und die Ergebnisse mit dem Patienten zu besprechen.<\/li><\/ol>\t\t\t\t\t<\/div>\n\t\t\t\t\t\t<\/div>\n\t\t\t\t<\/div>\n\t\t\t\t\t\t<\/div>\n\t\t\t\t\t<\/div>\n\t\t<\/div>\n\t\t\t\t<div class=\"aux-parallax-section elementor-column elementor-col-50 elementor-top-column elementor-element elementor-element-7544757b\" data-id=\"7544757b\" data-element_type=\"column\">\n\t\t\t<div class=\"elementor-column-wrap elementor-element-populated\">\n\t\t\t\t\t\t\t<div class=\"elementor-widget-wrap\">\n\t\t\t\t\t\t<div class=\"elementor-element elementor-element-8b2acb elementor-widget elementor-widget-text-editor\" data-id=\"8b2acb\" data-element_type=\"widget\" data-widget_type=\"text-editor.default\">\n\t\t\t\t<div class=\"elementor-widget-container\">\n\t\t\t\t\t\t\t\t<div class=\"elementor-text-editor elementor-clearfix\">\n\t\t\t\t<p>Die korrekte Verwendung von Kompositreferenzen kann den Erfolg von \u00e4sthetischen Behandlungen im Frontzahnbereich steigern. Wenn Zahn\u00e4rzte diese Referenzen sorgf\u00e4ltig verwenden, k\u00f6nnen sie \u00e4sthetische Ergebnisse erzielen, die den Erwartungen ihrer Patienten entsprechen.<\/p><p>Zusammenfassend l\u00e4sst sich sagen, dass Kompositreferenzen in der Frontzahn\u00e4sthetik wichtige Hilfsmittel sind, die Zahn\u00e4rzte bei der L\u00f6sung \u00e4sthetischer Probleme ihrer Patienten unterst\u00fctzen. Mit der richtigen Wahl von Farbe, Form und Gr\u00f6\u00dfe k\u00f6nnen Kompositreferenzen die Zufriedenheit der Patienten erh\u00f6hen und den Erfolg der \u00e4sthetischen Ergebnisse verbessern. Daher sollten Zahn\u00e4rzte diese Referenzen bei \u00e4sthetischen Anwendungen im Frontzahnbereich geschickt einsetzen.<\/p>\t\t\t\t\t<\/div>\n\t\t\t\t\t\t<\/div>\n\t\t\t\t<\/div>\n\t\t\t\t\t\t<\/div>\n\t\t\t\t\t<\/div>\n\t\t<\/div>\n\t\t\t\t\t\t\t\t<\/div>\n\t\t\t\t\t<\/div>\n\t\t<\/section>\n\t\t\t\t\t\t\t\t\t<\/div>\n\t\t\t<\/div>\n\t\t\t\t\t<\/div>\n\t\t","protected":false},"excerpt":{"rendered":"<p>Komposit-Referenzen in der \u00c4sthetik des Frontzahnbereichs Die \u00c4sthetik im Frontzahnbereich ist ein sehr wichtiges Thema in der Zahnmedizin, und es gibt viele Techniken, die zur Verbesserung des Aussehens der Frontz\u00e4hne der Patienten eingesetzt werden. In diesem Artikel werden wir ausf\u00fchrliche Informationen \u00fcber Kompositreferenzen geben, die bei \u00e4sthetischen Anwendungen im Frontzahnbereich verwendet werden. Die \u00c4sthetik im [&hellip;]<\/p>\n","protected":false},"author":1,"featured_media":0,"parent":0,"menu_order":0,"comment_status":"closed","ping_status":"closed","template":"elementor_header_footer","meta":{"_joinchat":[],"footnotes":""},"class_list":["post-2405","page","type-page","status-publish","hentry"],"yoast_head":"<!-- This site is optimized with the Yoast SEO plugin v27.4 - https:\/\/yoast.com\/product\/yoast-seo-wordpress\/ -->\n<title>Komposit-Referenzen in der \u00c4sthetik des Frontzahnbereichs - Avrupa UBK Dental Bayrampa\u015fa<\/title>\n<meta name=\"robots\" content=\"index, follow, max-snippet:-1, max-image-preview:large, max-video-preview:-1\" \/>\n<link rel=\"canonical\" href=\"https:\/\/avrupaubkdental.com\/de\/komposit-referenzen-in-der-aesthetik-des-frontzahnbereichs\/\" \/>\n<meta property=\"og:locale\" content=\"de_DE\" \/>\n<meta property=\"og:type\" content=\"article\" \/>\n<meta property=\"og:title\" content=\"Komposit-Referenzen in der \u00c4sthetik des Frontzahnbereichs - Avrupa UBK Dental Bayrampa\u015fa\" \/>\n<meta property=\"og:description\" content=\"Komposit-Referenzen in der \u00c4sthetik des Frontzahnbereichs Die \u00c4sthetik im Frontzahnbereich ist ein sehr wichtiges Thema in der Zahnmedizin, und es gibt viele Techniken, die zur Verbesserung des Aussehens der Frontz\u00e4hne der Patienten eingesetzt werden. In diesem Artikel werden wir ausf\u00fchrliche Informationen \u00fcber Kompositreferenzen geben, die bei \u00e4sthetischen Anwendungen im Frontzahnbereich verwendet werden. Die \u00c4sthetik im [&hellip;]\" \/>\n<meta property=\"og:url\" content=\"https:\/\/avrupaubkdental.com\/de\/komposit-referenzen-in-der-aesthetik-des-frontzahnbereichs\/\" \/>\n<meta property=\"og:site_name\" content=\"Avrupa UBK Dental Bayrampa\u015fa\" \/>\n<meta property=\"article:modified_time\" content=\"2023-10-10T18:02:54+00:00\" \/>\n<meta property=\"og:image\" content=\"http:\/\/avrupaubkdental.com\/wp-content\/uploads\/2023\/09\/disciler.png\" \/>\n<meta name=\"twitter:card\" content=\"summary_large_image\" \/>\n<meta name=\"twitter:label1\" content=\"Gesch\u00e4tzte Lesezeit\" \/>\n\t<meta name=\"twitter:data1\" content=\"2\u00a0Minuten\" \/>\n<script type=\"application\/ld+json\" class=\"yoast-schema-graph\">{\"@context\":\"https:\\\/\\\/schema.org\",\"@graph\":[{\"@type\":\"WebPage\",\"@id\":\"https:\\\/\\\/avrupaubkdental.com\\\/de\\\/komposit-referenzen-in-der-aesthetik-des-frontzahnbereichs\\\/\",\"url\":\"https:\\\/\\\/avrupaubkdental.com\\\/de\\\/komposit-referenzen-in-der-aesthetik-des-frontzahnbereichs\\\/\",\"name\":\"Komposit-Referenzen in der \u00c4sthetik des Frontzahnbereichs - Avrupa UBK Dental Bayrampa\u015fa\",\"isPartOf\":{\"@id\":\"https:\\\/\\\/avrupaubkdental.com\\\/de\\\/#website\"},\"primaryImageOfPage\":{\"@id\":\"https:\\\/\\\/avrupaubkdental.com\\\/de\\\/komposit-referenzen-in-der-aesthetik-des-frontzahnbereichs\\\/#primaryimage\"},\"image\":{\"@id\":\"https:\\\/\\\/avrupaubkdental.com\\\/de\\\/komposit-referenzen-in-der-aesthetik-des-frontzahnbereichs\\\/#primaryimage\"},\"thumbnailUrl\":\"http:\\\/\\\/avrupaubkdental.com\\\/wp-content\\\/uploads\\\/2023\\\/09\\\/disciler.png\",\"datePublished\":\"2023-10-10T18:01:23+00:00\",\"dateModified\":\"2023-10-10T18:02:54+00:00\",\"breadcrumb\":{\"@id\":\"https:\\\/\\\/avrupaubkdental.com\\\/de\\\/komposit-referenzen-in-der-aesthetik-des-frontzahnbereichs\\\/#breadcrumb\"},\"inLanguage\":\"de\",\"potentialAction\":[{\"@type\":\"ReadAction\",\"target\":[\"https:\\\/\\\/avrupaubkdental.com\\\/de\\\/komposit-referenzen-in-der-aesthetik-des-frontzahnbereichs\\\/\"]}]},{\"@type\":\"ImageObject\",\"inLanguage\":\"de\",\"@id\":\"https:\\\/\\\/avrupaubkdental.com\\\/de\\\/komposit-referenzen-in-der-aesthetik-des-frontzahnbereichs\\\/#primaryimage\",\"url\":\"http:\\\/\\\/avrupaubkdental.com\\\/wp-content\\\/uploads\\\/2023\\\/09\\\/disciler.png\",\"contentUrl\":\"http:\\\/\\\/avrupaubkdental.com\\\/wp-content\\\/uploads\\\/2023\\\/09\\\/disciler.png\"},{\"@type\":\"BreadcrumbList\",\"@id\":\"https:\\\/\\\/avrupaubkdental.com\\\/de\\\/komposit-referenzen-in-der-aesthetik-des-frontzahnbereichs\\\/#breadcrumb\",\"itemListElement\":[{\"@type\":\"ListItem\",\"position\":1,\"name\":\"Home\",\"item\":\"https:\\\/\\\/avrupaubkdental.com\\\/de\\\/\"},{\"@type\":\"ListItem\",\"position\":2,\"name\":\"Komposit-Referenzen in der \u00c4sthetik des Frontzahnbereichs\"}]},{\"@type\":\"WebSite\",\"@id\":\"https:\\\/\\\/avrupaubkdental.com\\\/de\\\/#website\",\"url\":\"https:\\\/\\\/avrupaubkdental.com\\\/de\\\/\",\"name\":\"Avrupa UBK Dental\",\"description\":\"\",\"publisher\":{\"@id\":\"https:\\\/\\\/avrupaubkdental.com\\\/de\\\/#organization\"},\"potentialAction\":[{\"@type\":\"SearchAction\",\"target\":{\"@type\":\"EntryPoint\",\"urlTemplate\":\"https:\\\/\\\/avrupaubkdental.com\\\/de\\\/?s={search_term_string}\"},\"query-input\":{\"@type\":\"PropertyValueSpecification\",\"valueRequired\":true,\"valueName\":\"search_term_string\"}}],\"inLanguage\":\"de\"},{\"@type\":\"Organization\",\"@id\":\"https:\\\/\\\/avrupaubkdental.com\\\/de\\\/#organization\",\"name\":\"Avrupa UBK Dental\",\"url\":\"https:\\\/\\\/avrupaubkdental.com\\\/de\\\/\",\"logo\":{\"@type\":\"ImageObject\",\"inLanguage\":\"de\",\"@id\":\"https:\\\/\\\/avrupaubkdental.com\\\/de\\\/#\\\/schema\\\/logo\\\/image\\\/\",\"url\":\"https:\\\/\\\/avrupaubkdental.com\\\/wp-content\\\/uploads\\\/2023\\\/09\\\/cropped-AVR.-DIK-DUZ-SATIR-PNG.png\",\"contentUrl\":\"https:\\\/\\\/avrupaubkdental.com\\\/wp-content\\\/uploads\\\/2023\\\/09\\\/cropped-AVR.-DIK-DUZ-SATIR-PNG.png\",\"width\":150,\"height\":150,\"caption\":\"Avrupa UBK Dental\"},\"image\":{\"@id\":\"https:\\\/\\\/avrupaubkdental.com\\\/de\\\/#\\\/schema\\\/logo\\\/image\\\/\"},\"sameAs\":[\"https:\\\/\\\/www.instagram.com\\\/avrupaubkdental\\\/\"]}]}<\/script>\n<!-- \/ Yoast SEO plugin. -->","yoast_head_json":{"title":"Komposit-Referenzen in der \u00c4sthetik des Frontzahnbereichs - Avrupa UBK Dental Bayrampa\u015fa","robots":{"index":"index","follow":"follow","max-snippet":"max-snippet:-1","max-image-preview":"max-image-preview:large","max-video-preview":"max-video-preview:-1"},"canonical":"https:\/\/avrupaubkdental.com\/de\/komposit-referenzen-in-der-aesthetik-des-frontzahnbereichs\/","og_locale":"de_DE","og_type":"article","og_title":"Komposit-Referenzen in der \u00c4sthetik des Frontzahnbereichs - Avrupa UBK Dental Bayrampa\u015fa","og_description":"Komposit-Referenzen in der \u00c4sthetik des Frontzahnbereichs Die \u00c4sthetik im Frontzahnbereich ist ein sehr wichtiges Thema in der Zahnmedizin, und es gibt viele Techniken, die zur Verbesserung des Aussehens der Frontz\u00e4hne der Patienten eingesetzt werden. In diesem Artikel werden wir ausf\u00fchrliche Informationen \u00fcber Kompositreferenzen geben, die bei \u00e4sthetischen Anwendungen im Frontzahnbereich verwendet werden. Die \u00c4sthetik im [&hellip;]","og_url":"https:\/\/avrupaubkdental.com\/de\/komposit-referenzen-in-der-aesthetik-des-frontzahnbereichs\/","og_site_name":"Avrupa UBK Dental Bayrampa\u015fa","article_modified_time":"2023-10-10T18:02:54+00:00","og_image":[{"url":"http:\/\/avrupaubkdental.com\/wp-content\/uploads\/2023\/09\/disciler.png","type":"","width":"","height":""}],"twitter_card":"summary_large_image","twitter_misc":{"Gesch\u00e4tzte Lesezeit":"2\u00a0Minuten"},"schema":{"@context":"https:\/\/schema.org","@graph":[{"@type":"WebPage","@id":"https:\/\/avrupaubkdental.com\/de\/komposit-referenzen-in-der-aesthetik-des-frontzahnbereichs\/","url":"https:\/\/avrupaubkdental.com\/de\/komposit-referenzen-in-der-aesthetik-des-frontzahnbereichs\/","name":"Komposit-Referenzen in der \u00c4sthetik des Frontzahnbereichs - Avrupa UBK Dental Bayrampa\u015fa","isPartOf":{"@id":"https:\/\/avrupaubkdental.com\/de\/#website"},"primaryImageOfPage":{"@id":"https:\/\/avrupaubkdental.com\/de\/komposit-referenzen-in-der-aesthetik-des-frontzahnbereichs\/#primaryimage"},"image":{"@id":"https:\/\/avrupaubkdental.com\/de\/komposit-referenzen-in-der-aesthetik-des-frontzahnbereichs\/#primaryimage"},"thumbnailUrl":"http:\/\/avrupaubkdental.com\/wp-content\/uploads\/2023\/09\/disciler.png","datePublished":"2023-10-10T18:01:23+00:00","dateModified":"2023-10-10T18:02:54+00:00","breadcrumb":{"@id":"https:\/\/avrupaubkdental.com\/de\/komposit-referenzen-in-der-aesthetik-des-frontzahnbereichs\/#breadcrumb"},"inLanguage":"de","potentialAction":[{"@type":"ReadAction","target":["https:\/\/avrupaubkdental.com\/de\/komposit-referenzen-in-der-aesthetik-des-frontzahnbereichs\/"]}]},{"@type":"ImageObject","inLanguage":"de","@id":"https:\/\/avrupaubkdental.com\/de\/komposit-referenzen-in-der-aesthetik-des-frontzahnbereichs\/#primaryimage","url":"http:\/\/avrupaubkdental.com\/wp-content\/uploads\/2023\/09\/disciler.png","contentUrl":"http:\/\/avrupaubkdental.com\/wp-content\/uploads\/2023\/09\/disciler.png"},{"@type":"BreadcrumbList","@id":"https:\/\/avrupaubkdental.com\/de\/komposit-referenzen-in-der-aesthetik-des-frontzahnbereichs\/#breadcrumb","itemListElement":[{"@type":"ListItem","position":1,"name":"Home","item":"https:\/\/avrupaubkdental.com\/de\/"},{"@type":"ListItem","position":2,"name":"Komposit-Referenzen in der \u00c4sthetik des Frontzahnbereichs"}]},{"@type":"WebSite","@id":"https:\/\/avrupaubkdental.com\/de\/#website","url":"https:\/\/avrupaubkdental.com\/de\/","name":"Avrupa UBK Dental","description":"","publisher":{"@id":"https:\/\/avrupaubkdental.com\/de\/#organization"},"potentialAction":[{"@type":"SearchAction","target":{"@type":"EntryPoint","urlTemplate":"https:\/\/avrupaubkdental.com\/de\/?s={search_term_string}"},"query-input":{"@type":"PropertyValueSpecification","valueRequired":true,"valueName":"search_term_string"}}],"inLanguage":"de"},{"@type":"Organization","@id":"https:\/\/avrupaubkdental.com\/de\/#organization","name":"Avrupa UBK Dental","url":"https:\/\/avrupaubkdental.com\/de\/","logo":{"@type":"ImageObject","inLanguage":"de","@id":"https:\/\/avrupaubkdental.com\/de\/#\/schema\/logo\/image\/","url":"https:\/\/avrupaubkdental.com\/wp-content\/uploads\/2023\/09\/cropped-AVR.-DIK-DUZ-SATIR-PNG.png","contentUrl":"https:\/\/avrupaubkdental.com\/wp-content\/uploads\/2023\/09\/cropped-AVR.-DIK-DUZ-SATIR-PNG.png","width":150,"height":150,"caption":"Avrupa UBK Dental"},"image":{"@id":"https:\/\/avrupaubkdental.com\/de\/#\/schema\/logo\/image\/"},"sameAs":["https:\/\/www.instagram.com\/avrupaubkdental\/"]}]}},"_links":{"self":[{"href":"https:\/\/avrupaubkdental.com\/de\/wp-json\/wp\/v2\/pages\/2405","targetHints":{"allow":["GET"]}}],"collection":[{"href":"https:\/\/avrupaubkdental.com\/de\/wp-json\/wp\/v2\/pages"}],"about":[{"href":"https:\/\/avrupaubkdental.com\/de\/wp-json\/wp\/v2\/types\/page"}],"author":[{"embeddable":true,"href":"https:\/\/avrupaubkdental.com\/de\/wp-json\/wp\/v2\/users\/1"}],"replies":[{"embeddable":true,"href":"https:\/\/avrupaubkdental.com\/de\/wp-json\/wp\/v2\/comments?post=2405"}],"version-history":[{"count":5,"href":"https:\/\/avrupaubkdental.com\/de\/wp-json\/wp\/v2\/pages\/2405\/revisions"}],"predecessor-version":[{"id":2410,"href":"https:\/\/avrupaubkdental.com\/de\/wp-json\/wp\/v2\/pages\/2405\/revisions\/2410"}],"wp:attachment":[{"href":"https:\/\/avrupaubkdental.com\/de\/wp-json\/wp\/v2\/media?parent=2405"}],"curies":[{"name":"wp","href":"https:\/\/api.w.org\/{rel}","templated":true}]}}