{"id":2462,"date":"2023-10-10T18:43:43","date_gmt":"2023-10-10T18:43:43","guid":{"rendered":"https:\/\/avrupaubkdental.com\/vier-implantatgetragene-festsitzende-prothesenkonzepte\/"},"modified":"2023-10-10T18:45:21","modified_gmt":"2023-10-10T18:45:21","slug":"vier-implantatgetragene-festsitzende-prothesenkonzepte","status":"publish","type":"page","link":"https:\/\/avrupaubkdental.com\/de\/vier-implantatgetragene-festsitzende-prothesenkonzepte\/","title":{"rendered":"Vier implantatgetragene festsitzende Prothesenkonzepte"},"content":{"rendered":"\t\t<div data-elementor-type=\"wp-page\" data-elementor-id=\"2462\" class=\"elementor elementor-2462 elementor-519\">\n\t\t\t\t\t\t<div class=\"elementor-inner\">\n\t\t\t\t<div class=\"elementor-section-wrap\">\n\t\t\t\t\t\t\t\t\t<section class=\"elementor-section elementor-top-section elementor-element elementor-element-3649131b elementor-section-height-min-height elementor-section-boxed elementor-section-height-default elementor-section-items-middle\" data-id=\"3649131b\" data-element_type=\"section\" data-settings=\"{&quot;background_background&quot;:&quot;classic&quot;}\">\n\t\t\t\t\t\t\t<div class=\"elementor-background-overlay\"><\/div>\n\t\t\t\t\t\t\t<div class=\"elementor-container elementor-column-gap-default\">\n\t\t\t\t\t\t\t<div class=\"elementor-row\">\n\t\t\t\t\t<div class=\"aux-parallax-section elementor-column elementor-col-100 elementor-top-column elementor-element elementor-element-1b750ace\" data-id=\"1b750ace\" data-element_type=\"column\" data-settings=\"{&quot;background_background&quot;:&quot;classic&quot;}\">\n\t\t\t<div class=\"elementor-column-wrap elementor-element-populated\">\n\t\t\t\t\t\t\t<div class=\"elementor-widget-wrap\">\n\t\t\t\t\t\t<div class=\"elementor-element elementor-element-4b96ec3b elementor-widget elementor-widget-heading\" data-id=\"4b96ec3b\" data-element_type=\"widget\" data-widget_type=\"heading.default\">\n\t\t\t\t<div class=\"elementor-widget-container\">\n\t\t\t<h2 class=\"elementor-heading-title elementor-size-default\">Vier implantatgetragene festsitzende Prothesenkonzepte<\/h2>\t\t<\/div>\n\t\t\t\t<\/div>\n\t\t\t\t\t\t<\/div>\n\t\t\t\t\t<\/div>\n\t\t<\/div>\n\t\t\t\t\t\t\t\t<\/div>\n\t\t\t\t\t<\/div>\n\t\t<\/section>\n\t\t\t\t<section class=\"elementor-section elementor-top-section elementor-element elementor-element-c0301b1 header2 elementor-section-boxed elementor-section-height-default elementor-section-height-default\" data-id=\"c0301b1\" data-element_type=\"section\">\n\t\t\t\t\t\t<div class=\"elementor-container elementor-column-gap-default\">\n\t\t\t\t\t\t\t<div class=\"elementor-row\">\n\t\t\t\t\t<div class=\"aux-parallax-section elementor-column elementor-col-100 elementor-top-column elementor-element elementor-element-2fb7e32e\" data-id=\"2fb7e32e\" data-element_type=\"column\">\n\t\t\t<div class=\"elementor-column-wrap elementor-element-populated\">\n\t\t\t\t\t\t\t<div class=\"elementor-widget-wrap\">\n\t\t\t\t\t\t<div class=\"elementor-element elementor-element-4090875d elementor-widget elementor-widget-image\" data-id=\"4090875d\" data-element_type=\"widget\" data-widget_type=\"image.default\">\n\t\t\t\t<div class=\"elementor-widget-container\">\n\t\t\t\t\t\t\t\t<div class=\"elementor-image\">\n\t\t\t\t\t\t\t\t\t\t\t\t<img decoding=\"async\" width=\"800\" height=\"533\" src=\"https:\/\/avrupaubkdental.com\/wp-content\/uploads\/2023\/09\/324567.png\" class=\"attachment-full size-full wp-image-2050\" alt=\"\" srcset=\"https:\/\/avrupaubkdental.com\/wp-content\/uploads\/2023\/09\/324567.png 800w, https:\/\/avrupaubkdental.com\/wp-content\/uploads\/2023\/09\/324567-200x133.png 200w\" sizes=\"(max-width: 800px) 100vw, 800px\" \/>\t\t\t\t\t\t\t\t\t\t\t\t\t\t<\/div>\n\t\t\t\t\t\t<\/div>\n\t\t\t\t<\/div>\n\t\t\t\t\t\t<\/div>\n\t\t\t\t\t<\/div>\n\t\t<\/div>\n\t\t\t\t\t\t\t\t<\/div>\n\t\t\t\t\t<\/div>\n\t\t<\/section>\n\t\t\t\t<section class=\"elementor-section elementor-top-section elementor-element elementor-element-d9dc3f6 elementor-section-boxed elementor-section-height-default elementor-section-height-default\" data-id=\"d9dc3f6\" data-element_type=\"section\" id=\"abutment\" data-settings=\"{&quot;background_background&quot;:&quot;classic&quot;}\">\n\t\t\t\t\t\t<div class=\"elementor-container elementor-column-gap-default\">\n\t\t\t\t\t\t\t<div class=\"elementor-row\">\n\t\t\t\t\t<div class=\"aux-parallax-section elementor-column elementor-col-50 elementor-top-column elementor-element elementor-element-79e5f6a\" data-id=\"79e5f6a\" data-element_type=\"column\">\n\t\t\t<div class=\"elementor-column-wrap elementor-element-populated\">\n\t\t\t\t\t\t\t<div class=\"elementor-widget-wrap\">\n\t\t\t\t\t\t<div class=\"elementor-element elementor-element-495d056e elementor-widget elementor-widget-text-editor\" data-id=\"495d056e\" data-element_type=\"widget\" data-widget_type=\"text-editor.default\">\n\t\t\t\t<div class=\"elementor-widget-container\">\n\t\t\t\t\t\t\t\t<div class=\"elementor-text-editor elementor-clearfix\">\n\t\t\t\t<p>Eine festsitzende Prothese auf vier Implantaten ist eine zahn\u00e4rztliche Behandlungsmethode, die dazu dient, fehlende Z\u00e4hne zu ersetzen und durch Zahnlosigkeit verursachte Probleme zu l\u00f6sen. Bei diesem Konzept werden vier Zahnimplantate (Schrauben, die die Zahnwurzel ersetzen) in den Kieferknochen eingesetzt und eine speziell entwickelte festsitzende Prothese auf diese Implantate gesetzt. Diese Prothese ersetzt die verlorenen Z\u00e4hne des Patienten und sorgt f\u00fcr ein vollst\u00e4ndiges L\u00e4cheln.<\/p>\t\t\t\t\t<\/div>\n\t\t\t\t\t\t<\/div>\n\t\t\t\t<\/div>\n\t\t\t\t\t\t<\/div>\n\t\t\t\t\t<\/div>\n\t\t<\/div>\n\t\t\t\t<div class=\"aux-parallax-section elementor-column elementor-col-50 elementor-top-column elementor-element elementor-element-7f4d20b0 header1\" data-id=\"7f4d20b0\" data-element_type=\"column\">\n\t\t\t<div class=\"elementor-column-wrap elementor-element-populated\">\n\t\t\t\t\t\t\t<div class=\"elementor-widget-wrap\">\n\t\t\t\t\t\t<div class=\"elementor-element elementor-element-38e3d24f elementor-widget elementor-widget-image\" data-id=\"38e3d24f\" data-element_type=\"widget\" data-widget_type=\"image.default\">\n\t\t\t\t<div class=\"elementor-widget-container\">\n\t\t\t\t\t\t\t\t<div class=\"elementor-image\">\n\t\t\t\t\t\t\t\t\t\t\t\t<img decoding=\"async\" width=\"800\" height=\"533\" src=\"https:\/\/avrupaubkdental.com\/wp-content\/uploads\/2023\/09\/324567.png\" class=\"attachment-full size-full wp-image-2050\" alt=\"\" srcset=\"https:\/\/avrupaubkdental.com\/wp-content\/uploads\/2023\/09\/324567.png 800w, https:\/\/avrupaubkdental.com\/wp-content\/uploads\/2023\/09\/324567-200x133.png 200w\" sizes=\"(max-width: 800px) 100vw, 800px\" \/>\t\t\t\t\t\t\t\t\t\t\t\t\t\t<\/div>\n\t\t\t\t\t\t<\/div>\n\t\t\t\t<\/div>\n\t\t\t\t\t\t<\/div>\n\t\t\t\t\t<\/div>\n\t\t<\/div>\n\t\t\t\t\t\t\t\t<\/div>\n\t\t\t\t\t<\/div>\n\t\t<\/section>\n\t\t\t\t<section class=\"elementor-section elementor-top-section elementor-element elementor-element-273ffcbf elementor-section-full_width elementor-section-height-default elementor-section-height-default\" data-id=\"273ffcbf\" data-element_type=\"section\" id=\"tur\" data-settings=\"{&quot;background_background&quot;:&quot;classic&quot;}\">\n\t\t\t\t\t\t<div class=\"elementor-container elementor-column-gap-default\">\n\t\t\t\t\t\t\t<div class=\"elementor-row\">\n\t\t\t\t\t<div class=\"aux-parallax-section elementor-column elementor-col-50 elementor-top-column elementor-element elementor-element-63d598f5\" data-id=\"63d598f5\" data-element_type=\"column\">\n\t\t\t<div class=\"elementor-column-wrap elementor-element-populated\">\n\t\t\t\t\t\t\t<div class=\"elementor-widget-wrap\">\n\t\t\t\t\t\t<div class=\"elementor-element elementor-element-5384cc3b elementor-widget elementor-widget-text-editor\" data-id=\"5384cc3b\" data-element_type=\"widget\" data-widget_type=\"text-editor.default\">\n\t\t\t\t<div class=\"elementor-widget-container\">\n\t\t\t\t\t\t\t\t<div class=\"elementor-text-editor elementor-clearfix\">\n\t\t\t\t<p>Untersuchung und Planung: Der erste Schritt besteht darin, die Mundgesundheit des Patienten zu beurteilen, den Zustand der fehlenden Z\u00e4hne zu untersuchen und den Behandlungsplan zu erstellen. In dieser Phase wird die richtige Position der Implantate bestimmt.<br \/>Einsetzen der Implantate: Das Einsetzen der Implantate ist ein chirurgischer Eingriff und wird in der Regel unter \u00f6rtlicher Bet\u00e4ubung durchgef\u00fchrt. Die Implantate werden fest in den Kieferknochen eingepflanzt und der Heilungsprozess beginnt.<br \/>Einsetzen einer provisorischen Prothese: Nach dem Einsetzen der Implantate wird dem Patienten eine provisorische Prothese eingesetzt. Diese provisorische Prothese erm\u00f6glicht es dem Patienten, w\u00e4hrend der Einheilung der Implantate funktionsf\u00e4hig zu bleiben.<br \/>Messung und Gestaltung der endg\u00fcltigen Prothese: Es kann mehrere Monate dauern, bis die Implantate eingeheilt sind und sich die Kieferknochen stabilisiert haben. In diesem Prozess werden die Mundma\u00dfe des Patienten genommen und eine speziell entworfene permanente Prothese wird in der Laborumgebung angefertigt.<br \/>Einsetzen der permanenten Prothese: Wenn die permanente Prothese fertig ist, wird sie im Mund des Patienten befestigt. Diese Prothese erf\u00fcllt die \u00e4sthetischen und funktionellen Bed\u00fcrfnisse des Patienten.<\/p>\t\t\t\t\t<\/div>\n\t\t\t\t\t\t<\/div>\n\t\t\t\t<\/div>\n\t\t\t\t\t\t<\/div>\n\t\t\t\t\t<\/div>\n\t\t<\/div>\n\t\t\t\t<div class=\"aux-parallax-section elementor-column elementor-col-50 elementor-top-column elementor-element elementor-element-575c89ec\" data-id=\"575c89ec\" data-element_type=\"column\">\n\t\t\t<div class=\"elementor-column-wrap elementor-element-populated\">\n\t\t\t\t\t\t\t<div class=\"elementor-widget-wrap\">\n\t\t\t\t\t\t<div class=\"elementor-element elementor-element-6d98ad50 elementor-widget elementor-widget-text-editor\" data-id=\"6d98ad50\" data-element_type=\"widget\" data-widget_type=\"text-editor.default\">\n\t\t\t\t<div class=\"elementor-widget-container\">\n\t\t\t\t\t\t\t\t<div class=\"elementor-text-editor elementor-clearfix\">\n\t\t\t\t<p>Vollst\u00e4ndiges L\u00e4cheln: Bei dieser Behandlung werden fehlende Z\u00e4hne vollst\u00e4ndig ersetzt und die Patienten erhalten ein vollst\u00e4ndiges L\u00e4cheln.<br \/>Funktionelle Verbesserung: Festsitzende Prothesen helfen den Patienten, bequem zu essen, zu sprechen und allt\u00e4gliche Aktivit\u00e4ten auszuf\u00fchren.<br \/>\u00c4sthetik: Zahnersatz bietet ein \u00e4sthetisches Erscheinungsbild, das den nat\u00fcrlichen Z\u00e4hnen sehr \u00e4hnlich ist. Dies st\u00e4rkt das Selbstvertrauen der Patienten.<br \/>Langlebigkeit: Festsitzender Zahnersatz auf vier Implantaten ist langlebig und kann bei guter Pflege jahrelang halten.<br \/>Vorbeugung von Knochenschwund: Implantate simulieren den Druck auf den Kieferknochen und helfen, Knochenschwund zu verhindern.<\/p>\t\t\t\t\t<\/div>\n\t\t\t\t\t\t<\/div>\n\t\t\t\t<\/div>\n\t\t\t\t\t\t<\/div>\n\t\t\t\t\t<\/div>\n\t\t<\/div>\n\t\t\t\t\t\t\t\t<\/div>\n\t\t\t\t\t<\/div>\n\t\t<\/section>\n\t\t\t\t\t\t\t\t\t<\/div>\n\t\t\t<\/div>\n\t\t\t\t\t<\/div>\n\t\t","protected":false},"excerpt":{"rendered":"<p>Vier implantatgetragene festsitzende Prothesenkonzepte Eine festsitzende Prothese auf vier Implantaten ist eine zahn\u00e4rztliche Behandlungsmethode, die dazu dient, fehlende Z\u00e4hne zu ersetzen und durch Zahnlosigkeit verursachte Probleme zu l\u00f6sen. Bei diesem Konzept werden vier Zahnimplantate (Schrauben, die die Zahnwurzel ersetzen) in den Kieferknochen eingesetzt und eine speziell entwickelte festsitzende Prothese auf diese Implantate gesetzt. Diese Prothese [&hellip;]<\/p>\n","protected":false},"author":1,"featured_media":0,"parent":0,"menu_order":0,"comment_status":"closed","ping_status":"closed","template":"elementor_header_footer","meta":{"_joinchat":[],"footnotes":""},"class_list":["post-2462","page","type-page","status-publish","hentry"],"yoast_head":"<!-- This site is optimized with the Yoast SEO plugin v27.4 - https:\/\/yoast.com\/product\/yoast-seo-wordpress\/ -->\n<title>Vier implantatgetragene festsitzende Prothesenkonzepte - Avrupa UBK Dental Bayrampa\u015fa<\/title>\n<meta name=\"robots\" content=\"index, follow, max-snippet:-1, max-image-preview:large, max-video-preview:-1\" \/>\n<link rel=\"canonical\" href=\"https:\/\/avrupaubkdental.com\/de\/vier-implantatgetragene-festsitzende-prothesenkonzepte\/\" \/>\n<meta property=\"og:locale\" content=\"de_DE\" \/>\n<meta property=\"og:type\" content=\"article\" \/>\n<meta property=\"og:title\" content=\"Vier implantatgetragene festsitzende Prothesenkonzepte - Avrupa UBK Dental Bayrampa\u015fa\" \/>\n<meta property=\"og:description\" content=\"Vier implantatgetragene festsitzende Prothesenkonzepte Eine festsitzende Prothese auf vier Implantaten ist eine zahn\u00e4rztliche Behandlungsmethode, die dazu dient, fehlende Z\u00e4hne zu ersetzen und durch Zahnlosigkeit verursachte Probleme zu l\u00f6sen. Bei diesem Konzept werden vier Zahnimplantate (Schrauben, die die Zahnwurzel ersetzen) in den Kieferknochen eingesetzt und eine speziell entwickelte festsitzende Prothese auf diese Implantate gesetzt. Diese Prothese [&hellip;]\" \/>\n<meta property=\"og:url\" content=\"https:\/\/avrupaubkdental.com\/de\/vier-implantatgetragene-festsitzende-prothesenkonzepte\/\" \/>\n<meta property=\"og:site_name\" content=\"Avrupa UBK Dental Bayrampa\u015fa\" \/>\n<meta property=\"article:modified_time\" content=\"2023-10-10T18:45:21+00:00\" \/>\n<meta property=\"og:image\" content=\"http:\/\/avrupaubkdental.com\/wp-content\/uploads\/2023\/09\/324567.png\" \/>\n<meta name=\"twitter:card\" content=\"summary_large_image\" \/>\n<meta name=\"twitter:label1\" content=\"Gesch\u00e4tzte Lesezeit\" \/>\n\t<meta name=\"twitter:data1\" content=\"2\u00a0Minuten\" \/>\n<script type=\"application\/ld+json\" class=\"yoast-schema-graph\">{\"@context\":\"https:\\\/\\\/schema.org\",\"@graph\":[{\"@type\":\"WebPage\",\"@id\":\"https:\\\/\\\/avrupaubkdental.com\\\/de\\\/vier-implantatgetragene-festsitzende-prothesenkonzepte\\\/\",\"url\":\"https:\\\/\\\/avrupaubkdental.com\\\/de\\\/vier-implantatgetragene-festsitzende-prothesenkonzepte\\\/\",\"name\":\"Vier implantatgetragene festsitzende Prothesenkonzepte - Avrupa UBK Dental Bayrampa\u015fa\",\"isPartOf\":{\"@id\":\"https:\\\/\\\/avrupaubkdental.com\\\/de\\\/#website\"},\"primaryImageOfPage\":{\"@id\":\"https:\\\/\\\/avrupaubkdental.com\\\/de\\\/vier-implantatgetragene-festsitzende-prothesenkonzepte\\\/#primaryimage\"},\"image\":{\"@id\":\"https:\\\/\\\/avrupaubkdental.com\\\/de\\\/vier-implantatgetragene-festsitzende-prothesenkonzepte\\\/#primaryimage\"},\"thumbnailUrl\":\"http:\\\/\\\/avrupaubkdental.com\\\/wp-content\\\/uploads\\\/2023\\\/09\\\/324567.png\",\"datePublished\":\"2023-10-10T18:43:43+00:00\",\"dateModified\":\"2023-10-10T18:45:21+00:00\",\"breadcrumb\":{\"@id\":\"https:\\\/\\\/avrupaubkdental.com\\\/de\\\/vier-implantatgetragene-festsitzende-prothesenkonzepte\\\/#breadcrumb\"},\"inLanguage\":\"de\",\"potentialAction\":[{\"@type\":\"ReadAction\",\"target\":[\"https:\\\/\\\/avrupaubkdental.com\\\/de\\\/vier-implantatgetragene-festsitzende-prothesenkonzepte\\\/\"]}]},{\"@type\":\"ImageObject\",\"inLanguage\":\"de\",\"@id\":\"https:\\\/\\\/avrupaubkdental.com\\\/de\\\/vier-implantatgetragene-festsitzende-prothesenkonzepte\\\/#primaryimage\",\"url\":\"http:\\\/\\\/avrupaubkdental.com\\\/wp-content\\\/uploads\\\/2023\\\/09\\\/324567.png\",\"contentUrl\":\"http:\\\/\\\/avrupaubkdental.com\\\/wp-content\\\/uploads\\\/2023\\\/09\\\/324567.png\"},{\"@type\":\"BreadcrumbList\",\"@id\":\"https:\\\/\\\/avrupaubkdental.com\\\/de\\\/vier-implantatgetragene-festsitzende-prothesenkonzepte\\\/#breadcrumb\",\"itemListElement\":[{\"@type\":\"ListItem\",\"position\":1,\"name\":\"Home\",\"item\":\"https:\\\/\\\/avrupaubkdental.com\\\/de\\\/\"},{\"@type\":\"ListItem\",\"position\":2,\"name\":\"Vier implantatgetragene festsitzende Prothesenkonzepte\"}]},{\"@type\":\"WebSite\",\"@id\":\"https:\\\/\\\/avrupaubkdental.com\\\/de\\\/#website\",\"url\":\"https:\\\/\\\/avrupaubkdental.com\\\/de\\\/\",\"name\":\"Avrupa UBK Dental\",\"description\":\"\",\"publisher\":{\"@id\":\"https:\\\/\\\/avrupaubkdental.com\\\/de\\\/#organization\"},\"potentialAction\":[{\"@type\":\"SearchAction\",\"target\":{\"@type\":\"EntryPoint\",\"urlTemplate\":\"https:\\\/\\\/avrupaubkdental.com\\\/de\\\/?s={search_term_string}\"},\"query-input\":{\"@type\":\"PropertyValueSpecification\",\"valueRequired\":true,\"valueName\":\"search_term_string\"}}],\"inLanguage\":\"de\"},{\"@type\":\"Organization\",\"@id\":\"https:\\\/\\\/avrupaubkdental.com\\\/de\\\/#organization\",\"name\":\"Avrupa UBK Dental\",\"url\":\"https:\\\/\\\/avrupaubkdental.com\\\/de\\\/\",\"logo\":{\"@type\":\"ImageObject\",\"inLanguage\":\"de\",\"@id\":\"https:\\\/\\\/avrupaubkdental.com\\\/de\\\/#\\\/schema\\\/logo\\\/image\\\/\",\"url\":\"https:\\\/\\\/avrupaubkdental.com\\\/wp-content\\\/uploads\\\/2023\\\/09\\\/cropped-AVR.-DIK-DUZ-SATIR-PNG.png\",\"contentUrl\":\"https:\\\/\\\/avrupaubkdental.com\\\/wp-content\\\/uploads\\\/2023\\\/09\\\/cropped-AVR.-DIK-DUZ-SATIR-PNG.png\",\"width\":150,\"height\":150,\"caption\":\"Avrupa UBK Dental\"},\"image\":{\"@id\":\"https:\\\/\\\/avrupaubkdental.com\\\/de\\\/#\\\/schema\\\/logo\\\/image\\\/\"},\"sameAs\":[\"https:\\\/\\\/www.instagram.com\\\/avrupaubkdental\\\/\"]}]}<\/script>\n<!-- \/ Yoast SEO plugin. -->","yoast_head_json":{"title":"Vier implantatgetragene festsitzende Prothesenkonzepte - Avrupa UBK Dental Bayrampa\u015fa","robots":{"index":"index","follow":"follow","max-snippet":"max-snippet:-1","max-image-preview":"max-image-preview:large","max-video-preview":"max-video-preview:-1"},"canonical":"https:\/\/avrupaubkdental.com\/de\/vier-implantatgetragene-festsitzende-prothesenkonzepte\/","og_locale":"de_DE","og_type":"article","og_title":"Vier implantatgetragene festsitzende Prothesenkonzepte - Avrupa UBK Dental Bayrampa\u015fa","og_description":"Vier implantatgetragene festsitzende Prothesenkonzepte Eine festsitzende Prothese auf vier Implantaten ist eine zahn\u00e4rztliche Behandlungsmethode, die dazu dient, fehlende Z\u00e4hne zu ersetzen und durch Zahnlosigkeit verursachte Probleme zu l\u00f6sen. Bei diesem Konzept werden vier Zahnimplantate (Schrauben, die die Zahnwurzel ersetzen) in den Kieferknochen eingesetzt und eine speziell entwickelte festsitzende Prothese auf diese Implantate gesetzt. Diese Prothese [&hellip;]","og_url":"https:\/\/avrupaubkdental.com\/de\/vier-implantatgetragene-festsitzende-prothesenkonzepte\/","og_site_name":"Avrupa UBK Dental Bayrampa\u015fa","article_modified_time":"2023-10-10T18:45:21+00:00","og_image":[{"url":"http:\/\/avrupaubkdental.com\/wp-content\/uploads\/2023\/09\/324567.png","type":"","width":"","height":""}],"twitter_card":"summary_large_image","twitter_misc":{"Gesch\u00e4tzte Lesezeit":"2\u00a0Minuten"},"schema":{"@context":"https:\/\/schema.org","@graph":[{"@type":"WebPage","@id":"https:\/\/avrupaubkdental.com\/de\/vier-implantatgetragene-festsitzende-prothesenkonzepte\/","url":"https:\/\/avrupaubkdental.com\/de\/vier-implantatgetragene-festsitzende-prothesenkonzepte\/","name":"Vier implantatgetragene festsitzende Prothesenkonzepte - Avrupa UBK Dental Bayrampa\u015fa","isPartOf":{"@id":"https:\/\/avrupaubkdental.com\/de\/#website"},"primaryImageOfPage":{"@id":"https:\/\/avrupaubkdental.com\/de\/vier-implantatgetragene-festsitzende-prothesenkonzepte\/#primaryimage"},"image":{"@id":"https:\/\/avrupaubkdental.com\/de\/vier-implantatgetragene-festsitzende-prothesenkonzepte\/#primaryimage"},"thumbnailUrl":"http:\/\/avrupaubkdental.com\/wp-content\/uploads\/2023\/09\/324567.png","datePublished":"2023-10-10T18:43:43+00:00","dateModified":"2023-10-10T18:45:21+00:00","breadcrumb":{"@id":"https:\/\/avrupaubkdental.com\/de\/vier-implantatgetragene-festsitzende-prothesenkonzepte\/#breadcrumb"},"inLanguage":"de","potentialAction":[{"@type":"ReadAction","target":["https:\/\/avrupaubkdental.com\/de\/vier-implantatgetragene-festsitzende-prothesenkonzepte\/"]}]},{"@type":"ImageObject","inLanguage":"de","@id":"https:\/\/avrupaubkdental.com\/de\/vier-implantatgetragene-festsitzende-prothesenkonzepte\/#primaryimage","url":"http:\/\/avrupaubkdental.com\/wp-content\/uploads\/2023\/09\/324567.png","contentUrl":"http:\/\/avrupaubkdental.com\/wp-content\/uploads\/2023\/09\/324567.png"},{"@type":"BreadcrumbList","@id":"https:\/\/avrupaubkdental.com\/de\/vier-implantatgetragene-festsitzende-prothesenkonzepte\/#breadcrumb","itemListElement":[{"@type":"ListItem","position":1,"name":"Home","item":"https:\/\/avrupaubkdental.com\/de\/"},{"@type":"ListItem","position":2,"name":"Vier implantatgetragene festsitzende Prothesenkonzepte"}]},{"@type":"WebSite","@id":"https:\/\/avrupaubkdental.com\/de\/#website","url":"https:\/\/avrupaubkdental.com\/de\/","name":"Avrupa UBK Dental","description":"","publisher":{"@id":"https:\/\/avrupaubkdental.com\/de\/#organization"},"potentialAction":[{"@type":"SearchAction","target":{"@type":"EntryPoint","urlTemplate":"https:\/\/avrupaubkdental.com\/de\/?s={search_term_string}"},"query-input":{"@type":"PropertyValueSpecification","valueRequired":true,"valueName":"search_term_string"}}],"inLanguage":"de"},{"@type":"Organization","@id":"https:\/\/avrupaubkdental.com\/de\/#organization","name":"Avrupa UBK Dental","url":"https:\/\/avrupaubkdental.com\/de\/","logo":{"@type":"ImageObject","inLanguage":"de","@id":"https:\/\/avrupaubkdental.com\/de\/#\/schema\/logo\/image\/","url":"https:\/\/avrupaubkdental.com\/wp-content\/uploads\/2023\/09\/cropped-AVR.-DIK-DUZ-SATIR-PNG.png","contentUrl":"https:\/\/avrupaubkdental.com\/wp-content\/uploads\/2023\/09\/cropped-AVR.-DIK-DUZ-SATIR-PNG.png","width":150,"height":150,"caption":"Avrupa UBK Dental"},"image":{"@id":"https:\/\/avrupaubkdental.com\/de\/#\/schema\/logo\/image\/"},"sameAs":["https:\/\/www.instagram.com\/avrupaubkdental\/"]}]}},"_links":{"self":[{"href":"https:\/\/avrupaubkdental.com\/de\/wp-json\/wp\/v2\/pages\/2462","targetHints":{"allow":["GET"]}}],"collection":[{"href":"https:\/\/avrupaubkdental.com\/de\/wp-json\/wp\/v2\/pages"}],"about":[{"href":"https:\/\/avrupaubkdental.com\/de\/wp-json\/wp\/v2\/types\/page"}],"author":[{"embeddable":true,"href":"https:\/\/avrupaubkdental.com\/de\/wp-json\/wp\/v2\/users\/1"}],"replies":[{"embeddable":true,"href":"https:\/\/avrupaubkdental.com\/de\/wp-json\/wp\/v2\/comments?post=2462"}],"version-history":[{"count":5,"href":"https:\/\/avrupaubkdental.com\/de\/wp-json\/wp\/v2\/pages\/2462\/revisions"}],"predecessor-version":[{"id":2467,"href":"https:\/\/avrupaubkdental.com\/de\/wp-json\/wp\/v2\/pages\/2462\/revisions\/2467"}],"wp:attachment":[{"href":"https:\/\/avrupaubkdental.com\/de\/wp-json\/wp\/v2\/media?parent=2462"}],"curies":[{"name":"wp","href":"https:\/\/api.w.org\/{rel}","templated":true}]}}