{"id":2489,"date":"2023-10-10T19:05:21","date_gmt":"2023-10-10T19:05:21","guid":{"rendered":"https:\/\/avrupaubkdental.com\/vom-traditionellen-zum-digitalen-implantologie-kongress\/"},"modified":"2023-10-10T19:06:54","modified_gmt":"2023-10-10T19:06:54","slug":"vom-traditionellen-zum-digitalen-implantologie-kongress","status":"publish","type":"page","link":"https:\/\/avrupaubkdental.com\/de\/vom-traditionellen-zum-digitalen-implantologie-kongress\/","title":{"rendered":"Vom Traditionellen zum Digitalen: Implantologie-Kongress"},"content":{"rendered":"\t\t<div data-elementor-type=\"wp-page\" data-elementor-id=\"2489\" class=\"elementor elementor-2489 elementor-510\">\n\t\t\t\t\t\t<div class=\"elementor-inner\">\n\t\t\t\t<div class=\"elementor-section-wrap\">\n\t\t\t\t\t\t\t\t\t<section class=\"elementor-section elementor-top-section elementor-element elementor-element-5c30c115 elementor-section-height-min-height elementor-section-boxed elementor-section-height-default elementor-section-items-middle\" data-id=\"5c30c115\" data-element_type=\"section\" data-settings=\"{&quot;background_background&quot;:&quot;classic&quot;}\">\n\t\t\t\t\t\t\t<div class=\"elementor-background-overlay\"><\/div>\n\t\t\t\t\t\t\t<div class=\"elementor-container elementor-column-gap-default\">\n\t\t\t\t\t\t\t<div class=\"elementor-row\">\n\t\t\t\t\t<div class=\"aux-parallax-section elementor-column elementor-col-100 elementor-top-column elementor-element elementor-element-989ce32\" data-id=\"989ce32\" data-element_type=\"column\" data-settings=\"{&quot;background_background&quot;:&quot;classic&quot;}\">\n\t\t\t<div class=\"elementor-column-wrap elementor-element-populated\">\n\t\t\t\t\t\t\t<div class=\"elementor-widget-wrap\">\n\t\t\t\t\t\t<div class=\"elementor-element elementor-element-481ee488 elementor-widget elementor-widget-heading\" data-id=\"481ee488\" data-element_type=\"widget\" data-widget_type=\"heading.default\">\n\t\t\t\t<div class=\"elementor-widget-container\">\n\t\t\t<h2 class=\"elementor-heading-title elementor-size-default\">Vom Traditionellen zum Digitalen: <br>Implantologie-Kongress<\/h2>\t\t<\/div>\n\t\t\t\t<\/div>\n\t\t\t\t\t\t<\/div>\n\t\t\t\t\t<\/div>\n\t\t<\/div>\n\t\t\t\t\t\t\t\t<\/div>\n\t\t\t\t\t<\/div>\n\t\t<\/section>\n\t\t\t\t<section class=\"elementor-section elementor-top-section elementor-element elementor-element-22b5413d header2 elementor-section-boxed elementor-section-height-default elementor-section-height-default\" data-id=\"22b5413d\" data-element_type=\"section\">\n\t\t\t\t\t\t<div class=\"elementor-container elementor-column-gap-default\">\n\t\t\t\t\t\t\t<div class=\"elementor-row\">\n\t\t\t\t\t<div class=\"aux-parallax-section elementor-column elementor-col-100 elementor-top-column elementor-element elementor-element-597f8ed7\" data-id=\"597f8ed7\" data-element_type=\"column\">\n\t\t\t<div class=\"elementor-column-wrap elementor-element-populated\">\n\t\t\t\t\t\t\t<div class=\"elementor-widget-wrap\">\n\t\t\t\t\t\t<div class=\"elementor-element elementor-element-21a9d2ec elementor-widget elementor-widget-image\" data-id=\"21a9d2ec\" data-element_type=\"widget\" data-widget_type=\"image.default\">\n\t\t\t\t<div class=\"elementor-widget-container\">\n\t\t\t\t\t\t\t\t<div class=\"elementor-image\">\n\t\t\t\t\t\t\t\t\t\t\t\t<img decoding=\"async\" width=\"1200\" height=\"800\" src=\"https:\/\/avrupaubkdental.com\/wp-content\/uploads\/2023\/09\/disciler.png\" class=\"attachment-full size-full wp-image-1834\" alt=\"\" srcset=\"https:\/\/avrupaubkdental.com\/wp-content\/uploads\/2023\/09\/disciler.png 1200w, https:\/\/avrupaubkdental.com\/wp-content\/uploads\/2023\/09\/disciler-200x133.png 200w\" sizes=\"(max-width: 1200px) 100vw, 1200px\" \/>\t\t\t\t\t\t\t\t\t\t\t\t\t\t<\/div>\n\t\t\t\t\t\t<\/div>\n\t\t\t\t<\/div>\n\t\t\t\t\t\t<\/div>\n\t\t\t\t\t<\/div>\n\t\t<\/div>\n\t\t\t\t\t\t\t\t<\/div>\n\t\t\t\t\t<\/div>\n\t\t<\/section>\n\t\t\t\t<section class=\"elementor-section elementor-top-section elementor-element elementor-element-12fb2ba0 elementor-section-boxed elementor-section-height-default elementor-section-height-default\" data-id=\"12fb2ba0\" data-element_type=\"section\" id=\"abutment\" data-settings=\"{&quot;background_background&quot;:&quot;classic&quot;}\">\n\t\t\t\t\t\t<div class=\"elementor-container elementor-column-gap-default\">\n\t\t\t\t\t\t\t<div class=\"elementor-row\">\n\t\t\t\t\t<div class=\"aux-parallax-section elementor-column elementor-col-50 elementor-top-column elementor-element elementor-element-556d7eaf\" data-id=\"556d7eaf\" data-element_type=\"column\">\n\t\t\t<div class=\"elementor-column-wrap elementor-element-populated\">\n\t\t\t\t\t\t\t<div class=\"elementor-widget-wrap\">\n\t\t\t\t\t\t<div class=\"elementor-element elementor-element-3e5b6580 elementor-widget elementor-widget-text-editor\" data-id=\"3e5b6580\" data-element_type=\"widget\" data-widget_type=\"text-editor.default\">\n\t\t\t\t<div class=\"elementor-widget-container\">\n\t\t\t\t\t\t\t\t<div class=\"elementor-text-editor elementor-clearfix\">\n\t\t\t\t<p>Der Implantology Congress ist eine internationale Veranstaltung, die organisiert wird, um die Integration von Zahnimplantaten in digitale Technologien und den \u00dcbergang von der traditionellen zur digitalen Praxis zu feiern und zu f\u00f6rdern. Dieser Kongress bietet eine wichtige Plattform f\u00fcr Zahn\u00e4rzte, Forscher, Branchenf\u00fchrer und Zahnmedizinstudenten.<\/p>\t\t\t\t\t<\/div>\n\t\t\t\t\t\t<\/div>\n\t\t\t\t<\/div>\n\t\t\t\t\t\t<\/div>\n\t\t\t\t\t<\/div>\n\t\t<\/div>\n\t\t\t\t<div class=\"aux-parallax-section elementor-column elementor-col-50 elementor-top-column elementor-element elementor-element-694521d1 header1\" data-id=\"694521d1\" data-element_type=\"column\">\n\t\t\t<div class=\"elementor-column-wrap elementor-element-populated\">\n\t\t\t\t\t\t\t<div class=\"elementor-widget-wrap\">\n\t\t\t\t\t\t<div class=\"elementor-element elementor-element-4b4a04e elementor-widget elementor-widget-image\" data-id=\"4b4a04e\" data-element_type=\"widget\" data-widget_type=\"image.default\">\n\t\t\t\t<div class=\"elementor-widget-container\">\n\t\t\t\t\t\t\t\t<div class=\"elementor-image\">\n\t\t\t\t\t\t\t\t\t\t\t\t<img decoding=\"async\" width=\"800\" height=\"533\" src=\"https:\/\/avrupaubkdental.com\/wp-content\/uploads\/2023\/09\/1231234.png\" class=\"attachment-full size-full wp-image-1902\" alt=\"\" srcset=\"https:\/\/avrupaubkdental.com\/wp-content\/uploads\/2023\/09\/1231234.png 800w, https:\/\/avrupaubkdental.com\/wp-content\/uploads\/2023\/09\/1231234-200x133.png 200w\" sizes=\"(max-width: 800px) 100vw, 800px\" \/>\t\t\t\t\t\t\t\t\t\t\t\t\t\t<\/div>\n\t\t\t\t\t\t<\/div>\n\t\t\t\t<\/div>\n\t\t\t\t\t\t<\/div>\n\t\t\t\t\t<\/div>\n\t\t<\/div>\n\t\t\t\t\t\t\t\t<\/div>\n\t\t\t\t\t<\/div>\n\t\t<\/section>\n\t\t\t\t<section class=\"elementor-section elementor-top-section elementor-element elementor-element-6b2aaeef elementor-section-full_width elementor-section-height-default elementor-section-height-default\" data-id=\"6b2aaeef\" data-element_type=\"section\" id=\"tur\" data-settings=\"{&quot;background_background&quot;:&quot;classic&quot;}\">\n\t\t\t\t\t\t<div class=\"elementor-container elementor-column-gap-default\">\n\t\t\t\t\t\t\t<div class=\"elementor-row\">\n\t\t\t\t\t<div class=\"aux-parallax-section elementor-column elementor-col-50 elementor-top-column elementor-element elementor-element-723d63f7\" data-id=\"723d63f7\" data-element_type=\"column\">\n\t\t\t<div class=\"elementor-column-wrap elementor-element-populated\">\n\t\t\t\t\t\t\t<div class=\"elementor-widget-wrap\">\n\t\t\t\t\t\t<div class=\"elementor-element elementor-element-6e6d9ab5 elementor-widget elementor-widget-text-editor\" data-id=\"6e6d9ab5\" data-element_type=\"widget\" data-widget_type=\"text-editor.default\">\n\t\t\t\t<div class=\"elementor-widget-container\">\n\t\t\t\t\t\t\t\t<div class=\"elementor-text-editor elementor-clearfix\">\n\t\t\t\t<p>Digitale Implantatplanung: Digitale Scantechnologien und computergest\u00fctzte Design-Software (CAD) machen die Implantatplanung pr\u00e4ziser und effizienter. Diese Sitzungen bieten aktuelle Informationen zur digitalen Implantatplanung.<br \/>Digitale Implantatchirurgie: Roboterchirurgie und Navigationssysteme machen die Implantatchirurgie sicherer und erfolgreicher. In diesen Sitzungen werden die Techniken und Best-Practice-Methoden der digitalen Implantatchirurgie er\u00f6rtert.<br \/>Digitale Implantatversorgungen: Digitale Technologien erleichtern das Design und die Herstellung von Implantatversorgungen. In diesen Sitzungen wird gezeigt, wie digitale Restaurationen erfolgreich umgesetzt wurden.<br \/>Innovation und Branchentrends: Die neuesten Innovationen und Branchentrends auf dem Gebiet der Zahnimplantate helfen den Teilnehmern zu verstehen, was sie in Zukunft erwarten k\u00f6nnen. Diese Sitzungen bieten einen Einblick in die Zukunft der Branche.<\/p>\t\t\t\t\t<\/div>\n\t\t\t\t\t\t<\/div>\n\t\t\t\t<\/div>\n\t\t\t\t\t\t<\/div>\n\t\t\t\t\t<\/div>\n\t\t<\/div>\n\t\t\t\t<div class=\"aux-parallax-section elementor-column elementor-col-50 elementor-top-column elementor-element elementor-element-2314e03e\" data-id=\"2314e03e\" data-element_type=\"column\">\n\t\t\t<div class=\"elementor-column-wrap elementor-element-populated\">\n\t\t\t\t\t\t\t<div class=\"elementor-widget-wrap\">\n\t\t\t\t\t\t<div class=\"elementor-element elementor-element-7d6b4199 elementor-widget elementor-widget-text-editor\" data-id=\"7d6b4199\" data-element_type=\"widget\" data-widget_type=\"text-editor.default\">\n\t\t\t\t<div class=\"elementor-widget-container\">\n\t\t\t\t\t\t\t\t<div class=\"elementor-text-editor elementor-clearfix\">\n\t\t\t\t<p>Entwicklung von Wissen und Fertigkeiten: Die Teilnehmer erwerben die neuesten Kenntnisse und F\u00e4higkeiten im Zusammenhang mit digitalen Implantaten. Dies hilft Zahn\u00e4rzten, ihre Praxis zu verbessern.<br \/>Zusammenarbeit und Networking: Der Kongress bietet M\u00f6glichkeiten zur Zusammenarbeit und Kommunikation zwischen Zahn\u00e4rzten, Forschern und Branchenf\u00fchrern. So k\u00f6nnen neue Projekte initiiert und Informationen ausgetauscht werden.<br \/>Verbesserung der Patientendienste: Digitale Implantattechnologien machen den Behandlungsprozess f\u00fcr die Patienten einfacher und komfortabler. Der Kongress hilft bei der Umsetzung dieser Verbesserungen.<br \/>Entwicklung des Sektors: Der Implantologiekongress tr\u00e4gt zur Entwicklung der Digitalisierung von Zahnimplantaten in der Branche bei und unterst\u00fctzt die Verbreitung dieser Technologien.<\/p>\t\t\t\t\t<\/div>\n\t\t\t\t\t\t<\/div>\n\t\t\t\t<\/div>\n\t\t\t\t\t\t<\/div>\n\t\t\t\t\t<\/div>\n\t\t<\/div>\n\t\t\t\t\t\t\t\t<\/div>\n\t\t\t\t\t<\/div>\n\t\t<\/section>\n\t\t\t\t<section class=\"elementor-section elementor-top-section elementor-element elementor-element-1a7f5c3d header2 elementor-section-boxed elementor-section-height-default elementor-section-height-default\" data-id=\"1a7f5c3d\" data-element_type=\"section\">\n\t\t\t\t\t\t<div class=\"elementor-container elementor-column-gap-default\">\n\t\t\t\t\t\t\t<div class=\"elementor-row\">\n\t\t\t\t\t<div class=\"aux-parallax-section elementor-column elementor-col-100 elementor-top-column elementor-element elementor-element-38284cb4\" data-id=\"38284cb4\" data-element_type=\"column\">\n\t\t\t<div class=\"elementor-column-wrap elementor-element-populated\">\n\t\t\t\t\t\t\t<div class=\"elementor-widget-wrap\">\n\t\t\t\t\t\t<div class=\"elementor-element elementor-element-4f7baba6 elementor-widget elementor-widget-image\" data-id=\"4f7baba6\" data-element_type=\"widget\" data-widget_type=\"image.default\">\n\t\t\t\t<div class=\"elementor-widget-container\">\n\t\t\t\t\t\t\t\t<div class=\"elementor-image\">\n\t\t\t\t\t\t\t\t\t\t\t\t<img decoding=\"async\" width=\"1200\" height=\"800\" src=\"https:\/\/avrupaubkdental.com\/wp-content\/uploads\/2023\/09\/33.png\" class=\"attachment-full size-full wp-image-1838\" alt=\"\" srcset=\"https:\/\/avrupaubkdental.com\/wp-content\/uploads\/2023\/09\/33.png 1200w, https:\/\/avrupaubkdental.com\/wp-content\/uploads\/2023\/09\/33-200x133.png 200w\" sizes=\"(max-width: 1200px) 100vw, 1200px\" \/>\t\t\t\t\t\t\t\t\t\t\t\t\t\t<\/div>\n\t\t\t\t\t\t<\/div>\n\t\t\t\t<\/div>\n\t\t\t\t\t\t<\/div>\n\t\t\t\t\t<\/div>\n\t\t<\/div>\n\t\t\t\t\t\t\t\t<\/div>\n\t\t\t\t\t<\/div>\n\t\t<\/section>\n\t\t\t\t\t\t\t\t\t<\/div>\n\t\t\t<\/div>\n\t\t\t\t\t<\/div>\n\t\t","protected":false},"excerpt":{"rendered":"<p>Vom Traditionellen zum Digitalen: Implantologie-Kongress Der Implantology Congress ist eine internationale Veranstaltung, die organisiert wird, um die Integration von Zahnimplantaten in digitale Technologien und den \u00dcbergang von der traditionellen zur digitalen Praxis zu feiern und zu f\u00f6rdern. Dieser Kongress bietet eine wichtige Plattform f\u00fcr Zahn\u00e4rzte, Forscher, Branchenf\u00fchrer und Zahnmedizinstudenten. Digitale Implantatplanung: Digitale Scantechnologien und computergest\u00fctzte [&hellip;]<\/p>\n","protected":false},"author":1,"featured_media":0,"parent":0,"menu_order":0,"comment_status":"closed","ping_status":"closed","template":"elementor_header_footer","meta":{"_joinchat":[],"footnotes":""},"class_list":["post-2489","page","type-page","status-publish","hentry"],"yoast_head":"<!-- This site is optimized with the Yoast SEO plugin v27.4 - https:\/\/yoast.com\/product\/yoast-seo-wordpress\/ -->\n<title>Vom Traditionellen zum Digitalen: Implantologie-Kongress - Avrupa UBK Dental Bayrampa\u015fa<\/title>\n<meta name=\"robots\" content=\"index, follow, max-snippet:-1, max-image-preview:large, max-video-preview:-1\" \/>\n<link rel=\"canonical\" href=\"https:\/\/avrupaubkdental.com\/de\/vom-traditionellen-zum-digitalen-implantologie-kongress\/\" \/>\n<meta property=\"og:locale\" content=\"de_DE\" \/>\n<meta property=\"og:type\" content=\"article\" \/>\n<meta property=\"og:title\" content=\"Vom Traditionellen zum Digitalen: Implantologie-Kongress - Avrupa UBK Dental Bayrampa\u015fa\" \/>\n<meta property=\"og:description\" content=\"Vom Traditionellen zum Digitalen: Implantologie-Kongress Der Implantology Congress ist eine internationale Veranstaltung, die organisiert wird, um die Integration von Zahnimplantaten in digitale Technologien und den \u00dcbergang von der traditionellen zur digitalen Praxis zu feiern und zu f\u00f6rdern. Dieser Kongress bietet eine wichtige Plattform f\u00fcr Zahn\u00e4rzte, Forscher, Branchenf\u00fchrer und Zahnmedizinstudenten. Digitale Implantatplanung: Digitale Scantechnologien und computergest\u00fctzte [&hellip;]\" \/>\n<meta property=\"og:url\" content=\"https:\/\/avrupaubkdental.com\/de\/vom-traditionellen-zum-digitalen-implantologie-kongress\/\" \/>\n<meta property=\"og:site_name\" content=\"Avrupa UBK Dental Bayrampa\u015fa\" \/>\n<meta property=\"article:modified_time\" content=\"2023-10-10T19:06:54+00:00\" \/>\n<meta property=\"og:image\" content=\"http:\/\/avrupaubkdental.com\/wp-content\/uploads\/2023\/09\/disciler.png\" \/>\n<meta name=\"twitter:card\" content=\"summary_large_image\" \/>\n<meta name=\"twitter:label1\" content=\"Gesch\u00e4tzte Lesezeit\" \/>\n\t<meta name=\"twitter:data1\" content=\"1\u00a0Minute\" \/>\n<script type=\"application\/ld+json\" class=\"yoast-schema-graph\">{\"@context\":\"https:\\\/\\\/schema.org\",\"@graph\":[{\"@type\":\"WebPage\",\"@id\":\"https:\\\/\\\/avrupaubkdental.com\\\/de\\\/vom-traditionellen-zum-digitalen-implantologie-kongress\\\/\",\"url\":\"https:\\\/\\\/avrupaubkdental.com\\\/de\\\/vom-traditionellen-zum-digitalen-implantologie-kongress\\\/\",\"name\":\"Vom Traditionellen zum Digitalen: Implantologie-Kongress - Avrupa UBK Dental Bayrampa\u015fa\",\"isPartOf\":{\"@id\":\"https:\\\/\\\/avrupaubkdental.com\\\/de\\\/#website\"},\"primaryImageOfPage\":{\"@id\":\"https:\\\/\\\/avrupaubkdental.com\\\/de\\\/vom-traditionellen-zum-digitalen-implantologie-kongress\\\/#primaryimage\"},\"image\":{\"@id\":\"https:\\\/\\\/avrupaubkdental.com\\\/de\\\/vom-traditionellen-zum-digitalen-implantologie-kongress\\\/#primaryimage\"},\"thumbnailUrl\":\"http:\\\/\\\/avrupaubkdental.com\\\/wp-content\\\/uploads\\\/2023\\\/09\\\/disciler.png\",\"datePublished\":\"2023-10-10T19:05:21+00:00\",\"dateModified\":\"2023-10-10T19:06:54+00:00\",\"breadcrumb\":{\"@id\":\"https:\\\/\\\/avrupaubkdental.com\\\/de\\\/vom-traditionellen-zum-digitalen-implantologie-kongress\\\/#breadcrumb\"},\"inLanguage\":\"de\",\"potentialAction\":[{\"@type\":\"ReadAction\",\"target\":[\"https:\\\/\\\/avrupaubkdental.com\\\/de\\\/vom-traditionellen-zum-digitalen-implantologie-kongress\\\/\"]}]},{\"@type\":\"ImageObject\",\"inLanguage\":\"de\",\"@id\":\"https:\\\/\\\/avrupaubkdental.com\\\/de\\\/vom-traditionellen-zum-digitalen-implantologie-kongress\\\/#primaryimage\",\"url\":\"http:\\\/\\\/avrupaubkdental.com\\\/wp-content\\\/uploads\\\/2023\\\/09\\\/disciler.png\",\"contentUrl\":\"http:\\\/\\\/avrupaubkdental.com\\\/wp-content\\\/uploads\\\/2023\\\/09\\\/disciler.png\"},{\"@type\":\"BreadcrumbList\",\"@id\":\"https:\\\/\\\/avrupaubkdental.com\\\/de\\\/vom-traditionellen-zum-digitalen-implantologie-kongress\\\/#breadcrumb\",\"itemListElement\":[{\"@type\":\"ListItem\",\"position\":1,\"name\":\"Home\",\"item\":\"https:\\\/\\\/avrupaubkdental.com\\\/de\\\/\"},{\"@type\":\"ListItem\",\"position\":2,\"name\":\"Vom Traditionellen zum Digitalen: Implantologie-Kongress\"}]},{\"@type\":\"WebSite\",\"@id\":\"https:\\\/\\\/avrupaubkdental.com\\\/de\\\/#website\",\"url\":\"https:\\\/\\\/avrupaubkdental.com\\\/de\\\/\",\"name\":\"Avrupa UBK Dental\",\"description\":\"\",\"publisher\":{\"@id\":\"https:\\\/\\\/avrupaubkdental.com\\\/de\\\/#organization\"},\"potentialAction\":[{\"@type\":\"SearchAction\",\"target\":{\"@type\":\"EntryPoint\",\"urlTemplate\":\"https:\\\/\\\/avrupaubkdental.com\\\/de\\\/?s={search_term_string}\"},\"query-input\":{\"@type\":\"PropertyValueSpecification\",\"valueRequired\":true,\"valueName\":\"search_term_string\"}}],\"inLanguage\":\"de\"},{\"@type\":\"Organization\",\"@id\":\"https:\\\/\\\/avrupaubkdental.com\\\/de\\\/#organization\",\"name\":\"Avrupa UBK Dental\",\"url\":\"https:\\\/\\\/avrupaubkdental.com\\\/de\\\/\",\"logo\":{\"@type\":\"ImageObject\",\"inLanguage\":\"de\",\"@id\":\"https:\\\/\\\/avrupaubkdental.com\\\/de\\\/#\\\/schema\\\/logo\\\/image\\\/\",\"url\":\"https:\\\/\\\/avrupaubkdental.com\\\/wp-content\\\/uploads\\\/2023\\\/09\\\/cropped-AVR.-DIK-DUZ-SATIR-PNG.png\",\"contentUrl\":\"https:\\\/\\\/avrupaubkdental.com\\\/wp-content\\\/uploads\\\/2023\\\/09\\\/cropped-AVR.-DIK-DUZ-SATIR-PNG.png\",\"width\":150,\"height\":150,\"caption\":\"Avrupa UBK Dental\"},\"image\":{\"@id\":\"https:\\\/\\\/avrupaubkdental.com\\\/de\\\/#\\\/schema\\\/logo\\\/image\\\/\"},\"sameAs\":[\"https:\\\/\\\/www.instagram.com\\\/avrupaubkdental\\\/\"]}]}<\/script>\n<!-- \/ Yoast SEO plugin. -->","yoast_head_json":{"title":"Vom Traditionellen zum Digitalen: Implantologie-Kongress - Avrupa UBK Dental Bayrampa\u015fa","robots":{"index":"index","follow":"follow","max-snippet":"max-snippet:-1","max-image-preview":"max-image-preview:large","max-video-preview":"max-video-preview:-1"},"canonical":"https:\/\/avrupaubkdental.com\/de\/vom-traditionellen-zum-digitalen-implantologie-kongress\/","og_locale":"de_DE","og_type":"article","og_title":"Vom Traditionellen zum Digitalen: Implantologie-Kongress - Avrupa UBK Dental Bayrampa\u015fa","og_description":"Vom Traditionellen zum Digitalen: Implantologie-Kongress Der Implantology Congress ist eine internationale Veranstaltung, die organisiert wird, um die Integration von Zahnimplantaten in digitale Technologien und den \u00dcbergang von der traditionellen zur digitalen Praxis zu feiern und zu f\u00f6rdern. Dieser Kongress bietet eine wichtige Plattform f\u00fcr Zahn\u00e4rzte, Forscher, Branchenf\u00fchrer und Zahnmedizinstudenten. Digitale Implantatplanung: Digitale Scantechnologien und computergest\u00fctzte [&hellip;]","og_url":"https:\/\/avrupaubkdental.com\/de\/vom-traditionellen-zum-digitalen-implantologie-kongress\/","og_site_name":"Avrupa UBK Dental Bayrampa\u015fa","article_modified_time":"2023-10-10T19:06:54+00:00","og_image":[{"url":"http:\/\/avrupaubkdental.com\/wp-content\/uploads\/2023\/09\/disciler.png","type":"","width":"","height":""}],"twitter_card":"summary_large_image","twitter_misc":{"Gesch\u00e4tzte Lesezeit":"1\u00a0Minute"},"schema":{"@context":"https:\/\/schema.org","@graph":[{"@type":"WebPage","@id":"https:\/\/avrupaubkdental.com\/de\/vom-traditionellen-zum-digitalen-implantologie-kongress\/","url":"https:\/\/avrupaubkdental.com\/de\/vom-traditionellen-zum-digitalen-implantologie-kongress\/","name":"Vom Traditionellen zum Digitalen: Implantologie-Kongress - Avrupa UBK Dental Bayrampa\u015fa","isPartOf":{"@id":"https:\/\/avrupaubkdental.com\/de\/#website"},"primaryImageOfPage":{"@id":"https:\/\/avrupaubkdental.com\/de\/vom-traditionellen-zum-digitalen-implantologie-kongress\/#primaryimage"},"image":{"@id":"https:\/\/avrupaubkdental.com\/de\/vom-traditionellen-zum-digitalen-implantologie-kongress\/#primaryimage"},"thumbnailUrl":"http:\/\/avrupaubkdental.com\/wp-content\/uploads\/2023\/09\/disciler.png","datePublished":"2023-10-10T19:05:21+00:00","dateModified":"2023-10-10T19:06:54+00:00","breadcrumb":{"@id":"https:\/\/avrupaubkdental.com\/de\/vom-traditionellen-zum-digitalen-implantologie-kongress\/#breadcrumb"},"inLanguage":"de","potentialAction":[{"@type":"ReadAction","target":["https:\/\/avrupaubkdental.com\/de\/vom-traditionellen-zum-digitalen-implantologie-kongress\/"]}]},{"@type":"ImageObject","inLanguage":"de","@id":"https:\/\/avrupaubkdental.com\/de\/vom-traditionellen-zum-digitalen-implantologie-kongress\/#primaryimage","url":"http:\/\/avrupaubkdental.com\/wp-content\/uploads\/2023\/09\/disciler.png","contentUrl":"http:\/\/avrupaubkdental.com\/wp-content\/uploads\/2023\/09\/disciler.png"},{"@type":"BreadcrumbList","@id":"https:\/\/avrupaubkdental.com\/de\/vom-traditionellen-zum-digitalen-implantologie-kongress\/#breadcrumb","itemListElement":[{"@type":"ListItem","position":1,"name":"Home","item":"https:\/\/avrupaubkdental.com\/de\/"},{"@type":"ListItem","position":2,"name":"Vom Traditionellen zum Digitalen: Implantologie-Kongress"}]},{"@type":"WebSite","@id":"https:\/\/avrupaubkdental.com\/de\/#website","url":"https:\/\/avrupaubkdental.com\/de\/","name":"Avrupa UBK Dental","description":"","publisher":{"@id":"https:\/\/avrupaubkdental.com\/de\/#organization"},"potentialAction":[{"@type":"SearchAction","target":{"@type":"EntryPoint","urlTemplate":"https:\/\/avrupaubkdental.com\/de\/?s={search_term_string}"},"query-input":{"@type":"PropertyValueSpecification","valueRequired":true,"valueName":"search_term_string"}}],"inLanguage":"de"},{"@type":"Organization","@id":"https:\/\/avrupaubkdental.com\/de\/#organization","name":"Avrupa UBK Dental","url":"https:\/\/avrupaubkdental.com\/de\/","logo":{"@type":"ImageObject","inLanguage":"de","@id":"https:\/\/avrupaubkdental.com\/de\/#\/schema\/logo\/image\/","url":"https:\/\/avrupaubkdental.com\/wp-content\/uploads\/2023\/09\/cropped-AVR.-DIK-DUZ-SATIR-PNG.png","contentUrl":"https:\/\/avrupaubkdental.com\/wp-content\/uploads\/2023\/09\/cropped-AVR.-DIK-DUZ-SATIR-PNG.png","width":150,"height":150,"caption":"Avrupa UBK Dental"},"image":{"@id":"https:\/\/avrupaubkdental.com\/de\/#\/schema\/logo\/image\/"},"sameAs":["https:\/\/www.instagram.com\/avrupaubkdental\/"]}]}},"_links":{"self":[{"href":"https:\/\/avrupaubkdental.com\/de\/wp-json\/wp\/v2\/pages\/2489","targetHints":{"allow":["GET"]}}],"collection":[{"href":"https:\/\/avrupaubkdental.com\/de\/wp-json\/wp\/v2\/pages"}],"about":[{"href":"https:\/\/avrupaubkdental.com\/de\/wp-json\/wp\/v2\/types\/page"}],"author":[{"embeddable":true,"href":"https:\/\/avrupaubkdental.com\/de\/wp-json\/wp\/v2\/users\/1"}],"replies":[{"embeddable":true,"href":"https:\/\/avrupaubkdental.com\/de\/wp-json\/wp\/v2\/comments?post=2489"}],"version-history":[{"count":5,"href":"https:\/\/avrupaubkdental.com\/de\/wp-json\/wp\/v2\/pages\/2489\/revisions"}],"predecessor-version":[{"id":2494,"href":"https:\/\/avrupaubkdental.com\/de\/wp-json\/wp\/v2\/pages\/2489\/revisions\/2494"}],"wp:attachment":[{"href":"https:\/\/avrupaubkdental.com\/de\/wp-json\/wp\/v2\/media?parent=2489"}],"curies":[{"name":"wp","href":"https:\/\/api.w.org\/{rel}","templated":true}]}}