{"id":2541,"date":"2023-10-10T20:13:03","date_gmt":"2023-10-10T20:13:03","guid":{"rendered":"https:\/\/avrupaubkdental.com\/cbct-einsatz-bei-implantatanwendungen\/"},"modified":"2023-10-14T11:26:06","modified_gmt":"2023-10-14T11:26:06","slug":"cbct-einsatz-bei-implantatanwendungen","status":"publish","type":"page","link":"https:\/\/avrupaubkdental.com\/de\/cbct-einsatz-bei-implantatanwendungen\/","title":{"rendered":"CBCT-Einsatz bei Implantatanwendungen"},"content":{"rendered":"\t\t<div data-elementor-type=\"wp-page\" data-elementor-id=\"2541\" class=\"elementor elementor-2541 elementor-531\">\n\t\t\t\t\t\t<div class=\"elementor-inner\">\n\t\t\t\t<div class=\"elementor-section-wrap\">\n\t\t\t\t\t\t\t\t\t<section class=\"elementor-section elementor-top-section elementor-element elementor-element-7f664886 elementor-section-height-min-height elementor-section-boxed elementor-section-height-default elementor-section-items-middle\" data-id=\"7f664886\" data-element_type=\"section\" data-settings=\"{&quot;background_background&quot;:&quot;classic&quot;}\">\n\t\t\t\t\t\t\t<div class=\"elementor-background-overlay\"><\/div>\n\t\t\t\t\t\t\t<div class=\"elementor-container elementor-column-gap-default\">\n\t\t\t\t\t\t\t<div class=\"elementor-row\">\n\t\t\t\t\t<div class=\"aux-parallax-section elementor-column elementor-col-100 elementor-top-column elementor-element elementor-element-3b147c80\" data-id=\"3b147c80\" data-element_type=\"column\" data-settings=\"{&quot;background_background&quot;:&quot;classic&quot;}\">\n\t\t\t<div class=\"elementor-column-wrap elementor-element-populated\">\n\t\t\t\t\t\t\t<div class=\"elementor-widget-wrap\">\n\t\t\t\t\t\t<div class=\"elementor-element elementor-element-99953b8 elementor-widget elementor-widget-heading\" data-id=\"99953b8\" data-element_type=\"widget\" data-widget_type=\"heading.default\">\n\t\t\t\t<div class=\"elementor-widget-container\">\n\t\t\t<h2 class=\"elementor-heading-title elementor-size-default\">CBCT-Einsatz bei Implantatanwendungen<\/h2>\t\t<\/div>\n\t\t\t\t<\/div>\n\t\t\t\t\t\t<\/div>\n\t\t\t\t\t<\/div>\n\t\t<\/div>\n\t\t\t\t\t\t\t\t<\/div>\n\t\t\t\t\t<\/div>\n\t\t<\/section>\n\t\t\t\t<section class=\"elementor-section elementor-top-section elementor-element elementor-element-575e9284 header2 elementor-section-boxed elementor-section-height-default elementor-section-height-default\" data-id=\"575e9284\" data-element_type=\"section\">\n\t\t\t\t\t\t<div class=\"elementor-container elementor-column-gap-default\">\n\t\t\t\t\t\t\t<div class=\"elementor-row\">\n\t\t\t\t\t<div class=\"aux-parallax-section elementor-column elementor-col-100 elementor-top-column elementor-element elementor-element-1aa4eb8c\" data-id=\"1aa4eb8c\" data-element_type=\"column\">\n\t\t\t<div class=\"elementor-column-wrap elementor-element-populated\">\n\t\t\t\t\t\t\t<div class=\"elementor-widget-wrap\">\n\t\t\t\t\t\t<div class=\"elementor-element elementor-element-25bc1235 elementor-widget elementor-widget-image\" data-id=\"25bc1235\" data-element_type=\"widget\" data-widget_type=\"image.default\">\n\t\t\t\t<div class=\"elementor-widget-container\">\n\t\t\t\t\t\t\t\t<div class=\"elementor-image\">\n\t\t\t\t\t\t\t\t\t\t\t\t<img decoding=\"async\" width=\"1200\" height=\"800\" src=\"https:\/\/avrupaubkdental.com\/wp-content\/uploads\/2023\/09\/disciler.png\" class=\"attachment-full size-full wp-image-1834\" alt=\"\" srcset=\"https:\/\/avrupaubkdental.com\/wp-content\/uploads\/2023\/09\/disciler.png 1200w, https:\/\/avrupaubkdental.com\/wp-content\/uploads\/2023\/09\/disciler-200x133.png 200w\" sizes=\"(max-width: 1200px) 100vw, 1200px\" \/>\t\t\t\t\t\t\t\t\t\t\t\t\t\t<\/div>\n\t\t\t\t\t\t<\/div>\n\t\t\t\t<\/div>\n\t\t\t\t\t\t<\/div>\n\t\t\t\t\t<\/div>\n\t\t<\/div>\n\t\t\t\t\t\t\t\t<\/div>\n\t\t\t\t\t<\/div>\n\t\t<\/section>\n\t\t\t\t<section class=\"elementor-section elementor-top-section elementor-element elementor-element-69bbeebb elementor-section-boxed elementor-section-height-default elementor-section-height-default\" data-id=\"69bbeebb\" data-element_type=\"section\" id=\"abutment\" data-settings=\"{&quot;background_background&quot;:&quot;classic&quot;}\">\n\t\t\t\t\t\t<div class=\"elementor-container elementor-column-gap-default\">\n\t\t\t\t\t\t\t<div class=\"elementor-row\">\n\t\t\t\t\t<div class=\"aux-parallax-section elementor-column elementor-col-50 elementor-top-column elementor-element elementor-element-28687004\" data-id=\"28687004\" data-element_type=\"column\">\n\t\t\t<div class=\"elementor-column-wrap elementor-element-populated\">\n\t\t\t\t\t\t\t<div class=\"elementor-widget-wrap\">\n\t\t\t\t\t\t<div class=\"elementor-element elementor-element-4f1077c2 elementor-widget elementor-widget-text-editor\" data-id=\"4f1077c2\" data-element_type=\"widget\" data-widget_type=\"text-editor.default\">\n\t\t\t\t<div class=\"elementor-widget-container\">\n\t\t\t\t\t\t\t\t<div class=\"elementor-text-editor elementor-clearfix\">\n\t\t\t\t<p>Zahnimplantate sind eine hochwirksame Behandlungsoption, um verloren gegangene Z\u00e4hne zu ersetzen und die Mundfunktionen der Patienten wiederherzustellen. Mit dem technologischen Fortschritt sind die Implantatanwendungen immer fortschrittlicher und erfolgreicher geworden. Im Rahmen dieser Fortschritte spielen digitale Bildgebungsverfahren wie die Cone Beam Computed Tomography (CBCT) eine wichtige Rolle bei der Implantatbehandlung.<\/p><p>CBCT ist ein dreidimensionales radiologisches Bildgebungsverfahren, das in der Medizin und Zahnmedizin eingesetzt wird. Es erzeugt hochaufl\u00f6sende 3D-Bilder mit Hilfe konischer Strahlen. Diese Technologie ist besonders wichtig f\u00fcr intraorale Verfahren wie Zahnimplantate.<\/p>\t\t\t\t\t<\/div>\n\t\t\t\t\t\t<\/div>\n\t\t\t\t<\/div>\n\t\t\t\t\t\t<\/div>\n\t\t\t\t\t<\/div>\n\t\t<\/div>\n\t\t\t\t<div class=\"aux-parallax-section elementor-column elementor-col-50 elementor-top-column elementor-element elementor-element-6f14f778 header1\" data-id=\"6f14f778\" data-element_type=\"column\">\n\t\t\t<div class=\"elementor-column-wrap elementor-element-populated\">\n\t\t\t\t\t\t\t<div class=\"elementor-widget-wrap\">\n\t\t\t\t\t\t<div class=\"elementor-element elementor-element-53af383a elementor-widget elementor-widget-image\" data-id=\"53af383a\" data-element_type=\"widget\" data-widget_type=\"image.default\">\n\t\t\t\t<div class=\"elementor-widget-container\">\n\t\t\t\t\t\t\t\t<div class=\"elementor-image\">\n\t\t\t\t\t\t\t\t\t\t\t\t<img decoding=\"async\" width=\"1200\" height=\"800\" src=\"https:\/\/avrupaubkdental.com\/wp-content\/uploads\/2023\/09\/disciler.png\" class=\"attachment-full size-full wp-image-1834\" alt=\"\" srcset=\"https:\/\/avrupaubkdental.com\/wp-content\/uploads\/2023\/09\/disciler.png 1200w, https:\/\/avrupaubkdental.com\/wp-content\/uploads\/2023\/09\/disciler-200x133.png 200w\" sizes=\"(max-width: 1200px) 100vw, 1200px\" \/>\t\t\t\t\t\t\t\t\t\t\t\t\t\t<\/div>\n\t\t\t\t\t\t<\/div>\n\t\t\t\t<\/div>\n\t\t\t\t\t\t<\/div>\n\t\t\t\t\t<\/div>\n\t\t<\/div>\n\t\t\t\t\t\t\t\t<\/div>\n\t\t\t\t\t<\/div>\n\t\t<\/section>\n\t\t\t\t<section class=\"elementor-section elementor-top-section elementor-element elementor-element-630e0db1 elementor-section-boxed elementor-section-height-default elementor-section-height-default\" data-id=\"630e0db1\" data-element_type=\"section\" id=\"tur\" data-settings=\"{&quot;background_background&quot;:&quot;classic&quot;}\">\n\t\t\t\t\t\t<div class=\"elementor-container elementor-column-gap-default\">\n\t\t\t\t\t\t\t<div class=\"elementor-row\">\n\t\t\t\t\t<div class=\"aux-parallax-section elementor-column elementor-col-50 elementor-top-column elementor-element elementor-element-27568c5c\" data-id=\"27568c5c\" data-element_type=\"column\">\n\t\t\t<div class=\"elementor-column-wrap elementor-element-populated\">\n\t\t\t\t\t\t\t<div class=\"elementor-widget-wrap\">\n\t\t\t\t\t\t<div class=\"elementor-element elementor-element-56c41d7b elementor-widget elementor-widget-image\" data-id=\"56c41d7b\" data-element_type=\"widget\" data-widget_type=\"image.default\">\n\t\t\t\t<div class=\"elementor-widget-container\">\n\t\t\t\t\t\t\t\t<div class=\"elementor-image\">\n\t\t\t\t\t\t\t\t\t\t\t\t<img decoding=\"async\" width=\"1200\" height=\"800\" src=\"https:\/\/avrupaubkdental.com\/wp-content\/uploads\/2023\/09\/33.png\" class=\"attachment-full size-full wp-image-1838\" alt=\"\" srcset=\"https:\/\/avrupaubkdental.com\/wp-content\/uploads\/2023\/09\/33.png 1200w, https:\/\/avrupaubkdental.com\/wp-content\/uploads\/2023\/09\/33-200x133.png 200w\" sizes=\"(max-width: 1200px) 100vw, 1200px\" \/>\t\t\t\t\t\t\t\t\t\t\t\t\t\t<\/div>\n\t\t\t\t\t\t<\/div>\n\t\t\t\t<\/div>\n\t\t\t\t\t\t<\/div>\n\t\t\t\t\t<\/div>\n\t\t<\/div>\n\t\t\t\t<div class=\"aux-parallax-section elementor-column elementor-col-50 elementor-top-column elementor-element elementor-element-6b71d922\" data-id=\"6b71d922\" data-element_type=\"column\">\n\t\t\t<div class=\"elementor-column-wrap elementor-element-populated\">\n\t\t\t\t\t\t\t<div class=\"elementor-widget-wrap\">\n\t\t\t\t\t\t<div class=\"elementor-element elementor-element-7b40690e elementor-widget elementor-widget-text-editor\" data-id=\"7b40690e\" data-element_type=\"widget\" data-widget_type=\"text-editor.default\">\n\t\t\t\t<div class=\"elementor-widget-container\">\n\t\t\t\t\t\t\t\t<div class=\"elementor-text-editor elementor-clearfix\">\n\t\t\t\t<ol><li><p>Zahnimplantate sind eine hochwirksame Behandlungsoption, um verloren gegangene Z\u00e4hne zu ersetzen und die Mundfunktionen der Patienten wiederherzustellen. Mit dem technologischen Fortschritt sind die Implantatanwendungen immer fortschrittlicher und erfolgreicher geworden. Im Rahmen dieser Fortschritte spielen digitale Bildgebungsverfahren wie die Cone Beam Computed Tomography (CBCT) eine wichtige Rolle bei der Implantatbehandlung.<\/p><p>CBCT ist ein dreidimensionales radiologisches Bildgebungsverfahren, das in der Medizin und Zahnmedizin eingesetzt wird. Es erzeugt hochaufl\u00f6sende 3D-Bilder mit Hilfe konischer Strahlen. Diese Technologie ist besonders wichtig f\u00fcr intraorale Verfahren wie Zahnimplantate.<\/p><\/li><\/ol>\t\t\t\t\t<\/div>\n\t\t\t\t\t\t<\/div>\n\t\t\t\t<\/div>\n\t\t\t\t\t\t<\/div>\n\t\t\t\t\t<\/div>\n\t\t<\/div>\n\t\t\t\t\t\t\t\t<\/div>\n\t\t\t\t\t<\/div>\n\t\t<\/section>\n\t\t\t\t<section class=\"elementor-section elementor-top-section elementor-element elementor-element-79c09534 header2 elementor-section-boxed elementor-section-height-default elementor-section-height-default\" data-id=\"79c09534\" data-element_type=\"section\">\n\t\t\t\t\t\t<div class=\"elementor-container elementor-column-gap-default\">\n\t\t\t\t\t\t\t<div class=\"elementor-row\">\n\t\t\t\t\t<div class=\"aux-parallax-section elementor-column elementor-col-100 elementor-top-column elementor-element elementor-element-688cb5c6\" data-id=\"688cb5c6\" data-element_type=\"column\">\n\t\t\t<div class=\"elementor-column-wrap elementor-element-populated\">\n\t\t\t\t\t\t\t<div class=\"elementor-widget-wrap\">\n\t\t\t\t\t\t<div class=\"elementor-element elementor-element-1f4db389 elementor-widget elementor-widget-image\" data-id=\"1f4db389\" data-element_type=\"widget\" data-widget_type=\"image.default\">\n\t\t\t\t<div class=\"elementor-widget-container\">\n\t\t\t\t\t\t\t\t<div class=\"elementor-image\">\n\t\t\t\t\t\t\t\t\t\t\t\t<img decoding=\"async\" width=\"800\" height=\"533\" src=\"https:\/\/avrupaubkdental.com\/wp-content\/uploads\/2023\/09\/1325423.png\" class=\"attachment-full size-full wp-image-1982\" alt=\"\" srcset=\"https:\/\/avrupaubkdental.com\/wp-content\/uploads\/2023\/09\/1325423.png 800w, https:\/\/avrupaubkdental.com\/wp-content\/uploads\/2023\/09\/1325423-200x133.png 200w\" sizes=\"(max-width: 800px) 100vw, 800px\" \/>\t\t\t\t\t\t\t\t\t\t\t\t\t\t<\/div>\n\t\t\t\t\t\t<\/div>\n\t\t\t\t<\/div>\n\t\t\t\t\t\t<\/div>\n\t\t\t\t\t<\/div>\n\t\t<\/div>\n\t\t\t\t\t\t\t\t<\/div>\n\t\t\t\t\t<\/div>\n\t\t<\/section>\n\t\t\t\t<section class=\"elementor-section elementor-top-section elementor-element elementor-element-687dad4f elementor-section-boxed elementor-section-height-default elementor-section-height-default\" data-id=\"687dad4f\" data-element_type=\"section\" data-settings=\"{&quot;background_background&quot;:&quot;classic&quot;}\">\n\t\t\t\t\t\t<div class=\"elementor-container elementor-column-gap-default\">\n\t\t\t\t\t\t\t<div class=\"elementor-row\">\n\t\t\t\t\t<div class=\"aux-parallax-section elementor-column elementor-col-50 elementor-top-column elementor-element elementor-element-4c0c9756\" data-id=\"4c0c9756\" data-element_type=\"column\">\n\t\t\t<div class=\"elementor-column-wrap elementor-element-populated\">\n\t\t\t\t\t\t\t<div class=\"elementor-widget-wrap\">\n\t\t\t\t\t\t<div class=\"elementor-element elementor-element-5b5abd25 elementor-widget elementor-widget-text-editor\" data-id=\"5b5abd25\" data-element_type=\"widget\" data-widget_type=\"text-editor.default\">\n\t\t\t\t<div class=\"elementor-widget-container\">\n\t\t\t\t\t\t\t\t<div class=\"elementor-text-editor elementor-clearfix\">\n\t\t\t\t<p>CBCT-Scans werden in Zahnkliniken oder Radiologiezentren durchgef\u00fchrt. W\u00e4hrend des Verfahrens stehen die Patienten in einer festen Position und das CBCT-Ger\u00e4t rotiert um den Kiefer. W\u00e4hrend des Verfahrens ist der Patient nur einer minimalen Strahlung ausgesetzt. Die gewonnenen Bilder werden dann von Zahn\u00e4rzten analysiert und die Behandlung geplant.<\/p><p>Zusammenfassend l\u00e4sst sich sagen, dass digitale Bildgebungsverfahren wie das CBCT ein wichtiges Instrument sind, um komplexe Verfahren wie Zahnimplantate sicherer und erfolgreicher durchzuf\u00fchren. Diese Technologie tr\u00e4gt dazu bei, Implantatanwendungen individueller und patientenorientierter zu gestalten. Allerdings erfordern CBCT-Scans Fachwissen und sollten nur von einem erfahrenen Zahnarzt interpretiert werden. Daher ist es wichtig, sich vor der Beantragung von Zahnimplantaten an einen Spezialisten zu wenden.<\/p>\t\t\t\t\t<\/div>\n\t\t\t\t\t\t<\/div>\n\t\t\t\t<\/div>\n\t\t\t\t\t\t<\/div>\n\t\t\t\t\t<\/div>\n\t\t<\/div>\n\t\t\t\t<div class=\"aux-parallax-section elementor-column elementor-col-50 elementor-top-column elementor-element elementor-element-6e488f9f header1\" data-id=\"6e488f9f\" data-element_type=\"column\">\n\t\t\t<div class=\"elementor-column-wrap elementor-element-populated\">\n\t\t\t\t\t\t\t<div class=\"elementor-widget-wrap\">\n\t\t\t\t\t\t<div class=\"elementor-element elementor-element-29cb5724 elementor-widget elementor-widget-image\" data-id=\"29cb5724\" data-element_type=\"widget\" data-widget_type=\"image.default\">\n\t\t\t\t<div class=\"elementor-widget-container\">\n\t\t\t\t\t\t\t\t<div class=\"elementor-image\">\n\t\t\t\t\t\t\t\t\t\t\t\t<img decoding=\"async\" width=\"800\" height=\"533\" src=\"https:\/\/avrupaubkdental.com\/wp-content\/uploads\/2023\/09\/1325423.png\" class=\"attachment-full size-full wp-image-1982\" alt=\"\" srcset=\"https:\/\/avrupaubkdental.com\/wp-content\/uploads\/2023\/09\/1325423.png 800w, https:\/\/avrupaubkdental.com\/wp-content\/uploads\/2023\/09\/1325423-200x133.png 200w\" sizes=\"(max-width: 800px) 100vw, 800px\" \/>\t\t\t\t\t\t\t\t\t\t\t\t\t\t<\/div>\n\t\t\t\t\t\t<\/div>\n\t\t\t\t<\/div>\n\t\t\t\t\t\t<\/div>\n\t\t\t\t\t<\/div>\n\t\t<\/div>\n\t\t\t\t\t\t\t\t<\/div>\n\t\t\t\t\t<\/div>\n\t\t<\/section>\n\t\t\t\t\t\t\t\t\t<\/div>\n\t\t\t<\/div>\n\t\t\t\t\t<\/div>\n\t\t","protected":false},"excerpt":{"rendered":"<p>CBCT-Einsatz bei Implantatanwendungen Zahnimplantate sind eine hochwirksame Behandlungsoption, um verloren gegangene Z\u00e4hne zu ersetzen und die Mundfunktionen der Patienten wiederherzustellen. Mit dem technologischen Fortschritt sind die Implantatanwendungen immer fortschrittlicher und erfolgreicher geworden. Im Rahmen dieser Fortschritte spielen digitale Bildgebungsverfahren wie die Cone Beam Computed Tomography (CBCT) eine wichtige Rolle bei der Implantatbehandlung. CBCT ist ein [&hellip;]<\/p>\n","protected":false},"author":1,"featured_media":0,"parent":0,"menu_order":0,"comment_status":"closed","ping_status":"closed","template":"elementor_header_footer","meta":{"_joinchat":[],"footnotes":""},"class_list":["post-2541","page","type-page","status-publish","hentry"],"yoast_head":"<!-- This site is optimized with the Yoast SEO plugin v27.4 - https:\/\/yoast.com\/product\/yoast-seo-wordpress\/ -->\n<title>CBCT-Einsatz bei Implantatanwendungen - Avrupa UBK Dental Bayrampa\u015fa<\/title>\n<meta name=\"robots\" content=\"index, follow, max-snippet:-1, max-image-preview:large, max-video-preview:-1\" \/>\n<link rel=\"canonical\" href=\"https:\/\/avrupaubkdental.com\/de\/cbct-einsatz-bei-implantatanwendungen\/\" \/>\n<meta property=\"og:locale\" content=\"de_DE\" \/>\n<meta property=\"og:type\" content=\"article\" \/>\n<meta property=\"og:title\" content=\"CBCT-Einsatz bei Implantatanwendungen - Avrupa UBK Dental Bayrampa\u015fa\" \/>\n<meta property=\"og:description\" content=\"CBCT-Einsatz bei Implantatanwendungen Zahnimplantate sind eine hochwirksame Behandlungsoption, um verloren gegangene Z\u00e4hne zu ersetzen und die Mundfunktionen der Patienten wiederherzustellen. Mit dem technologischen Fortschritt sind die Implantatanwendungen immer fortschrittlicher und erfolgreicher geworden. Im Rahmen dieser Fortschritte spielen digitale Bildgebungsverfahren wie die Cone Beam Computed Tomography (CBCT) eine wichtige Rolle bei der Implantatbehandlung. CBCT ist ein [&hellip;]\" \/>\n<meta property=\"og:url\" content=\"https:\/\/avrupaubkdental.com\/de\/cbct-einsatz-bei-implantatanwendungen\/\" \/>\n<meta property=\"og:site_name\" content=\"Avrupa UBK Dental Bayrampa\u015fa\" \/>\n<meta property=\"article:modified_time\" content=\"2023-10-14T11:26:06+00:00\" \/>\n<meta property=\"og:image\" content=\"http:\/\/avrupaubkdental.com\/wp-content\/uploads\/2023\/09\/disciler.png\" \/>\n<meta name=\"twitter:card\" content=\"summary_large_image\" \/>\n<meta name=\"twitter:label1\" content=\"Gesch\u00e4tzte Lesezeit\" \/>\n\t<meta name=\"twitter:data1\" content=\"1\u00a0Minute\" \/>\n<script type=\"application\/ld+json\" class=\"yoast-schema-graph\">{\"@context\":\"https:\\\/\\\/schema.org\",\"@graph\":[{\"@type\":\"WebPage\",\"@id\":\"https:\\\/\\\/avrupaubkdental.com\\\/de\\\/cbct-einsatz-bei-implantatanwendungen\\\/\",\"url\":\"https:\\\/\\\/avrupaubkdental.com\\\/de\\\/cbct-einsatz-bei-implantatanwendungen\\\/\",\"name\":\"CBCT-Einsatz bei Implantatanwendungen - Avrupa UBK Dental Bayrampa\u015fa\",\"isPartOf\":{\"@id\":\"https:\\\/\\\/avrupaubkdental.com\\\/de\\\/#website\"},\"primaryImageOfPage\":{\"@id\":\"https:\\\/\\\/avrupaubkdental.com\\\/de\\\/cbct-einsatz-bei-implantatanwendungen\\\/#primaryimage\"},\"image\":{\"@id\":\"https:\\\/\\\/avrupaubkdental.com\\\/de\\\/cbct-einsatz-bei-implantatanwendungen\\\/#primaryimage\"},\"thumbnailUrl\":\"http:\\\/\\\/avrupaubkdental.com\\\/wp-content\\\/uploads\\\/2023\\\/09\\\/disciler.png\",\"datePublished\":\"2023-10-10T20:13:03+00:00\",\"dateModified\":\"2023-10-14T11:26:06+00:00\",\"breadcrumb\":{\"@id\":\"https:\\\/\\\/avrupaubkdental.com\\\/de\\\/cbct-einsatz-bei-implantatanwendungen\\\/#breadcrumb\"},\"inLanguage\":\"de\",\"potentialAction\":[{\"@type\":\"ReadAction\",\"target\":[\"https:\\\/\\\/avrupaubkdental.com\\\/de\\\/cbct-einsatz-bei-implantatanwendungen\\\/\"]}]},{\"@type\":\"ImageObject\",\"inLanguage\":\"de\",\"@id\":\"https:\\\/\\\/avrupaubkdental.com\\\/de\\\/cbct-einsatz-bei-implantatanwendungen\\\/#primaryimage\",\"url\":\"http:\\\/\\\/avrupaubkdental.com\\\/wp-content\\\/uploads\\\/2023\\\/09\\\/disciler.png\",\"contentUrl\":\"http:\\\/\\\/avrupaubkdental.com\\\/wp-content\\\/uploads\\\/2023\\\/09\\\/disciler.png\"},{\"@type\":\"BreadcrumbList\",\"@id\":\"https:\\\/\\\/avrupaubkdental.com\\\/de\\\/cbct-einsatz-bei-implantatanwendungen\\\/#breadcrumb\",\"itemListElement\":[{\"@type\":\"ListItem\",\"position\":1,\"name\":\"Home\",\"item\":\"https:\\\/\\\/avrupaubkdental.com\\\/de\\\/\"},{\"@type\":\"ListItem\",\"position\":2,\"name\":\"CBCT-Einsatz bei Implantatanwendungen\"}]},{\"@type\":\"WebSite\",\"@id\":\"https:\\\/\\\/avrupaubkdental.com\\\/de\\\/#website\",\"url\":\"https:\\\/\\\/avrupaubkdental.com\\\/de\\\/\",\"name\":\"Avrupa UBK Dental\",\"description\":\"\",\"publisher\":{\"@id\":\"https:\\\/\\\/avrupaubkdental.com\\\/de\\\/#organization\"},\"potentialAction\":[{\"@type\":\"SearchAction\",\"target\":{\"@type\":\"EntryPoint\",\"urlTemplate\":\"https:\\\/\\\/avrupaubkdental.com\\\/de\\\/?s={search_term_string}\"},\"query-input\":{\"@type\":\"PropertyValueSpecification\",\"valueRequired\":true,\"valueName\":\"search_term_string\"}}],\"inLanguage\":\"de\"},{\"@type\":\"Organization\",\"@id\":\"https:\\\/\\\/avrupaubkdental.com\\\/de\\\/#organization\",\"name\":\"Avrupa UBK Dental\",\"url\":\"https:\\\/\\\/avrupaubkdental.com\\\/de\\\/\",\"logo\":{\"@type\":\"ImageObject\",\"inLanguage\":\"de\",\"@id\":\"https:\\\/\\\/avrupaubkdental.com\\\/de\\\/#\\\/schema\\\/logo\\\/image\\\/\",\"url\":\"https:\\\/\\\/avrupaubkdental.com\\\/wp-content\\\/uploads\\\/2023\\\/09\\\/cropped-AVR.-DIK-DUZ-SATIR-PNG.png\",\"contentUrl\":\"https:\\\/\\\/avrupaubkdental.com\\\/wp-content\\\/uploads\\\/2023\\\/09\\\/cropped-AVR.-DIK-DUZ-SATIR-PNG.png\",\"width\":150,\"height\":150,\"caption\":\"Avrupa UBK Dental\"},\"image\":{\"@id\":\"https:\\\/\\\/avrupaubkdental.com\\\/de\\\/#\\\/schema\\\/logo\\\/image\\\/\"},\"sameAs\":[\"https:\\\/\\\/www.instagram.com\\\/avrupaubkdental\\\/\"]}]}<\/script>\n<!-- \/ Yoast SEO plugin. -->","yoast_head_json":{"title":"CBCT-Einsatz bei Implantatanwendungen - Avrupa UBK Dental Bayrampa\u015fa","robots":{"index":"index","follow":"follow","max-snippet":"max-snippet:-1","max-image-preview":"max-image-preview:large","max-video-preview":"max-video-preview:-1"},"canonical":"https:\/\/avrupaubkdental.com\/de\/cbct-einsatz-bei-implantatanwendungen\/","og_locale":"de_DE","og_type":"article","og_title":"CBCT-Einsatz bei Implantatanwendungen - Avrupa UBK Dental Bayrampa\u015fa","og_description":"CBCT-Einsatz bei Implantatanwendungen Zahnimplantate sind eine hochwirksame Behandlungsoption, um verloren gegangene Z\u00e4hne zu ersetzen und die Mundfunktionen der Patienten wiederherzustellen. Mit dem technologischen Fortschritt sind die Implantatanwendungen immer fortschrittlicher und erfolgreicher geworden. Im Rahmen dieser Fortschritte spielen digitale Bildgebungsverfahren wie die Cone Beam Computed Tomography (CBCT) eine wichtige Rolle bei der Implantatbehandlung. CBCT ist ein [&hellip;]","og_url":"https:\/\/avrupaubkdental.com\/de\/cbct-einsatz-bei-implantatanwendungen\/","og_site_name":"Avrupa UBK Dental Bayrampa\u015fa","article_modified_time":"2023-10-14T11:26:06+00:00","og_image":[{"url":"http:\/\/avrupaubkdental.com\/wp-content\/uploads\/2023\/09\/disciler.png","type":"","width":"","height":""}],"twitter_card":"summary_large_image","twitter_misc":{"Gesch\u00e4tzte Lesezeit":"1\u00a0Minute"},"schema":{"@context":"https:\/\/schema.org","@graph":[{"@type":"WebPage","@id":"https:\/\/avrupaubkdental.com\/de\/cbct-einsatz-bei-implantatanwendungen\/","url":"https:\/\/avrupaubkdental.com\/de\/cbct-einsatz-bei-implantatanwendungen\/","name":"CBCT-Einsatz bei Implantatanwendungen - Avrupa UBK Dental Bayrampa\u015fa","isPartOf":{"@id":"https:\/\/avrupaubkdental.com\/de\/#website"},"primaryImageOfPage":{"@id":"https:\/\/avrupaubkdental.com\/de\/cbct-einsatz-bei-implantatanwendungen\/#primaryimage"},"image":{"@id":"https:\/\/avrupaubkdental.com\/de\/cbct-einsatz-bei-implantatanwendungen\/#primaryimage"},"thumbnailUrl":"http:\/\/avrupaubkdental.com\/wp-content\/uploads\/2023\/09\/disciler.png","datePublished":"2023-10-10T20:13:03+00:00","dateModified":"2023-10-14T11:26:06+00:00","breadcrumb":{"@id":"https:\/\/avrupaubkdental.com\/de\/cbct-einsatz-bei-implantatanwendungen\/#breadcrumb"},"inLanguage":"de","potentialAction":[{"@type":"ReadAction","target":["https:\/\/avrupaubkdental.com\/de\/cbct-einsatz-bei-implantatanwendungen\/"]}]},{"@type":"ImageObject","inLanguage":"de","@id":"https:\/\/avrupaubkdental.com\/de\/cbct-einsatz-bei-implantatanwendungen\/#primaryimage","url":"http:\/\/avrupaubkdental.com\/wp-content\/uploads\/2023\/09\/disciler.png","contentUrl":"http:\/\/avrupaubkdental.com\/wp-content\/uploads\/2023\/09\/disciler.png"},{"@type":"BreadcrumbList","@id":"https:\/\/avrupaubkdental.com\/de\/cbct-einsatz-bei-implantatanwendungen\/#breadcrumb","itemListElement":[{"@type":"ListItem","position":1,"name":"Home","item":"https:\/\/avrupaubkdental.com\/de\/"},{"@type":"ListItem","position":2,"name":"CBCT-Einsatz bei Implantatanwendungen"}]},{"@type":"WebSite","@id":"https:\/\/avrupaubkdental.com\/de\/#website","url":"https:\/\/avrupaubkdental.com\/de\/","name":"Avrupa UBK Dental","description":"","publisher":{"@id":"https:\/\/avrupaubkdental.com\/de\/#organization"},"potentialAction":[{"@type":"SearchAction","target":{"@type":"EntryPoint","urlTemplate":"https:\/\/avrupaubkdental.com\/de\/?s={search_term_string}"},"query-input":{"@type":"PropertyValueSpecification","valueRequired":true,"valueName":"search_term_string"}}],"inLanguage":"de"},{"@type":"Organization","@id":"https:\/\/avrupaubkdental.com\/de\/#organization","name":"Avrupa UBK Dental","url":"https:\/\/avrupaubkdental.com\/de\/","logo":{"@type":"ImageObject","inLanguage":"de","@id":"https:\/\/avrupaubkdental.com\/de\/#\/schema\/logo\/image\/","url":"https:\/\/avrupaubkdental.com\/wp-content\/uploads\/2023\/09\/cropped-AVR.-DIK-DUZ-SATIR-PNG.png","contentUrl":"https:\/\/avrupaubkdental.com\/wp-content\/uploads\/2023\/09\/cropped-AVR.-DIK-DUZ-SATIR-PNG.png","width":150,"height":150,"caption":"Avrupa UBK Dental"},"image":{"@id":"https:\/\/avrupaubkdental.com\/de\/#\/schema\/logo\/image\/"},"sameAs":["https:\/\/www.instagram.com\/avrupaubkdental\/"]}]}},"_links":{"self":[{"href":"https:\/\/avrupaubkdental.com\/de\/wp-json\/wp\/v2\/pages\/2541","targetHints":{"allow":["GET"]}}],"collection":[{"href":"https:\/\/avrupaubkdental.com\/de\/wp-json\/wp\/v2\/pages"}],"about":[{"href":"https:\/\/avrupaubkdental.com\/de\/wp-json\/wp\/v2\/types\/page"}],"author":[{"embeddable":true,"href":"https:\/\/avrupaubkdental.com\/de\/wp-json\/wp\/v2\/users\/1"}],"replies":[{"embeddable":true,"href":"https:\/\/avrupaubkdental.com\/de\/wp-json\/wp\/v2\/comments?post=2541"}],"version-history":[{"count":8,"href":"https:\/\/avrupaubkdental.com\/de\/wp-json\/wp\/v2\/pages\/2541\/revisions"}],"predecessor-version":[{"id":3034,"href":"https:\/\/avrupaubkdental.com\/de\/wp-json\/wp\/v2\/pages\/2541\/revisions\/3034"}],"wp:attachment":[{"href":"https:\/\/avrupaubkdental.com\/de\/wp-json\/wp\/v2\/media?parent=2541"}],"curies":[{"name":"wp","href":"https:\/\/api.w.org\/{rel}","templated":true}]}}