{"id":2565,"date":"2023-10-10T20:32:26","date_gmt":"2023-10-10T20:32:26","guid":{"rendered":"https:\/\/avrupaubkdental.com\/porzellan-laminat-furnier\/"},"modified":"2023-10-10T20:33:30","modified_gmt":"2023-10-10T20:33:30","slug":"porzellan-laminat-furnier","status":"publish","type":"page","link":"https:\/\/avrupaubkdental.com\/de\/porzellan-laminat-furnier\/","title":{"rendered":"Porzellan-Laminat-Furnier"},"content":{"rendered":"\t\t<div data-elementor-type=\"wp-page\" data-elementor-id=\"2565\" class=\"elementor elementor-2565 elementor-483\">\n\t\t\t\t\t\t<div class=\"elementor-inner\">\n\t\t\t\t<div class=\"elementor-section-wrap\">\n\t\t\t\t\t\t\t\t\t<section class=\"elementor-section elementor-top-section elementor-element elementor-element-6eae208b elementor-section-height-min-height elementor-section-boxed elementor-section-height-default elementor-section-items-middle\" data-id=\"6eae208b\" data-element_type=\"section\" data-settings=\"{&quot;background_background&quot;:&quot;classic&quot;}\">\n\t\t\t\t\t\t\t<div class=\"elementor-background-overlay\"><\/div>\n\t\t\t\t\t\t\t<div class=\"elementor-container elementor-column-gap-default\">\n\t\t\t\t\t\t\t<div class=\"elementor-row\">\n\t\t\t\t\t<div class=\"aux-parallax-section elementor-column elementor-col-100 elementor-top-column elementor-element elementor-element-54f88d22\" data-id=\"54f88d22\" data-element_type=\"column\" data-settings=\"{&quot;background_background&quot;:&quot;classic&quot;}\">\n\t\t\t<div class=\"elementor-column-wrap elementor-element-populated\">\n\t\t\t\t\t\t\t<div class=\"elementor-widget-wrap\">\n\t\t\t\t\t\t<div class=\"elementor-element elementor-element-7207aa7f elementor-widget elementor-widget-heading\" data-id=\"7207aa7f\" data-element_type=\"widget\" data-widget_type=\"heading.default\">\n\t\t\t\t<div class=\"elementor-widget-container\">\n\t\t\t<h2 class=\"elementor-heading-title elementor-size-default\">Porzellan-Laminat-Furnier<\/h2>\t\t<\/div>\n\t\t\t\t<\/div>\n\t\t\t\t\t\t<\/div>\n\t\t\t\t\t<\/div>\n\t\t<\/div>\n\t\t\t\t\t\t\t\t<\/div>\n\t\t\t\t\t<\/div>\n\t\t<\/section>\n\t\t\t\t<section class=\"elementor-section elementor-top-section elementor-element elementor-element-4e9954e0 header2 elementor-section-boxed elementor-section-height-default elementor-section-height-default\" data-id=\"4e9954e0\" data-element_type=\"section\">\n\t\t\t\t\t\t<div class=\"elementor-container elementor-column-gap-default\">\n\t\t\t\t\t\t\t<div class=\"elementor-row\">\n\t\t\t\t\t<div class=\"aux-parallax-section elementor-column elementor-col-100 elementor-top-column elementor-element elementor-element-143a3248\" data-id=\"143a3248\" data-element_type=\"column\">\n\t\t\t<div class=\"elementor-column-wrap elementor-element-populated\">\n\t\t\t\t\t\t\t<div class=\"elementor-widget-wrap\">\n\t\t\t\t\t\t<div class=\"elementor-element elementor-element-79c7d57a elementor-widget elementor-widget-image\" data-id=\"79c7d57a\" data-element_type=\"widget\" data-widget_type=\"image.default\">\n\t\t\t\t<div class=\"elementor-widget-container\">\n\t\t\t\t\t\t\t\t<div class=\"elementor-image\">\n\t\t\t\t\t\t\t\t\t\t\t\t<img decoding=\"async\" width=\"800\" height=\"533\" src=\"https:\/\/avrupaubkdental.com\/wp-content\/uploads\/2023\/09\/865745.png\" class=\"attachment-full size-full wp-image-2054\" alt=\"\" srcset=\"https:\/\/avrupaubkdental.com\/wp-content\/uploads\/2023\/09\/865745.png 800w, https:\/\/avrupaubkdental.com\/wp-content\/uploads\/2023\/09\/865745-200x133.png 200w\" sizes=\"(max-width: 800px) 100vw, 800px\" \/>\t\t\t\t\t\t\t\t\t\t\t\t\t\t<\/div>\n\t\t\t\t\t\t<\/div>\n\t\t\t\t<\/div>\n\t\t\t\t\t\t<\/div>\n\t\t\t\t\t<\/div>\n\t\t<\/div>\n\t\t\t\t\t\t\t\t<\/div>\n\t\t\t\t\t<\/div>\n\t\t<\/section>\n\t\t\t\t<section class=\"elementor-section elementor-top-section elementor-element elementor-element-37ae63b4 elementor-section-boxed elementor-section-height-default elementor-section-height-default\" data-id=\"37ae63b4\" data-element_type=\"section\" id=\"abutment\" data-settings=\"{&quot;background_background&quot;:&quot;classic&quot;}\">\n\t\t\t\t\t\t<div class=\"elementor-container elementor-column-gap-default\">\n\t\t\t\t\t\t\t<div class=\"elementor-row\">\n\t\t\t\t\t<div class=\"aux-parallax-section elementor-column elementor-col-50 elementor-top-column elementor-element elementor-element-71fdfa62\" data-id=\"71fdfa62\" data-element_type=\"column\">\n\t\t\t<div class=\"elementor-column-wrap elementor-element-populated\">\n\t\t\t\t\t\t\t<div class=\"elementor-widget-wrap\">\n\t\t\t\t\t\t<div class=\"elementor-element elementor-element-74467cc8 elementor-widget elementor-widget-text-editor\" data-id=\"74467cc8\" data-element_type=\"widget\" data-widget_type=\"text-editor.default\">\n\t\t\t\t<div class=\"elementor-widget-container\">\n\t\t\t\t\t\t\t\t<div class=\"elementor-text-editor elementor-clearfix\">\n\t\t\t\t<p>Porzellan-Laminat-Veneers sind eine beliebte Behandlungsoption in der Zahnmedizin, um ein \u00e4sthetisches L\u00e4cheln zu formen. Diese d\u00fcnnen Porzellanverblendschalen werden verwendet, um das Aussehen der Frontz\u00e4hne zu verbessern und \u00e4sthetische Probleme zu l\u00f6sen. In diesem Artikel wird erl\u00e4utert, was Porzellanlaminat-Veneers sind, wie sie angewendet werden und welche Vorteile sie haben.<\/p><p>Porzellan-Laminat-Veneers sind d\u00fcnne Schichten von Porzellan-Veneers, die normalerweise auf die Frontz\u00e4hne geklebt werden. Diese Verblendschalen werden verwendet, um die Farbe, Form, Gr\u00f6\u00dfe und sogar die Ausrichtung der Z\u00e4hne zu ver\u00e4ndern. Hier finden Sie weitere Informationen \u00fcber Porzellan-Laminat-Veneers:<\/p>\t\t\t\t\t<\/div>\n\t\t\t\t\t\t<\/div>\n\t\t\t\t<\/div>\n\t\t\t\t\t\t<\/div>\n\t\t\t\t\t<\/div>\n\t\t<\/div>\n\t\t\t\t<div class=\"aux-parallax-section elementor-column elementor-col-50 elementor-top-column elementor-element elementor-element-51b2210d header1\" data-id=\"51b2210d\" data-element_type=\"column\">\n\t\t\t<div class=\"elementor-column-wrap elementor-element-populated\">\n\t\t\t\t\t\t\t<div class=\"elementor-widget-wrap\">\n\t\t\t\t\t\t<div class=\"elementor-element elementor-element-7f20c0c6 elementor-widget elementor-widget-image\" data-id=\"7f20c0c6\" data-element_type=\"widget\" data-widget_type=\"image.default\">\n\t\t\t\t<div class=\"elementor-widget-container\">\n\t\t\t\t\t\t\t\t<div class=\"elementor-image\">\n\t\t\t\t\t\t\t\t\t\t\t\t<img decoding=\"async\" width=\"800\" height=\"533\" src=\"https:\/\/avrupaubkdental.com\/wp-content\/uploads\/2023\/09\/865745.png\" class=\"attachment-full size-full wp-image-2054\" alt=\"\" srcset=\"https:\/\/avrupaubkdental.com\/wp-content\/uploads\/2023\/09\/865745.png 800w, https:\/\/avrupaubkdental.com\/wp-content\/uploads\/2023\/09\/865745-200x133.png 200w\" sizes=\"(max-width: 800px) 100vw, 800px\" \/>\t\t\t\t\t\t\t\t\t\t\t\t\t\t<\/div>\n\t\t\t\t\t\t<\/div>\n\t\t\t\t<\/div>\n\t\t\t\t\t\t<\/div>\n\t\t\t\t\t<\/div>\n\t\t<\/div>\n\t\t\t\t\t\t\t\t<\/div>\n\t\t\t\t\t<\/div>\n\t\t<\/section>\n\t\t\t\t<section class=\"elementor-section elementor-top-section elementor-element elementor-element-581c1479 elementor-section-full_width elementor-section-height-default elementor-section-height-default\" data-id=\"581c1479\" data-element_type=\"section\" id=\"tur\" data-settings=\"{&quot;background_background&quot;:&quot;classic&quot;}\">\n\t\t\t\t\t\t<div class=\"elementor-container elementor-column-gap-default\">\n\t\t\t\t\t\t\t<div class=\"elementor-row\">\n\t\t\t\t\t<div class=\"aux-parallax-section elementor-column elementor-col-50 elementor-top-column elementor-element elementor-element-2f7bb0a5\" data-id=\"2f7bb0a5\" data-element_type=\"column\">\n\t\t\t<div class=\"elementor-column-wrap elementor-element-populated\">\n\t\t\t\t\t\t\t<div class=\"elementor-widget-wrap\">\n\t\t\t\t\t\t<div class=\"elementor-element elementor-element-50860e57 elementor-widget elementor-widget-text-editor\" data-id=\"50860e57\" data-element_type=\"widget\" data-widget_type=\"text-editor.default\">\n\t\t\t\t<div class=\"elementor-widget-container\">\n\t\t\t\t\t\t\t\t<div class=\"elementor-text-editor elementor-clearfix\">\n\t\t\t\t<p>Vorteile Porzellanlaminatfurniere haben viele Vorteile. Hier sind einige von ihnen<\/p><p>\u00c4sthetische Verbesserung: Porzellanverblendschalen k\u00f6nnen die Farbe und das Aussehen der Z\u00e4hne erheblich verbessern. Sie sind eine wirksame L\u00f6sung, wenn die Z\u00e4hne vergilbt, verf\u00e4rbt oder schief sind.<br \/>Dauerhaftigkeit: Porzellanverblendschalen sind haltbar und widerstandsf\u00e4hig gegen Flecken bei t\u00e4glichen Aktivit\u00e4ten. Sie sind au\u00dferdem langlebig und k\u00f6nnen \u00fcber Jahre hinweg verwendet werden.<br \/>Nat\u00fcrliches Erscheinungsbild: Porzellan hat ein sehr \u00e4hnliches Aussehen wie nat\u00fcrliche Z\u00e4hne. Daher bewirken Veneers \u00e4sthetische Verbesserungen auf v\u00f6llig nat\u00fcrliche Weise.<br \/>Minimale Schmerzen: Da nur ein minimaler Abrieb der Z\u00e4hne erforderlich ist, ist das Anbringen von Porzellanlaminat-Veneers in der Regel schmerzfrei.<br \/>Schnelle Ergebnisse: Das Anbringen von Veneers geht schnell und der Patient kann das Ergebnis sofort sehen.<\/p>\t\t\t\t\t<\/div>\n\t\t\t\t\t\t<\/div>\n\t\t\t\t<\/div>\n\t\t\t\t\t\t<\/div>\n\t\t\t\t\t<\/div>\n\t\t<\/div>\n\t\t\t\t<div class=\"aux-parallax-section elementor-column elementor-col-50 elementor-top-column elementor-element elementor-element-9e12ad2\" data-id=\"9e12ad2\" data-element_type=\"column\">\n\t\t\t<div class=\"elementor-column-wrap elementor-element-populated\">\n\t\t\t\t\t\t\t<div class=\"elementor-widget-wrap\">\n\t\t\t\t\t\t<div class=\"elementor-element elementor-element-6dcde883 elementor-widget elementor-widget-text-editor\" data-id=\"6dcde883\" data-element_type=\"widget\" data-widget_type=\"text-editor.default\">\n\t\t\t\t<div class=\"elementor-widget-container\">\n\t\t\t\t\t\t\t\t<div class=\"elementor-text-editor elementor-clearfix\">\n\t\t\t\t<p>Anbringungsprozess: Die Anbringung von Porzellanlaminat-Veneers erfordert einen sorgf\u00e4ltigen Prozess. Der erste Schritt ist eine detaillierte Untersuchung der Z\u00e4hne des Patienten und die Erstellung des Behandlungsplans. Dann kann ein minimales Abschleifen der Z\u00e4hne erforderlich sein, damit die Verblendschalen besser sitzen.<\/p><p>Anschlie\u00dfend werden Abdr\u00fccke von den Z\u00e4hnen des Patienten genommen und im Labor werden ma\u00dfgeschneiderte Porzellanveneers angefertigt. Dieses Verfahren ist auf das vom Patienten gew\u00fcnschte \u00e4sthetische Ergebnis abgestimmt und l\u00e4sst das Porzellan \u00e4hnlich wie nat\u00fcrliche Z\u00e4hne aussehen.<\/p><p>Der letzte Schritt besteht darin, die Porzellanverblendschalen auf die Z\u00e4hne des Patienten zu kleben. Dies wird vom Zahnarzt sorgf\u00e4ltig durchgef\u00fchrt und das Ergebnis ist sofort sichtbar.<\/p>\t\t\t\t\t<\/div>\n\t\t\t\t\t\t<\/div>\n\t\t\t\t<\/div>\n\t\t\t\t\t\t<\/div>\n\t\t\t\t\t<\/div>\n\t\t<\/div>\n\t\t\t\t\t\t\t\t<\/div>\n\t\t\t\t\t<\/div>\n\t\t<\/section>\n\t\t\t\t\t\t\t\t\t<\/div>\n\t\t\t<\/div>\n\t\t\t\t\t<\/div>\n\t\t","protected":false},"excerpt":{"rendered":"<p>Porzellan-Laminat-Furnier Porzellan-Laminat-Veneers sind eine beliebte Behandlungsoption in der Zahnmedizin, um ein \u00e4sthetisches L\u00e4cheln zu formen. Diese d\u00fcnnen Porzellanverblendschalen werden verwendet, um das Aussehen der Frontz\u00e4hne zu verbessern und \u00e4sthetische Probleme zu l\u00f6sen. In diesem Artikel wird erl\u00e4utert, was Porzellanlaminat-Veneers sind, wie sie angewendet werden und welche Vorteile sie haben. Porzellan-Laminat-Veneers sind d\u00fcnne Schichten von Porzellan-Veneers, [&hellip;]<\/p>\n","protected":false},"author":1,"featured_media":0,"parent":0,"menu_order":0,"comment_status":"closed","ping_status":"closed","template":"elementor_header_footer","meta":{"_joinchat":[],"footnotes":""},"class_list":["post-2565","page","type-page","status-publish","hentry"],"yoast_head":"<!-- This site is optimized with the Yoast SEO plugin v27.4 - https:\/\/yoast.com\/product\/yoast-seo-wordpress\/ -->\n<title>Porzellan-Laminat-Furnier - Avrupa UBK Dental Bayrampa\u015fa<\/title>\n<meta name=\"robots\" content=\"index, follow, max-snippet:-1, max-image-preview:large, max-video-preview:-1\" \/>\n<link rel=\"canonical\" href=\"https:\/\/avrupaubkdental.com\/de\/porzellan-laminat-furnier\/\" \/>\n<meta property=\"og:locale\" content=\"de_DE\" \/>\n<meta property=\"og:type\" content=\"article\" \/>\n<meta property=\"og:title\" content=\"Porzellan-Laminat-Furnier - Avrupa UBK Dental Bayrampa\u015fa\" \/>\n<meta property=\"og:description\" content=\"Porzellan-Laminat-Furnier Porzellan-Laminat-Veneers sind eine beliebte Behandlungsoption in der Zahnmedizin, um ein \u00e4sthetisches L\u00e4cheln zu formen. Diese d\u00fcnnen Porzellanverblendschalen werden verwendet, um das Aussehen der Frontz\u00e4hne zu verbessern und \u00e4sthetische Probleme zu l\u00f6sen. In diesem Artikel wird erl\u00e4utert, was Porzellanlaminat-Veneers sind, wie sie angewendet werden und welche Vorteile sie haben. Porzellan-Laminat-Veneers sind d\u00fcnne Schichten von Porzellan-Veneers, [&hellip;]\" \/>\n<meta property=\"og:url\" content=\"https:\/\/avrupaubkdental.com\/de\/porzellan-laminat-furnier\/\" \/>\n<meta property=\"og:site_name\" content=\"Avrupa UBK Dental Bayrampa\u015fa\" \/>\n<meta property=\"article:modified_time\" content=\"2023-10-10T20:33:30+00:00\" \/>\n<meta property=\"og:image\" content=\"http:\/\/avrupaubkdental.com\/wp-content\/uploads\/2023\/09\/865745.png\" \/>\n<meta name=\"twitter:card\" content=\"summary_large_image\" \/>\n<meta name=\"twitter:label1\" content=\"Gesch\u00e4tzte Lesezeit\" \/>\n\t<meta name=\"twitter:data1\" content=\"2\u00a0Minuten\" \/>\n<script type=\"application\/ld+json\" class=\"yoast-schema-graph\">{\"@context\":\"https:\\\/\\\/schema.org\",\"@graph\":[{\"@type\":\"WebPage\",\"@id\":\"https:\\\/\\\/avrupaubkdental.com\\\/de\\\/porzellan-laminat-furnier\\\/\",\"url\":\"https:\\\/\\\/avrupaubkdental.com\\\/de\\\/porzellan-laminat-furnier\\\/\",\"name\":\"Porzellan-Laminat-Furnier - Avrupa UBK Dental Bayrampa\u015fa\",\"isPartOf\":{\"@id\":\"https:\\\/\\\/avrupaubkdental.com\\\/de\\\/#website\"},\"primaryImageOfPage\":{\"@id\":\"https:\\\/\\\/avrupaubkdental.com\\\/de\\\/porzellan-laminat-furnier\\\/#primaryimage\"},\"image\":{\"@id\":\"https:\\\/\\\/avrupaubkdental.com\\\/de\\\/porzellan-laminat-furnier\\\/#primaryimage\"},\"thumbnailUrl\":\"http:\\\/\\\/avrupaubkdental.com\\\/wp-content\\\/uploads\\\/2023\\\/09\\\/865745.png\",\"datePublished\":\"2023-10-10T20:32:26+00:00\",\"dateModified\":\"2023-10-10T20:33:30+00:00\",\"breadcrumb\":{\"@id\":\"https:\\\/\\\/avrupaubkdental.com\\\/de\\\/porzellan-laminat-furnier\\\/#breadcrumb\"},\"inLanguage\":\"de\",\"potentialAction\":[{\"@type\":\"ReadAction\",\"target\":[\"https:\\\/\\\/avrupaubkdental.com\\\/de\\\/porzellan-laminat-furnier\\\/\"]}]},{\"@type\":\"ImageObject\",\"inLanguage\":\"de\",\"@id\":\"https:\\\/\\\/avrupaubkdental.com\\\/de\\\/porzellan-laminat-furnier\\\/#primaryimage\",\"url\":\"http:\\\/\\\/avrupaubkdental.com\\\/wp-content\\\/uploads\\\/2023\\\/09\\\/865745.png\",\"contentUrl\":\"http:\\\/\\\/avrupaubkdental.com\\\/wp-content\\\/uploads\\\/2023\\\/09\\\/865745.png\"},{\"@type\":\"BreadcrumbList\",\"@id\":\"https:\\\/\\\/avrupaubkdental.com\\\/de\\\/porzellan-laminat-furnier\\\/#breadcrumb\",\"itemListElement\":[{\"@type\":\"ListItem\",\"position\":1,\"name\":\"Home\",\"item\":\"https:\\\/\\\/avrupaubkdental.com\\\/de\\\/\"},{\"@type\":\"ListItem\",\"position\":2,\"name\":\"Porzellan-Laminat-Furnier\"}]},{\"@type\":\"WebSite\",\"@id\":\"https:\\\/\\\/avrupaubkdental.com\\\/de\\\/#website\",\"url\":\"https:\\\/\\\/avrupaubkdental.com\\\/de\\\/\",\"name\":\"Avrupa UBK Dental\",\"description\":\"\",\"publisher\":{\"@id\":\"https:\\\/\\\/avrupaubkdental.com\\\/de\\\/#organization\"},\"potentialAction\":[{\"@type\":\"SearchAction\",\"target\":{\"@type\":\"EntryPoint\",\"urlTemplate\":\"https:\\\/\\\/avrupaubkdental.com\\\/de\\\/?s={search_term_string}\"},\"query-input\":{\"@type\":\"PropertyValueSpecification\",\"valueRequired\":true,\"valueName\":\"search_term_string\"}}],\"inLanguage\":\"de\"},{\"@type\":\"Organization\",\"@id\":\"https:\\\/\\\/avrupaubkdental.com\\\/de\\\/#organization\",\"name\":\"Avrupa UBK Dental\",\"url\":\"https:\\\/\\\/avrupaubkdental.com\\\/de\\\/\",\"logo\":{\"@type\":\"ImageObject\",\"inLanguage\":\"de\",\"@id\":\"https:\\\/\\\/avrupaubkdental.com\\\/de\\\/#\\\/schema\\\/logo\\\/image\\\/\",\"url\":\"https:\\\/\\\/avrupaubkdental.com\\\/wp-content\\\/uploads\\\/2023\\\/09\\\/cropped-AVR.-DIK-DUZ-SATIR-PNG.png\",\"contentUrl\":\"https:\\\/\\\/avrupaubkdental.com\\\/wp-content\\\/uploads\\\/2023\\\/09\\\/cropped-AVR.-DIK-DUZ-SATIR-PNG.png\",\"width\":150,\"height\":150,\"caption\":\"Avrupa UBK Dental\"},\"image\":{\"@id\":\"https:\\\/\\\/avrupaubkdental.com\\\/de\\\/#\\\/schema\\\/logo\\\/image\\\/\"},\"sameAs\":[\"https:\\\/\\\/www.instagram.com\\\/avrupaubkdental\\\/\"]}]}<\/script>\n<!-- \/ Yoast SEO plugin. -->","yoast_head_json":{"title":"Porzellan-Laminat-Furnier - Avrupa UBK Dental Bayrampa\u015fa","robots":{"index":"index","follow":"follow","max-snippet":"max-snippet:-1","max-image-preview":"max-image-preview:large","max-video-preview":"max-video-preview:-1"},"canonical":"https:\/\/avrupaubkdental.com\/de\/porzellan-laminat-furnier\/","og_locale":"de_DE","og_type":"article","og_title":"Porzellan-Laminat-Furnier - Avrupa UBK Dental Bayrampa\u015fa","og_description":"Porzellan-Laminat-Furnier Porzellan-Laminat-Veneers sind eine beliebte Behandlungsoption in der Zahnmedizin, um ein \u00e4sthetisches L\u00e4cheln zu formen. Diese d\u00fcnnen Porzellanverblendschalen werden verwendet, um das Aussehen der Frontz\u00e4hne zu verbessern und \u00e4sthetische Probleme zu l\u00f6sen. In diesem Artikel wird erl\u00e4utert, was Porzellanlaminat-Veneers sind, wie sie angewendet werden und welche Vorteile sie haben. Porzellan-Laminat-Veneers sind d\u00fcnne Schichten von Porzellan-Veneers, [&hellip;]","og_url":"https:\/\/avrupaubkdental.com\/de\/porzellan-laminat-furnier\/","og_site_name":"Avrupa UBK Dental Bayrampa\u015fa","article_modified_time":"2023-10-10T20:33:30+00:00","og_image":[{"url":"http:\/\/avrupaubkdental.com\/wp-content\/uploads\/2023\/09\/865745.png","type":"","width":"","height":""}],"twitter_card":"summary_large_image","twitter_misc":{"Gesch\u00e4tzte Lesezeit":"2\u00a0Minuten"},"schema":{"@context":"https:\/\/schema.org","@graph":[{"@type":"WebPage","@id":"https:\/\/avrupaubkdental.com\/de\/porzellan-laminat-furnier\/","url":"https:\/\/avrupaubkdental.com\/de\/porzellan-laminat-furnier\/","name":"Porzellan-Laminat-Furnier - Avrupa UBK Dental Bayrampa\u015fa","isPartOf":{"@id":"https:\/\/avrupaubkdental.com\/de\/#website"},"primaryImageOfPage":{"@id":"https:\/\/avrupaubkdental.com\/de\/porzellan-laminat-furnier\/#primaryimage"},"image":{"@id":"https:\/\/avrupaubkdental.com\/de\/porzellan-laminat-furnier\/#primaryimage"},"thumbnailUrl":"http:\/\/avrupaubkdental.com\/wp-content\/uploads\/2023\/09\/865745.png","datePublished":"2023-10-10T20:32:26+00:00","dateModified":"2023-10-10T20:33:30+00:00","breadcrumb":{"@id":"https:\/\/avrupaubkdental.com\/de\/porzellan-laminat-furnier\/#breadcrumb"},"inLanguage":"de","potentialAction":[{"@type":"ReadAction","target":["https:\/\/avrupaubkdental.com\/de\/porzellan-laminat-furnier\/"]}]},{"@type":"ImageObject","inLanguage":"de","@id":"https:\/\/avrupaubkdental.com\/de\/porzellan-laminat-furnier\/#primaryimage","url":"http:\/\/avrupaubkdental.com\/wp-content\/uploads\/2023\/09\/865745.png","contentUrl":"http:\/\/avrupaubkdental.com\/wp-content\/uploads\/2023\/09\/865745.png"},{"@type":"BreadcrumbList","@id":"https:\/\/avrupaubkdental.com\/de\/porzellan-laminat-furnier\/#breadcrumb","itemListElement":[{"@type":"ListItem","position":1,"name":"Home","item":"https:\/\/avrupaubkdental.com\/de\/"},{"@type":"ListItem","position":2,"name":"Porzellan-Laminat-Furnier"}]},{"@type":"WebSite","@id":"https:\/\/avrupaubkdental.com\/de\/#website","url":"https:\/\/avrupaubkdental.com\/de\/","name":"Avrupa UBK Dental","description":"","publisher":{"@id":"https:\/\/avrupaubkdental.com\/de\/#organization"},"potentialAction":[{"@type":"SearchAction","target":{"@type":"EntryPoint","urlTemplate":"https:\/\/avrupaubkdental.com\/de\/?s={search_term_string}"},"query-input":{"@type":"PropertyValueSpecification","valueRequired":true,"valueName":"search_term_string"}}],"inLanguage":"de"},{"@type":"Organization","@id":"https:\/\/avrupaubkdental.com\/de\/#organization","name":"Avrupa UBK Dental","url":"https:\/\/avrupaubkdental.com\/de\/","logo":{"@type":"ImageObject","inLanguage":"de","@id":"https:\/\/avrupaubkdental.com\/de\/#\/schema\/logo\/image\/","url":"https:\/\/avrupaubkdental.com\/wp-content\/uploads\/2023\/09\/cropped-AVR.-DIK-DUZ-SATIR-PNG.png","contentUrl":"https:\/\/avrupaubkdental.com\/wp-content\/uploads\/2023\/09\/cropped-AVR.-DIK-DUZ-SATIR-PNG.png","width":150,"height":150,"caption":"Avrupa UBK Dental"},"image":{"@id":"https:\/\/avrupaubkdental.com\/de\/#\/schema\/logo\/image\/"},"sameAs":["https:\/\/www.instagram.com\/avrupaubkdental\/"]}]}},"_links":{"self":[{"href":"https:\/\/avrupaubkdental.com\/de\/wp-json\/wp\/v2\/pages\/2565","targetHints":{"allow":["GET"]}}],"collection":[{"href":"https:\/\/avrupaubkdental.com\/de\/wp-json\/wp\/v2\/pages"}],"about":[{"href":"https:\/\/avrupaubkdental.com\/de\/wp-json\/wp\/v2\/types\/page"}],"author":[{"embeddable":true,"href":"https:\/\/avrupaubkdental.com\/de\/wp-json\/wp\/v2\/users\/1"}],"replies":[{"embeddable":true,"href":"https:\/\/avrupaubkdental.com\/de\/wp-json\/wp\/v2\/comments?post=2565"}],"version-history":[{"count":5,"href":"https:\/\/avrupaubkdental.com\/de\/wp-json\/wp\/v2\/pages\/2565\/revisions"}],"predecessor-version":[{"id":2570,"href":"https:\/\/avrupaubkdental.com\/de\/wp-json\/wp\/v2\/pages\/2565\/revisions\/2570"}],"wp:attachment":[{"href":"https:\/\/avrupaubkdental.com\/de\/wp-json\/wp\/v2\/media?parent=2565"}],"curies":[{"name":"wp","href":"https:\/\/api.w.org\/{rel}","templated":true}]}}