{"id":2662,"date":"2023-10-12T16:46:21","date_gmt":"2023-10-12T16:46:21","guid":{"rendered":"https:\/\/avrupaubkdental.com\/formacion-en-protesis-fija-de-tradicional-a-digital\/"},"modified":"2023-10-12T16:47:43","modified_gmt":"2023-10-12T16:47:43","slug":"formacion-en-protesis-fija-de-tradicional-a-digital","status":"publish","type":"page","link":"https:\/\/avrupaubkdental.com\/es\/formacion-en-protesis-fija-de-tradicional-a-digital\/","title":{"rendered":"Formaci\u00f3n en pr\u00f3tesis fija de tradicional a digital"},"content":{"rendered":"\t\t<div data-elementor-type=\"wp-page\" data-elementor-id=\"2662\" class=\"elementor elementor-2662 elementor-450\">\n\t\t\t\t\t\t<div class=\"elementor-inner\">\n\t\t\t\t<div class=\"elementor-section-wrap\">\n\t\t\t\t\t\t\t\t\t<section class=\"elementor-section elementor-top-section elementor-element elementor-element-7bc8d7ed elementor-section-height-min-height elementor-section-boxed elementor-section-height-default elementor-section-items-middle\" data-id=\"7bc8d7ed\" data-element_type=\"section\" data-settings=\"{&quot;background_background&quot;:&quot;classic&quot;}\">\n\t\t\t\t\t\t\t<div class=\"elementor-background-overlay\"><\/div>\n\t\t\t\t\t\t\t<div class=\"elementor-container elementor-column-gap-default\">\n\t\t\t\t\t\t\t<div class=\"elementor-row\">\n\t\t\t\t\t<div class=\"aux-parallax-section elementor-column elementor-col-100 elementor-top-column elementor-element elementor-element-5dbc9560\" data-id=\"5dbc9560\" data-element_type=\"column\" data-settings=\"{&quot;background_background&quot;:&quot;classic&quot;}\">\n\t\t\t<div class=\"elementor-column-wrap elementor-element-populated\">\n\t\t\t\t\t\t\t<div class=\"elementor-widget-wrap\">\n\t\t\t\t\t\t<div class=\"elementor-element elementor-element-4755c9c3 elementor-widget elementor-widget-heading\" data-id=\"4755c9c3\" data-element_type=\"widget\" data-widget_type=\"heading.default\">\n\t\t\t\t<div class=\"elementor-widget-container\">\n\t\t\t<h2 class=\"elementor-heading-title elementor-size-default\">Formaci\u00f3n en pr\u00f3tesis fija de tradicional a digital<\/h2>\t\t<\/div>\n\t\t\t\t<\/div>\n\t\t\t\t\t\t<\/div>\n\t\t\t\t\t<\/div>\n\t\t<\/div>\n\t\t\t\t\t\t\t\t<\/div>\n\t\t\t\t\t<\/div>\n\t\t<\/section>\n\t\t\t\t<section class=\"elementor-section elementor-top-section elementor-element elementor-element-de28586 header2 elementor-section-boxed elementor-section-height-default elementor-section-height-default\" data-id=\"de28586\" data-element_type=\"section\">\n\t\t\t\t\t\t<div class=\"elementor-container elementor-column-gap-default\">\n\t\t\t\t\t\t\t<div class=\"elementor-row\">\n\t\t\t\t\t<div class=\"aux-parallax-section elementor-column elementor-col-100 elementor-top-column elementor-element elementor-element-58b7b3f\" data-id=\"58b7b3f\" data-element_type=\"column\">\n\t\t\t<div class=\"elementor-column-wrap elementor-element-populated\">\n\t\t\t\t\t\t\t<div class=\"elementor-widget-wrap\">\n\t\t\t\t\t\t<div class=\"elementor-element elementor-element-2507fe1 elementor-widget elementor-widget-image\" data-id=\"2507fe1\" data-element_type=\"widget\" data-widget_type=\"image.default\">\n\t\t\t\t<div class=\"elementor-widget-container\">\n\t\t\t\t\t\t\t\t<div class=\"elementor-image\">\n\t\t\t\t\t\t\t\t\t\t\t\t<img decoding=\"async\" width=\"1200\" height=\"800\" src=\"https:\/\/avrupaubkdental.com\/wp-content\/uploads\/2023\/09\/disciler.png\" class=\"attachment-full size-full wp-image-1835\" alt=\"\" srcset=\"https:\/\/avrupaubkdental.com\/wp-content\/uploads\/2023\/09\/disciler.png 1200w, https:\/\/avrupaubkdental.com\/wp-content\/uploads\/2023\/09\/disciler-200x133.png 200w\" sizes=\"(max-width: 1200px) 100vw, 1200px\" \/>\t\t\t\t\t\t\t\t\t\t\t\t\t\t<\/div>\n\t\t\t\t\t\t<\/div>\n\t\t\t\t<\/div>\n\t\t\t\t\t\t<\/div>\n\t\t\t\t\t<\/div>\n\t\t<\/div>\n\t\t\t\t\t\t\t\t<\/div>\n\t\t\t\t\t<\/div>\n\t\t<\/section>\n\t\t\t\t<section class=\"elementor-section elementor-top-section elementor-element elementor-element-597fab93 elementor-section-boxed elementor-section-height-default elementor-section-height-default\" data-id=\"597fab93\" data-element_type=\"section\" id=\"abutment\" data-settings=\"{&quot;background_background&quot;:&quot;classic&quot;}\">\n\t\t\t\t\t\t<div class=\"elementor-container elementor-column-gap-default\">\n\t\t\t\t\t\t\t<div class=\"elementor-row\">\n\t\t\t\t\t<div class=\"aux-parallax-section elementor-column elementor-col-50 elementor-top-column elementor-element elementor-element-5904da28\" data-id=\"5904da28\" data-element_type=\"column\">\n\t\t\t<div class=\"elementor-column-wrap elementor-element-populated\">\n\t\t\t\t\t\t\t<div class=\"elementor-widget-wrap\">\n\t\t\t\t\t\t<div class=\"elementor-element elementor-element-6fc5d09 elementor-widget elementor-widget-text-editor\" data-id=\"6fc5d09\" data-element_type=\"widget\" data-widget_type=\"text-editor.default\">\n\t\t\t\t<div class=\"elementor-widget-container\">\n\t\t\t\t\t\t\t\t<div class=\"elementor-text-editor elementor-clearfix\">\n\t\t\t\t<p>El desarrollo de la tecnolog\u00eda digital ha provocado cambios radicales en muchos sectores, y el campo de la odontolog\u00eda ha tenido su parte. Las pr\u00f3tesis dentales tradicionales han sido sustituidas por pr\u00f3tesis fijas de digital a tradicional. En este art\u00edculo le informaremos sobre la formaci\u00f3n de las pr\u00f3tesis fijas digital-tradicionales y los efectos de esta tecnolog\u00eda en la pr\u00e1ctica odontol\u00f3gica.<\/p><p>Las pr\u00f3tesis fijas digitales-tradicionales permiten a los dentistas ofrecer soluciones m\u00e1s r\u00e1pidas, precisas y est\u00e9ticas a sus pacientes. El dise\u00f1o y la fabricaci\u00f3n de estas pr\u00f3tesis se realizan digitalmente y utilizan tecnolog\u00edas de dise\u00f1o asistido por ordenador (CAD) y fabricaci\u00f3n asistida por ordenador (CAM). De este modo, se toman digitalmente escaneos intraorales de los pacientes y el dise\u00f1o de la pr\u00f3tesis se completa con mayor rapidez.<\/p>\t\t\t\t\t<\/div>\n\t\t\t\t\t\t<\/div>\n\t\t\t\t<\/div>\n\t\t\t\t\t\t<\/div>\n\t\t\t\t\t<\/div>\n\t\t<\/div>\n\t\t\t\t<div class=\"aux-parallax-section elementor-column elementor-col-50 elementor-top-column elementor-element elementor-element-460686fc header1\" data-id=\"460686fc\" data-element_type=\"column\">\n\t\t\t<div class=\"elementor-column-wrap elementor-element-populated\">\n\t\t\t\t\t\t\t<div class=\"elementor-widget-wrap\">\n\t\t\t\t\t\t<div class=\"elementor-element elementor-element-4a08c7a6 elementor-widget elementor-widget-image\" data-id=\"4a08c7a6\" data-element_type=\"widget\" data-widget_type=\"image.default\">\n\t\t\t\t<div class=\"elementor-widget-container\">\n\t\t\t\t\t\t\t\t<div class=\"elementor-image\">\n\t\t\t\t\t\t\t\t\t\t\t\t<img decoding=\"async\" width=\"1200\" height=\"800\" src=\"https:\/\/avrupaubkdental.com\/wp-content\/uploads\/2023\/09\/disciler.png\" class=\"attachment-full size-full wp-image-1835\" alt=\"\" srcset=\"https:\/\/avrupaubkdental.com\/wp-content\/uploads\/2023\/09\/disciler.png 1200w, https:\/\/avrupaubkdental.com\/wp-content\/uploads\/2023\/09\/disciler-200x133.png 200w\" sizes=\"(max-width: 1200px) 100vw, 1200px\" \/>\t\t\t\t\t\t\t\t\t\t\t\t\t\t<\/div>\n\t\t\t\t\t\t<\/div>\n\t\t\t\t<\/div>\n\t\t\t\t\t\t<\/div>\n\t\t\t\t\t<\/div>\n\t\t<\/div>\n\t\t\t\t\t\t\t\t<\/div>\n\t\t\t\t\t<\/div>\n\t\t<\/section>\n\t\t\t\t<section class=\"elementor-section elementor-top-section elementor-element elementor-element-38417a52 elementor-section-boxed elementor-section-height-default elementor-section-height-default\" data-id=\"38417a52\" data-element_type=\"section\" id=\"tur\" data-settings=\"{&quot;background_background&quot;:&quot;classic&quot;}\">\n\t\t\t\t\t\t<div class=\"elementor-container elementor-column-gap-default\">\n\t\t\t\t\t\t\t<div class=\"elementor-row\">\n\t\t\t\t\t<div class=\"aux-parallax-section elementor-column elementor-col-50 elementor-top-column elementor-element elementor-element-a7799cb\" data-id=\"a7799cb\" data-element_type=\"column\">\n\t\t\t<div class=\"elementor-column-wrap elementor-element-populated\">\n\t\t\t\t\t\t\t<div class=\"elementor-widget-wrap\">\n\t\t\t\t\t\t<div class=\"elementor-element elementor-element-c36ed5a elementor-widget elementor-widget-text-editor\" data-id=\"c36ed5a\" data-element_type=\"widget\" data-widget_type=\"text-editor.default\">\n\t\t\t\t<div class=\"elementor-widget-container\">\n\t\t\t\t\t\t\t\t<div class=\"elementor-text-editor elementor-clearfix\">\n\t\t\t\t<p>La formaci\u00f3n en pr\u00f3tesis digital no es s\u00f3lo para dentistas, sino tambi\u00e9n para prot\u00e9sicos dentales.Al aprender los procesos de fabricaci\u00f3n de pr\u00f3tesis digitales, los prot\u00e9sicos dentales pueden trabajar de forma m\u00e1s eficaz y precisa.Esto, a su vez, ayuda a los pacientes a obtener mejores resultados.En conclusi\u00f3n, la formaci\u00f3n en pr\u00f3tesis fija digital a tradicional es un requisito importante para odont\u00f3logos y t\u00e9cnicos.Esta formaci\u00f3n ayuda a conseguir resultados m\u00e1s r\u00e1pidos, precisos y est\u00e9ticos, al tiempo que mejora la experiencia de tratamiento del paciente.Dado que las tecnolog\u00edas digitales en el campo de la odontolog\u00eda siguen desarroll\u00e1ndose r\u00e1pidamente, la formaci\u00f3n sobre pr\u00f3tesis digitales tambi\u00e9n debe mantenerse al d\u00eda y ense\u00f1ar a los dentistas los mejores m\u00e9todos de aplicaci\u00f3n. De este modo, los dentistas podr\u00e1n atender mejor a sus pacientes y proteger la salud dental con mayor eficacia.<\/p>\t\t\t\t\t<\/div>\n\t\t\t\t\t\t<\/div>\n\t\t\t\t<\/div>\n\t\t\t\t\t\t<\/div>\n\t\t\t\t\t<\/div>\n\t\t<\/div>\n\t\t\t\t<div class=\"aux-parallax-section elementor-column elementor-col-50 elementor-top-column elementor-element elementor-element-34a4bb9b\" data-id=\"34a4bb9b\" data-element_type=\"column\">\n\t\t\t<div class=\"elementor-column-wrap elementor-element-populated\">\n\t\t\t\t\t\t\t<div class=\"elementor-widget-wrap\">\n\t\t\t\t\t\t<div class=\"elementor-element elementor-element-394173e7 elementor-widget elementor-widget-text-editor\" data-id=\"394173e7\" data-element_type=\"widget\" data-widget_type=\"text-editor.default\">\n\t\t\t\t<div class=\"elementor-widget-container\">\n\t\t\t\t\t\t\t\t<div class=\"elementor-text-editor elementor-clearfix\">\n\t\t\t\t<p>La formaci\u00f3n en prostodoncia digital es importante para que los dentistas puedan utilizar eficazmente esta nueva tecnolog\u00eda. Los programas de formaci\u00f3n ense\u00f1an a los dentistas el uso de dispositivos de escaneado digital, el uso de software CAD\/CAM, los principios del dise\u00f1o digital y los procesos de fabricaci\u00f3n de pr\u00f3tesis digitales.Estas formaciones permiten a los dentistas dise\u00f1ar y fabricar pr\u00f3tesis digitales correctamente.La formaci\u00f3n en pr\u00f3tesis fija digital a tradicional tambi\u00e9n ayuda a los dentistas a mejorar el proceso de tratamiento del paciente.Los escaneados digitales son m\u00e1s r\u00e1pidos y c\u00f3modos que los moldes de escayola tradicionales y ofrecen una experiencia menos invasiva a los pacientes.Adem\u00e1s, la precisi\u00f3n del dise\u00f1o digital permite un mejor ajuste de las pr\u00f3tesis y unos resultados m\u00e1s est\u00e9ticos.<\/p>\t\t\t\t\t<\/div>\n\t\t\t\t\t\t<\/div>\n\t\t\t\t<\/div>\n\t\t\t\t\t\t<\/div>\n\t\t\t\t\t<\/div>\n\t\t<\/div>\n\t\t\t\t\t\t\t\t<\/div>\n\t\t\t\t\t<\/div>\n\t\t<\/section>\n\t\t\t\t\t\t\t\t\t<\/div>\n\t\t\t<\/div>\n\t\t\t\t\t<\/div>\n\t\t","protected":false},"excerpt":{"rendered":"<p>Formaci\u00f3n en pr\u00f3tesis fija de tradicional a digital El desarrollo de la tecnolog\u00eda digital ha provocado cambios radicales en muchos sectores, y el campo de la odontolog\u00eda ha tenido su parte. Las pr\u00f3tesis dentales tradicionales han sido sustituidas por pr\u00f3tesis fijas de digital a tradicional. En este art\u00edculo le informaremos sobre la formaci\u00f3n de las [&hellip;]<\/p>\n","protected":false},"author":1,"featured_media":0,"parent":0,"menu_order":0,"comment_status":"closed","ping_status":"closed","template":"elementor_header_footer","meta":{"_joinchat":[],"footnotes":""},"class_list":["post-2662","page","type-page","status-publish","hentry"],"yoast_head":"<!-- This site is optimized with the Yoast SEO plugin v27.4 - https:\/\/yoast.com\/product\/yoast-seo-wordpress\/ -->\n<title>Formaci\u00f3n en pr\u00f3tesis fija de tradicional a digital - Avrupa UBK Dental Bayrampa\u015fa<\/title>\n<meta name=\"robots\" content=\"index, follow, max-snippet:-1, max-image-preview:large, max-video-preview:-1\" \/>\n<link rel=\"canonical\" href=\"https:\/\/avrupaubkdental.com\/es\/formacion-en-protesis-fija-de-tradicional-a-digital\/\" \/>\n<meta property=\"og:locale\" content=\"es_ES\" \/>\n<meta property=\"og:type\" content=\"article\" \/>\n<meta property=\"og:title\" content=\"Formaci\u00f3n en pr\u00f3tesis fija de tradicional a digital - Avrupa UBK Dental Bayrampa\u015fa\" \/>\n<meta property=\"og:description\" content=\"Formaci\u00f3n en pr\u00f3tesis fija de tradicional a digital El desarrollo de la tecnolog\u00eda digital ha provocado cambios radicales en muchos sectores, y el campo de la odontolog\u00eda ha tenido su parte. Las pr\u00f3tesis dentales tradicionales han sido sustituidas por pr\u00f3tesis fijas de digital a tradicional. En este art\u00edculo le informaremos sobre la formaci\u00f3n de las [&hellip;]\" \/>\n<meta property=\"og:url\" content=\"https:\/\/avrupaubkdental.com\/es\/formacion-en-protesis-fija-de-tradicional-a-digital\/\" \/>\n<meta property=\"og:site_name\" content=\"Avrupa UBK Dental Bayrampa\u015fa\" \/>\n<meta property=\"article:modified_time\" content=\"2023-10-12T16:47:43+00:00\" \/>\n<meta property=\"og:image\" content=\"http:\/\/avrupaubkdental.com\/wp-content\/uploads\/2023\/09\/disciler.png\" \/>\n<meta name=\"twitter:card\" content=\"summary_large_image\" \/>\n<meta name=\"twitter:label1\" content=\"Tiempo de lectura\" \/>\n\t<meta name=\"twitter:data1\" content=\"2 minutos\" \/>\n<script type=\"application\/ld+json\" class=\"yoast-schema-graph\">{\"@context\":\"https:\\\/\\\/schema.org\",\"@graph\":[{\"@type\":\"WebPage\",\"@id\":\"https:\\\/\\\/avrupaubkdental.com\\\/es\\\/formacion-en-protesis-fija-de-tradicional-a-digital\\\/\",\"url\":\"https:\\\/\\\/avrupaubkdental.com\\\/es\\\/formacion-en-protesis-fija-de-tradicional-a-digital\\\/\",\"name\":\"Formaci\u00f3n en pr\u00f3tesis fija de tradicional a digital - Avrupa UBK Dental Bayrampa\u015fa\",\"isPartOf\":{\"@id\":\"https:\\\/\\\/avrupaubkdental.com\\\/es\\\/#website\"},\"primaryImageOfPage\":{\"@id\":\"https:\\\/\\\/avrupaubkdental.com\\\/es\\\/formacion-en-protesis-fija-de-tradicional-a-digital\\\/#primaryimage\"},\"image\":{\"@id\":\"https:\\\/\\\/avrupaubkdental.com\\\/es\\\/formacion-en-protesis-fija-de-tradicional-a-digital\\\/#primaryimage\"},\"thumbnailUrl\":\"http:\\\/\\\/avrupaubkdental.com\\\/wp-content\\\/uploads\\\/2023\\\/09\\\/disciler.png\",\"datePublished\":\"2023-10-12T16:46:21+00:00\",\"dateModified\":\"2023-10-12T16:47:43+00:00\",\"breadcrumb\":{\"@id\":\"https:\\\/\\\/avrupaubkdental.com\\\/es\\\/formacion-en-protesis-fija-de-tradicional-a-digital\\\/#breadcrumb\"},\"inLanguage\":\"es\",\"potentialAction\":[{\"@type\":\"ReadAction\",\"target\":[\"https:\\\/\\\/avrupaubkdental.com\\\/es\\\/formacion-en-protesis-fija-de-tradicional-a-digital\\\/\"]}]},{\"@type\":\"ImageObject\",\"inLanguage\":\"es\",\"@id\":\"https:\\\/\\\/avrupaubkdental.com\\\/es\\\/formacion-en-protesis-fija-de-tradicional-a-digital\\\/#primaryimage\",\"url\":\"http:\\\/\\\/avrupaubkdental.com\\\/wp-content\\\/uploads\\\/2023\\\/09\\\/disciler.png\",\"contentUrl\":\"http:\\\/\\\/avrupaubkdental.com\\\/wp-content\\\/uploads\\\/2023\\\/09\\\/disciler.png\"},{\"@type\":\"BreadcrumbList\",\"@id\":\"https:\\\/\\\/avrupaubkdental.com\\\/es\\\/formacion-en-protesis-fija-de-tradicional-a-digital\\\/#breadcrumb\",\"itemListElement\":[{\"@type\":\"ListItem\",\"position\":1,\"name\":\"Home\",\"item\":\"https:\\\/\\\/avrupaubkdental.com\\\/es\\\/\"},{\"@type\":\"ListItem\",\"position\":2,\"name\":\"Formaci\u00f3n en pr\u00f3tesis fija de tradicional a digital\"}]},{\"@type\":\"WebSite\",\"@id\":\"https:\\\/\\\/avrupaubkdental.com\\\/es\\\/#website\",\"url\":\"https:\\\/\\\/avrupaubkdental.com\\\/es\\\/\",\"name\":\"Avrupa UBK Dental\",\"description\":\"\",\"publisher\":{\"@id\":\"https:\\\/\\\/avrupaubkdental.com\\\/es\\\/#organization\"},\"potentialAction\":[{\"@type\":\"SearchAction\",\"target\":{\"@type\":\"EntryPoint\",\"urlTemplate\":\"https:\\\/\\\/avrupaubkdental.com\\\/es\\\/?s={search_term_string}\"},\"query-input\":{\"@type\":\"PropertyValueSpecification\",\"valueRequired\":true,\"valueName\":\"search_term_string\"}}],\"inLanguage\":\"es\"},{\"@type\":\"Organization\",\"@id\":\"https:\\\/\\\/avrupaubkdental.com\\\/es\\\/#organization\",\"name\":\"Avrupa UBK Dental\",\"url\":\"https:\\\/\\\/avrupaubkdental.com\\\/es\\\/\",\"logo\":{\"@type\":\"ImageObject\",\"inLanguage\":\"es\",\"@id\":\"https:\\\/\\\/avrupaubkdental.com\\\/es\\\/#\\\/schema\\\/logo\\\/image\\\/\",\"url\":\"https:\\\/\\\/avrupaubkdental.com\\\/wp-content\\\/uploads\\\/2023\\\/09\\\/cropped-AVR.-DIK-DUZ-SATIR-PNG.png\",\"contentUrl\":\"https:\\\/\\\/avrupaubkdental.com\\\/wp-content\\\/uploads\\\/2023\\\/09\\\/cropped-AVR.-DIK-DUZ-SATIR-PNG.png\",\"width\":150,\"height\":150,\"caption\":\"Avrupa UBK Dental\"},\"image\":{\"@id\":\"https:\\\/\\\/avrupaubkdental.com\\\/es\\\/#\\\/schema\\\/logo\\\/image\\\/\"},\"sameAs\":[\"https:\\\/\\\/www.instagram.com\\\/avrupaubkdental\\\/\"]}]}<\/script>\n<!-- \/ Yoast SEO plugin. -->","yoast_head_json":{"title":"Formaci\u00f3n en pr\u00f3tesis fija de tradicional a digital - Avrupa UBK Dental Bayrampa\u015fa","robots":{"index":"index","follow":"follow","max-snippet":"max-snippet:-1","max-image-preview":"max-image-preview:large","max-video-preview":"max-video-preview:-1"},"canonical":"https:\/\/avrupaubkdental.com\/es\/formacion-en-protesis-fija-de-tradicional-a-digital\/","og_locale":"es_ES","og_type":"article","og_title":"Formaci\u00f3n en pr\u00f3tesis fija de tradicional a digital - Avrupa UBK Dental Bayrampa\u015fa","og_description":"Formaci\u00f3n en pr\u00f3tesis fija de tradicional a digital El desarrollo de la tecnolog\u00eda digital ha provocado cambios radicales en muchos sectores, y el campo de la odontolog\u00eda ha tenido su parte. Las pr\u00f3tesis dentales tradicionales han sido sustituidas por pr\u00f3tesis fijas de digital a tradicional. En este art\u00edculo le informaremos sobre la formaci\u00f3n de las [&hellip;]","og_url":"https:\/\/avrupaubkdental.com\/es\/formacion-en-protesis-fija-de-tradicional-a-digital\/","og_site_name":"Avrupa UBK Dental Bayrampa\u015fa","article_modified_time":"2023-10-12T16:47:43+00:00","og_image":[{"url":"http:\/\/avrupaubkdental.com\/wp-content\/uploads\/2023\/09\/disciler.png","type":"","width":"","height":""}],"twitter_card":"summary_large_image","twitter_misc":{"Tiempo de lectura":"2 minutos"},"schema":{"@context":"https:\/\/schema.org","@graph":[{"@type":"WebPage","@id":"https:\/\/avrupaubkdental.com\/es\/formacion-en-protesis-fija-de-tradicional-a-digital\/","url":"https:\/\/avrupaubkdental.com\/es\/formacion-en-protesis-fija-de-tradicional-a-digital\/","name":"Formaci\u00f3n en pr\u00f3tesis fija de tradicional a digital - Avrupa UBK Dental Bayrampa\u015fa","isPartOf":{"@id":"https:\/\/avrupaubkdental.com\/es\/#website"},"primaryImageOfPage":{"@id":"https:\/\/avrupaubkdental.com\/es\/formacion-en-protesis-fija-de-tradicional-a-digital\/#primaryimage"},"image":{"@id":"https:\/\/avrupaubkdental.com\/es\/formacion-en-protesis-fija-de-tradicional-a-digital\/#primaryimage"},"thumbnailUrl":"http:\/\/avrupaubkdental.com\/wp-content\/uploads\/2023\/09\/disciler.png","datePublished":"2023-10-12T16:46:21+00:00","dateModified":"2023-10-12T16:47:43+00:00","breadcrumb":{"@id":"https:\/\/avrupaubkdental.com\/es\/formacion-en-protesis-fija-de-tradicional-a-digital\/#breadcrumb"},"inLanguage":"es","potentialAction":[{"@type":"ReadAction","target":["https:\/\/avrupaubkdental.com\/es\/formacion-en-protesis-fija-de-tradicional-a-digital\/"]}]},{"@type":"ImageObject","inLanguage":"es","@id":"https:\/\/avrupaubkdental.com\/es\/formacion-en-protesis-fija-de-tradicional-a-digital\/#primaryimage","url":"http:\/\/avrupaubkdental.com\/wp-content\/uploads\/2023\/09\/disciler.png","contentUrl":"http:\/\/avrupaubkdental.com\/wp-content\/uploads\/2023\/09\/disciler.png"},{"@type":"BreadcrumbList","@id":"https:\/\/avrupaubkdental.com\/es\/formacion-en-protesis-fija-de-tradicional-a-digital\/#breadcrumb","itemListElement":[{"@type":"ListItem","position":1,"name":"Home","item":"https:\/\/avrupaubkdental.com\/es\/"},{"@type":"ListItem","position":2,"name":"Formaci\u00f3n en pr\u00f3tesis fija de tradicional a digital"}]},{"@type":"WebSite","@id":"https:\/\/avrupaubkdental.com\/es\/#website","url":"https:\/\/avrupaubkdental.com\/es\/","name":"Avrupa UBK Dental","description":"","publisher":{"@id":"https:\/\/avrupaubkdental.com\/es\/#organization"},"potentialAction":[{"@type":"SearchAction","target":{"@type":"EntryPoint","urlTemplate":"https:\/\/avrupaubkdental.com\/es\/?s={search_term_string}"},"query-input":{"@type":"PropertyValueSpecification","valueRequired":true,"valueName":"search_term_string"}}],"inLanguage":"es"},{"@type":"Organization","@id":"https:\/\/avrupaubkdental.com\/es\/#organization","name":"Avrupa UBK Dental","url":"https:\/\/avrupaubkdental.com\/es\/","logo":{"@type":"ImageObject","inLanguage":"es","@id":"https:\/\/avrupaubkdental.com\/es\/#\/schema\/logo\/image\/","url":"https:\/\/avrupaubkdental.com\/wp-content\/uploads\/2023\/09\/cropped-AVR.-DIK-DUZ-SATIR-PNG.png","contentUrl":"https:\/\/avrupaubkdental.com\/wp-content\/uploads\/2023\/09\/cropped-AVR.-DIK-DUZ-SATIR-PNG.png","width":150,"height":150,"caption":"Avrupa UBK Dental"},"image":{"@id":"https:\/\/avrupaubkdental.com\/es\/#\/schema\/logo\/image\/"},"sameAs":["https:\/\/www.instagram.com\/avrupaubkdental\/"]}]}},"_links":{"self":[{"href":"https:\/\/avrupaubkdental.com\/es\/wp-json\/wp\/v2\/pages\/2662","targetHints":{"allow":["GET"]}}],"collection":[{"href":"https:\/\/avrupaubkdental.com\/es\/wp-json\/wp\/v2\/pages"}],"about":[{"href":"https:\/\/avrupaubkdental.com\/es\/wp-json\/wp\/v2\/types\/page"}],"author":[{"embeddable":true,"href":"https:\/\/avrupaubkdental.com\/es\/wp-json\/wp\/v2\/users\/1"}],"replies":[{"embeddable":true,"href":"https:\/\/avrupaubkdental.com\/es\/wp-json\/wp\/v2\/comments?post=2662"}],"version-history":[{"count":5,"href":"https:\/\/avrupaubkdental.com\/es\/wp-json\/wp\/v2\/pages\/2662\/revisions"}],"predecessor-version":[{"id":2667,"href":"https:\/\/avrupaubkdental.com\/es\/wp-json\/wp\/v2\/pages\/2662\/revisions\/2667"}],"wp:attachment":[{"href":"https:\/\/avrupaubkdental.com\/es\/wp-json\/wp\/v2\/media?parent=2662"}],"curies":[{"name":"wp","href":"https:\/\/api.w.org\/{rel}","templated":true}]}}