{"id":2706,"date":"2023-10-12T17:49:46","date_gmt":"2023-10-12T17:49:46","guid":{"rendered":"https:\/\/avrupaubkdental.com\/tejidos-blandos-alrededor-del-implante\/"},"modified":"2023-10-12T17:50:53","modified_gmt":"2023-10-12T17:50:53","slug":"tejidos-blandos-alrededor-del-implante","status":"publish","type":"page","link":"https:\/\/avrupaubkdental.com\/es\/tejidos-blandos-alrededor-del-implante\/","title":{"rendered":"Tejidos blandos alrededor del implante"},"content":{"rendered":"\t\t<div data-elementor-type=\"wp-page\" data-elementor-id=\"2706\" class=\"elementor elementor-2706 elementor-525\">\n\t\t\t\t\t\t<div class=\"elementor-inner\">\n\t\t\t\t<div class=\"elementor-section-wrap\">\n\t\t\t\t\t\t\t\t\t<section class=\"elementor-section elementor-top-section elementor-element elementor-element-7242b439 elementor-section-height-min-height elementor-section-boxed elementor-section-height-default elementor-section-items-middle\" data-id=\"7242b439\" data-element_type=\"section\" data-settings=\"{&quot;background_background&quot;:&quot;classic&quot;}\">\n\t\t\t\t\t\t\t<div class=\"elementor-background-overlay\"><\/div>\n\t\t\t\t\t\t\t<div class=\"elementor-container elementor-column-gap-default\">\n\t\t\t\t\t\t\t<div class=\"elementor-row\">\n\t\t\t\t\t<div class=\"aux-parallax-section elementor-column elementor-col-100 elementor-top-column elementor-element elementor-element-1d6d4eef\" data-id=\"1d6d4eef\" data-element_type=\"column\" data-settings=\"{&quot;background_background&quot;:&quot;classic&quot;}\">\n\t\t\t<div class=\"elementor-column-wrap elementor-element-populated\">\n\t\t\t\t\t\t\t<div class=\"elementor-widget-wrap\">\n\t\t\t\t\t\t<div class=\"elementor-element elementor-element-cd03458 elementor-widget elementor-widget-heading\" data-id=\"cd03458\" data-element_type=\"widget\" data-widget_type=\"heading.default\">\n\t\t\t\t<div class=\"elementor-widget-container\">\n\t\t\t<h2 class=\"elementor-heading-title elementor-size-default\">Tejidos blandos alrededor del implante<\/h2>\t\t<\/div>\n\t\t\t\t<\/div>\n\t\t\t\t\t\t<\/div>\n\t\t\t\t\t<\/div>\n\t\t<\/div>\n\t\t\t\t\t\t\t\t<\/div>\n\t\t\t\t\t<\/div>\n\t\t<\/section>\n\t\t\t\t<section class=\"elementor-section elementor-top-section elementor-element elementor-element-62f47461 header2 elementor-section-boxed elementor-section-height-default elementor-section-height-default\" data-id=\"62f47461\" data-element_type=\"section\">\n\t\t\t\t\t\t<div class=\"elementor-container elementor-column-gap-default\">\n\t\t\t\t\t\t\t<div class=\"elementor-row\">\n\t\t\t\t\t<div class=\"aux-parallax-section elementor-column elementor-col-100 elementor-top-column elementor-element elementor-element-494f7e2c\" data-id=\"494f7e2c\" data-element_type=\"column\">\n\t\t\t<div class=\"elementor-column-wrap elementor-element-populated\">\n\t\t\t\t\t\t\t<div class=\"elementor-widget-wrap\">\n\t\t\t\t\t\t<div class=\"elementor-element elementor-element-7739975f elementor-widget elementor-widget-image\" data-id=\"7739975f\" data-element_type=\"widget\" data-widget_type=\"image.default\">\n\t\t\t\t<div class=\"elementor-widget-container\">\n\t\t\t\t\t\t\t\t<div class=\"elementor-image\">\n\t\t\t\t\t\t\t\t\t\t\t\t<img decoding=\"async\" width=\"1200\" height=\"800\" src=\"https:\/\/avrupaubkdental.com\/wp-content\/uploads\/2023\/09\/disciler.png\" class=\"attachment-full size-full wp-image-1835\" alt=\"\" srcset=\"https:\/\/avrupaubkdental.com\/wp-content\/uploads\/2023\/09\/disciler.png 1200w, https:\/\/avrupaubkdental.com\/wp-content\/uploads\/2023\/09\/disciler-200x133.png 200w\" sizes=\"(max-width: 1200px) 100vw, 1200px\" \/>\t\t\t\t\t\t\t\t\t\t\t\t\t\t<\/div>\n\t\t\t\t\t\t<\/div>\n\t\t\t\t<\/div>\n\t\t\t\t\t\t<\/div>\n\t\t\t\t\t<\/div>\n\t\t<\/div>\n\t\t\t\t\t\t\t\t<\/div>\n\t\t\t\t\t<\/div>\n\t\t<\/section>\n\t\t\t\t<section class=\"elementor-section elementor-top-section elementor-element elementor-element-a21c52e elementor-section-boxed elementor-section-height-default elementor-section-height-default\" data-id=\"a21c52e\" data-element_type=\"section\" id=\"abutment\" data-settings=\"{&quot;background_background&quot;:&quot;classic&quot;}\">\n\t\t\t\t\t\t<div class=\"elementor-container elementor-column-gap-default\">\n\t\t\t\t\t\t\t<div class=\"elementor-row\">\n\t\t\t\t\t<div class=\"aux-parallax-section elementor-column elementor-col-50 elementor-top-column elementor-element elementor-element-3fa132e6\" data-id=\"3fa132e6\" data-element_type=\"column\">\n\t\t\t<div class=\"elementor-column-wrap elementor-element-populated\">\n\t\t\t\t\t\t\t<div class=\"elementor-widget-wrap\">\n\t\t\t\t\t\t<div class=\"elementor-element elementor-element-53942660 elementor-widget elementor-widget-text-editor\" data-id=\"53942660\" data-element_type=\"widget\" data-widget_type=\"text-editor.default\">\n\t\t\t\t<div class=\"elementor-widget-container\">\n\t\t\t\t\t\t\t\t<div class=\"elementor-text-editor elementor-clearfix\">\n\t\t\t\t<p>Los implantes funcionan como ra\u00edces dentales artificiales colocadas en el hueso maxilar. Sin embargo, el \u00e9xito de los implantes no se limita al hueso; los tejidos blandos circundantes tambi\u00e9n son de gran importancia. He aqu\u00ed algunas razones por las que los tejidos blandos alrededor del implante son importantes:<\/p><p>Est\u00e9tica: Unos tejidos blandos sanos y est\u00e9ticos hacen que el implante tenga un aspecto similar al de los dientes naturales. Son importantes para una sonrisa est\u00e9tica.<br \/>Armon\u00eda funcional: Los tejidos blandos permiten que el implante trabaje en armon\u00eda con otros dientes y enc\u00edas. Esto favorece la correcta realizaci\u00f3n de funciones b\u00e1sicas como hablar y comer.<br \/>Estabilidad del implante: Unos tejidos blandos sanos ayudan a que el implante se integre de forma estable y fiable en el hueso maxilar.<br \/>Prevenci\u00f3n de infecciones: La salud de los tejidos blandos puede reducir el riesgo de infecci\u00f3n alrededor del implante. Las infecciones pueden afectar negativamente al \u00e9xito del implante.<\/p>\t\t\t\t\t<\/div>\n\t\t\t\t\t\t<\/div>\n\t\t\t\t<\/div>\n\t\t\t\t\t\t<\/div>\n\t\t\t\t\t<\/div>\n\t\t<\/div>\n\t\t\t\t<div class=\"aux-parallax-section elementor-column elementor-col-50 elementor-top-column elementor-element elementor-element-1689a74c header1\" data-id=\"1689a74c\" data-element_type=\"column\">\n\t\t\t<div class=\"elementor-column-wrap elementor-element-populated\">\n\t\t\t\t\t\t\t<div class=\"elementor-widget-wrap\">\n\t\t\t\t\t\t<div class=\"elementor-element elementor-element-3ebd2615 elementor-widget elementor-widget-image\" data-id=\"3ebd2615\" data-element_type=\"widget\" data-widget_type=\"image.default\">\n\t\t\t\t<div class=\"elementor-widget-container\">\n\t\t\t\t\t\t\t\t<div class=\"elementor-image\">\n\t\t\t\t\t\t\t\t\t\t\t\t<img decoding=\"async\" width=\"800\" height=\"533\" src=\"https:\/\/avrupaubkdental.com\/wp-content\/uploads\/2023\/09\/3425.png\" class=\"attachment-full size-full wp-image-2003\" alt=\"\" srcset=\"https:\/\/avrupaubkdental.com\/wp-content\/uploads\/2023\/09\/3425.png 800w, https:\/\/avrupaubkdental.com\/wp-content\/uploads\/2023\/09\/3425-200x133.png 200w\" sizes=\"(max-width: 800px) 100vw, 800px\" \/>\t\t\t\t\t\t\t\t\t\t\t\t\t\t<\/div>\n\t\t\t\t\t\t<\/div>\n\t\t\t\t<\/div>\n\t\t\t\t\t\t<\/div>\n\t\t\t\t\t<\/div>\n\t\t<\/div>\n\t\t\t\t\t\t\t\t<\/div>\n\t\t\t\t\t<\/div>\n\t\t<\/section>\n\t\t\t\t<section class=\"elementor-section elementor-top-section elementor-element elementor-element-60c3b28 elementor-section-full_width elementor-section-height-default elementor-section-height-default\" data-id=\"60c3b28\" data-element_type=\"section\" id=\"tur\" data-settings=\"{&quot;background_background&quot;:&quot;classic&quot;}\">\n\t\t\t\t\t\t<div class=\"elementor-container elementor-column-gap-default\">\n\t\t\t\t\t\t\t<div class=\"elementor-row\">\n\t\t\t\t\t<div class=\"aux-parallax-section elementor-column elementor-col-50 elementor-top-column elementor-element elementor-element-4e8382f2\" data-id=\"4e8382f2\" data-element_type=\"column\">\n\t\t\t<div class=\"elementor-column-wrap elementor-element-populated\">\n\t\t\t\t\t\t\t<div class=\"elementor-widget-wrap\">\n\t\t\t\t\t\t<div class=\"elementor-element elementor-element-6a041032 elementor-widget elementor-widget-text-editor\" data-id=\"6a041032\" data-element_type=\"widget\" data-widget_type=\"text-editor.default\">\n\t\t\t\t<div class=\"elementor-widget-container\">\n\t\t\t\t\t\t\t\t<div class=\"elementor-text-editor elementor-clearfix\">\n\t\t\t\t<p>Higiene bucal: Una buena higiene bucal ayuda a prevenir las infecciones de las enc\u00edas y los problemas de los tejidos blandos. El cepillado de los dientes, el uso de hilo dental y las visitas regulares al dentista son importantes en este sentido.<br \/>Tabaquismo: Fumar puede afectar negativamente a la circulaci\u00f3n sangu\u00ednea de los tejidos blandos alrededor del implante y ralentizar el proceso de cicatrizaci\u00f3n.<br \/>Estado de salud sist\u00e9mico: Algunos problemas de salud sist\u00e9micos pueden afectar a los tejidos blandos alrededor del implante. Enfermedades cr\u00f3nicas como la diabetes pueden complicar el proceso de cicatrizaci\u00f3n.<br \/>Enfermedades de las enc\u00edas: Las enfermedades de las enc\u00edas pueden afectar a los tejidos blandos alrededor de los implantes. La gingivitis puede aumentar el riesgo de infecciones de los implantes.<\/p>\t\t\t\t\t<\/div>\n\t\t\t\t\t\t<\/div>\n\t\t\t\t<\/div>\n\t\t\t\t\t\t<\/div>\n\t\t\t\t\t<\/div>\n\t\t<\/div>\n\t\t\t\t<div class=\"aux-parallax-section elementor-column elementor-col-50 elementor-top-column elementor-element elementor-element-67be1fa9\" data-id=\"67be1fa9\" data-element_type=\"column\">\n\t\t\t<div class=\"elementor-column-wrap elementor-element-populated\">\n\t\t\t\t\t\t\t<div class=\"elementor-widget-wrap\">\n\t\t\t\t\t\t<div class=\"elementor-element elementor-element-4ddfea62 elementor-widget elementor-widget-text-editor\" data-id=\"4ddfea62\" data-element_type=\"widget\" data-widget_type=\"text-editor.default\">\n\t\t\t\t<div class=\"elementor-widget-container\">\n\t\t\t\t\t\t\t\t<div class=\"elementor-text-editor elementor-clearfix\">\n\t\t\t\t<p>Higiene bucal: El cepillado, el hilo dental y los colutorios son importantes para mantener la higiene bucal.<br \/>Revisiones peri\u00f3dicas al dentista: Si se somete a revisiones peri\u00f3dicas con su dentista, podr\u00e1 controlar la salud de los tejidos blandos alrededor del implante e intervenir a tiempo.<br \/>Tabaquismo y consumo de alcohol: Evite fumar y consumir alcohol en exceso si es posible, ya que estos h\u00e1bitos pueden afectar negativamente a la salud del implante.<br \/>Dieta sana: Una dieta sana puede favorecer el proceso de cicatrizaci\u00f3n de los tejidos blandos alrededor del implante.<\/p>\t\t\t\t\t<\/div>\n\t\t\t\t\t\t<\/div>\n\t\t\t\t<\/div>\n\t\t\t\t\t\t<\/div>\n\t\t\t\t\t<\/div>\n\t\t<\/div>\n\t\t\t\t\t\t\t\t<\/div>\n\t\t\t\t\t<\/div>\n\t\t<\/section>\n\t\t\t\t\t\t\t\t\t<\/div>\n\t\t\t<\/div>\n\t\t\t\t\t<\/div>\n\t\t","protected":false},"excerpt":{"rendered":"<p>Tejidos blandos alrededor del implante Los implantes funcionan como ra\u00edces dentales artificiales colocadas en el hueso maxilar. Sin embargo, el \u00e9xito de los implantes no se limita al hueso; los tejidos blandos circundantes tambi\u00e9n son de gran importancia. He aqu\u00ed algunas razones por las que los tejidos blandos alrededor del implante son importantes: Est\u00e9tica: Unos [&hellip;]<\/p>\n","protected":false},"author":1,"featured_media":0,"parent":0,"menu_order":0,"comment_status":"closed","ping_status":"closed","template":"elementor_header_footer","meta":{"_joinchat":[],"footnotes":""},"class_list":["post-2706","page","type-page","status-publish","hentry"],"yoast_head":"<!-- This site is optimized with the Yoast SEO plugin v27.4 - https:\/\/yoast.com\/product\/yoast-seo-wordpress\/ -->\n<title>Tejidos blandos alrededor del implante - Avrupa UBK Dental Bayrampa\u015fa<\/title>\n<meta name=\"robots\" content=\"index, follow, max-snippet:-1, max-image-preview:large, max-video-preview:-1\" \/>\n<link rel=\"canonical\" href=\"https:\/\/avrupaubkdental.com\/es\/tejidos-blandos-alrededor-del-implante\/\" \/>\n<meta property=\"og:locale\" content=\"es_ES\" \/>\n<meta property=\"og:type\" content=\"article\" \/>\n<meta property=\"og:title\" content=\"Tejidos blandos alrededor del implante - Avrupa UBK Dental Bayrampa\u015fa\" \/>\n<meta property=\"og:description\" content=\"Tejidos blandos alrededor del implante Los implantes funcionan como ra\u00edces dentales artificiales colocadas en el hueso maxilar. Sin embargo, el \u00e9xito de los implantes no se limita al hueso; los tejidos blandos circundantes tambi\u00e9n son de gran importancia. He aqu\u00ed algunas razones por las que los tejidos blandos alrededor del implante son importantes: Est\u00e9tica: Unos [&hellip;]\" \/>\n<meta property=\"og:url\" content=\"https:\/\/avrupaubkdental.com\/es\/tejidos-blandos-alrededor-del-implante\/\" \/>\n<meta property=\"og:site_name\" content=\"Avrupa UBK Dental Bayrampa\u015fa\" \/>\n<meta property=\"article:modified_time\" content=\"2023-10-12T17:50:53+00:00\" \/>\n<meta property=\"og:image\" content=\"http:\/\/avrupaubkdental.com\/wp-content\/uploads\/2023\/09\/disciler.png\" \/>\n<meta name=\"twitter:card\" content=\"summary_large_image\" \/>\n<meta name=\"twitter:label1\" content=\"Tiempo de lectura\" \/>\n\t<meta name=\"twitter:data1\" content=\"2 minutos\" \/>\n<script type=\"application\/ld+json\" class=\"yoast-schema-graph\">{\"@context\":\"https:\\\/\\\/schema.org\",\"@graph\":[{\"@type\":\"WebPage\",\"@id\":\"https:\\\/\\\/avrupaubkdental.com\\\/es\\\/tejidos-blandos-alrededor-del-implante\\\/\",\"url\":\"https:\\\/\\\/avrupaubkdental.com\\\/es\\\/tejidos-blandos-alrededor-del-implante\\\/\",\"name\":\"Tejidos blandos alrededor del implante - Avrupa UBK Dental Bayrampa\u015fa\",\"isPartOf\":{\"@id\":\"https:\\\/\\\/avrupaubkdental.com\\\/es\\\/#website\"},\"primaryImageOfPage\":{\"@id\":\"https:\\\/\\\/avrupaubkdental.com\\\/es\\\/tejidos-blandos-alrededor-del-implante\\\/#primaryimage\"},\"image\":{\"@id\":\"https:\\\/\\\/avrupaubkdental.com\\\/es\\\/tejidos-blandos-alrededor-del-implante\\\/#primaryimage\"},\"thumbnailUrl\":\"http:\\\/\\\/avrupaubkdental.com\\\/wp-content\\\/uploads\\\/2023\\\/09\\\/disciler.png\",\"datePublished\":\"2023-10-12T17:49:46+00:00\",\"dateModified\":\"2023-10-12T17:50:53+00:00\",\"breadcrumb\":{\"@id\":\"https:\\\/\\\/avrupaubkdental.com\\\/es\\\/tejidos-blandos-alrededor-del-implante\\\/#breadcrumb\"},\"inLanguage\":\"es\",\"potentialAction\":[{\"@type\":\"ReadAction\",\"target\":[\"https:\\\/\\\/avrupaubkdental.com\\\/es\\\/tejidos-blandos-alrededor-del-implante\\\/\"]}]},{\"@type\":\"ImageObject\",\"inLanguage\":\"es\",\"@id\":\"https:\\\/\\\/avrupaubkdental.com\\\/es\\\/tejidos-blandos-alrededor-del-implante\\\/#primaryimage\",\"url\":\"http:\\\/\\\/avrupaubkdental.com\\\/wp-content\\\/uploads\\\/2023\\\/09\\\/disciler.png\",\"contentUrl\":\"http:\\\/\\\/avrupaubkdental.com\\\/wp-content\\\/uploads\\\/2023\\\/09\\\/disciler.png\"},{\"@type\":\"BreadcrumbList\",\"@id\":\"https:\\\/\\\/avrupaubkdental.com\\\/es\\\/tejidos-blandos-alrededor-del-implante\\\/#breadcrumb\",\"itemListElement\":[{\"@type\":\"ListItem\",\"position\":1,\"name\":\"Home\",\"item\":\"https:\\\/\\\/avrupaubkdental.com\\\/es\\\/\"},{\"@type\":\"ListItem\",\"position\":2,\"name\":\"Tejidos blandos alrededor del implante\"}]},{\"@type\":\"WebSite\",\"@id\":\"https:\\\/\\\/avrupaubkdental.com\\\/es\\\/#website\",\"url\":\"https:\\\/\\\/avrupaubkdental.com\\\/es\\\/\",\"name\":\"Avrupa UBK Dental\",\"description\":\"\",\"publisher\":{\"@id\":\"https:\\\/\\\/avrupaubkdental.com\\\/es\\\/#organization\"},\"potentialAction\":[{\"@type\":\"SearchAction\",\"target\":{\"@type\":\"EntryPoint\",\"urlTemplate\":\"https:\\\/\\\/avrupaubkdental.com\\\/es\\\/?s={search_term_string}\"},\"query-input\":{\"@type\":\"PropertyValueSpecification\",\"valueRequired\":true,\"valueName\":\"search_term_string\"}}],\"inLanguage\":\"es\"},{\"@type\":\"Organization\",\"@id\":\"https:\\\/\\\/avrupaubkdental.com\\\/es\\\/#organization\",\"name\":\"Avrupa UBK Dental\",\"url\":\"https:\\\/\\\/avrupaubkdental.com\\\/es\\\/\",\"logo\":{\"@type\":\"ImageObject\",\"inLanguage\":\"es\",\"@id\":\"https:\\\/\\\/avrupaubkdental.com\\\/es\\\/#\\\/schema\\\/logo\\\/image\\\/\",\"url\":\"https:\\\/\\\/avrupaubkdental.com\\\/wp-content\\\/uploads\\\/2023\\\/09\\\/cropped-AVR.-DIK-DUZ-SATIR-PNG.png\",\"contentUrl\":\"https:\\\/\\\/avrupaubkdental.com\\\/wp-content\\\/uploads\\\/2023\\\/09\\\/cropped-AVR.-DIK-DUZ-SATIR-PNG.png\",\"width\":150,\"height\":150,\"caption\":\"Avrupa UBK Dental\"},\"image\":{\"@id\":\"https:\\\/\\\/avrupaubkdental.com\\\/es\\\/#\\\/schema\\\/logo\\\/image\\\/\"},\"sameAs\":[\"https:\\\/\\\/www.instagram.com\\\/avrupaubkdental\\\/\"]}]}<\/script>\n<!-- \/ Yoast SEO plugin. -->","yoast_head_json":{"title":"Tejidos blandos alrededor del implante - Avrupa UBK Dental Bayrampa\u015fa","robots":{"index":"index","follow":"follow","max-snippet":"max-snippet:-1","max-image-preview":"max-image-preview:large","max-video-preview":"max-video-preview:-1"},"canonical":"https:\/\/avrupaubkdental.com\/es\/tejidos-blandos-alrededor-del-implante\/","og_locale":"es_ES","og_type":"article","og_title":"Tejidos blandos alrededor del implante - Avrupa UBK Dental Bayrampa\u015fa","og_description":"Tejidos blandos alrededor del implante Los implantes funcionan como ra\u00edces dentales artificiales colocadas en el hueso maxilar. Sin embargo, el \u00e9xito de los implantes no se limita al hueso; los tejidos blandos circundantes tambi\u00e9n son de gran importancia. He aqu\u00ed algunas razones por las que los tejidos blandos alrededor del implante son importantes: Est\u00e9tica: Unos [&hellip;]","og_url":"https:\/\/avrupaubkdental.com\/es\/tejidos-blandos-alrededor-del-implante\/","og_site_name":"Avrupa UBK Dental Bayrampa\u015fa","article_modified_time":"2023-10-12T17:50:53+00:00","og_image":[{"url":"http:\/\/avrupaubkdental.com\/wp-content\/uploads\/2023\/09\/disciler.png","type":"","width":"","height":""}],"twitter_card":"summary_large_image","twitter_misc":{"Tiempo de lectura":"2 minutos"},"schema":{"@context":"https:\/\/schema.org","@graph":[{"@type":"WebPage","@id":"https:\/\/avrupaubkdental.com\/es\/tejidos-blandos-alrededor-del-implante\/","url":"https:\/\/avrupaubkdental.com\/es\/tejidos-blandos-alrededor-del-implante\/","name":"Tejidos blandos alrededor del implante - Avrupa UBK Dental Bayrampa\u015fa","isPartOf":{"@id":"https:\/\/avrupaubkdental.com\/es\/#website"},"primaryImageOfPage":{"@id":"https:\/\/avrupaubkdental.com\/es\/tejidos-blandos-alrededor-del-implante\/#primaryimage"},"image":{"@id":"https:\/\/avrupaubkdental.com\/es\/tejidos-blandos-alrededor-del-implante\/#primaryimage"},"thumbnailUrl":"http:\/\/avrupaubkdental.com\/wp-content\/uploads\/2023\/09\/disciler.png","datePublished":"2023-10-12T17:49:46+00:00","dateModified":"2023-10-12T17:50:53+00:00","breadcrumb":{"@id":"https:\/\/avrupaubkdental.com\/es\/tejidos-blandos-alrededor-del-implante\/#breadcrumb"},"inLanguage":"es","potentialAction":[{"@type":"ReadAction","target":["https:\/\/avrupaubkdental.com\/es\/tejidos-blandos-alrededor-del-implante\/"]}]},{"@type":"ImageObject","inLanguage":"es","@id":"https:\/\/avrupaubkdental.com\/es\/tejidos-blandos-alrededor-del-implante\/#primaryimage","url":"http:\/\/avrupaubkdental.com\/wp-content\/uploads\/2023\/09\/disciler.png","contentUrl":"http:\/\/avrupaubkdental.com\/wp-content\/uploads\/2023\/09\/disciler.png"},{"@type":"BreadcrumbList","@id":"https:\/\/avrupaubkdental.com\/es\/tejidos-blandos-alrededor-del-implante\/#breadcrumb","itemListElement":[{"@type":"ListItem","position":1,"name":"Home","item":"https:\/\/avrupaubkdental.com\/es\/"},{"@type":"ListItem","position":2,"name":"Tejidos blandos alrededor del implante"}]},{"@type":"WebSite","@id":"https:\/\/avrupaubkdental.com\/es\/#website","url":"https:\/\/avrupaubkdental.com\/es\/","name":"Avrupa UBK Dental","description":"","publisher":{"@id":"https:\/\/avrupaubkdental.com\/es\/#organization"},"potentialAction":[{"@type":"SearchAction","target":{"@type":"EntryPoint","urlTemplate":"https:\/\/avrupaubkdental.com\/es\/?s={search_term_string}"},"query-input":{"@type":"PropertyValueSpecification","valueRequired":true,"valueName":"search_term_string"}}],"inLanguage":"es"},{"@type":"Organization","@id":"https:\/\/avrupaubkdental.com\/es\/#organization","name":"Avrupa UBK Dental","url":"https:\/\/avrupaubkdental.com\/es\/","logo":{"@type":"ImageObject","inLanguage":"es","@id":"https:\/\/avrupaubkdental.com\/es\/#\/schema\/logo\/image\/","url":"https:\/\/avrupaubkdental.com\/wp-content\/uploads\/2023\/09\/cropped-AVR.-DIK-DUZ-SATIR-PNG.png","contentUrl":"https:\/\/avrupaubkdental.com\/wp-content\/uploads\/2023\/09\/cropped-AVR.-DIK-DUZ-SATIR-PNG.png","width":150,"height":150,"caption":"Avrupa UBK Dental"},"image":{"@id":"https:\/\/avrupaubkdental.com\/es\/#\/schema\/logo\/image\/"},"sameAs":["https:\/\/www.instagram.com\/avrupaubkdental\/"]}]}},"_links":{"self":[{"href":"https:\/\/avrupaubkdental.com\/es\/wp-json\/wp\/v2\/pages\/2706","targetHints":{"allow":["GET"]}}],"collection":[{"href":"https:\/\/avrupaubkdental.com\/es\/wp-json\/wp\/v2\/pages"}],"about":[{"href":"https:\/\/avrupaubkdental.com\/es\/wp-json\/wp\/v2\/types\/page"}],"author":[{"embeddable":true,"href":"https:\/\/avrupaubkdental.com\/es\/wp-json\/wp\/v2\/users\/1"}],"replies":[{"embeddable":true,"href":"https:\/\/avrupaubkdental.com\/es\/wp-json\/wp\/v2\/comments?post=2706"}],"version-history":[{"count":5,"href":"https:\/\/avrupaubkdental.com\/es\/wp-json\/wp\/v2\/pages\/2706\/revisions"}],"predecessor-version":[{"id":2711,"href":"https:\/\/avrupaubkdental.com\/es\/wp-json\/wp\/v2\/pages\/2706\/revisions\/2711"}],"wp:attachment":[{"href":"https:\/\/avrupaubkdental.com\/es\/wp-json\/wp\/v2\/media?parent=2706"}],"curies":[{"name":"wp","href":"https:\/\/api.w.org\/{rel}","templated":true}]}}